{"id":1064,"date":"2020-11-13T16:00:25","date_gmt":"2020-11-13T21:00:25","guid":{"rendered":"https:\/\/stareyesmusiceducation.com\/home-01-fr\/"},"modified":"2021-03-11T10:10:26","modified_gmt":"2021-03-11T15:10:26","slug":"home-01-fr","status":"publish","type":"page","link":"https:\/\/stareyesmusiceducation.com\/fr\/","title":{"rendered":"Home-01-FR"},"content":{"rendered":"<p>[et_pb_section fb_built=\u00a0\u00bb1&Prime; _builder_version=\u00a0\u00bb4.6.5&Prime; _module_preset=\u00a0\u00bbdefault\u00a0\u00bb background_image=\u00a0\u00bbhttps:\/\/stareyesmusiceducation.com\/wp-content\/uploads\/2020\/10\/cielback.png\u00a0\u00bb custom_padding=\u00a0\u00bb||963px|||\u00a0\u00bb][et_pb_row column_structure=\u00a0\u00bb1_3,1_3,1_3&Prime; _builder_version=\u00a0\u00bb4.7.0&Prime; _module_preset=\u00a0\u00bbdefault\u00a0\u00bb][et_pb_column type=\u00a0\u00bb1_3&Prime; _builder_version=\u00a0\u00bb4.7.0&Prime; _module_preset=\u00a0\u00bbdefault\u00a0\u00bb][et_pb_blurb title=\u00a0\u00bbCOLLECTION MUSIQUE ET MOUVEMENT LIBRAIRE AUDIO\u00a0\u00bb url=\u00a0\u00bbhttps:\/\/stareyesmusiceducation.com\/fr\/librairie\/\u00a0\u00bb image=\u00a0\u00bbhttps:\/\/stareyesmusiceducation.com\/wp-content\/uploads\/2020\/12\/Laibrairie-Audio.jpg\u00a0\u00bb _builder_version=\u00a0\u00bb4.9.1&Prime; _module_preset=\u00a0\u00bbdefault\u00a0\u00bb background_layout=\u00a0\u00bbdark\u00a0\u00bb animation_style=\u00a0\u00bbfade\u00a0\u00bb link_option_url=\u00a0\u00bbhttps:\/\/stareyesmusiceducation.com\/fr\/librairie\/\u00a0\u00bb hover_enabled=\u00a0\u00bb0&Prime; sticky_enabled=\u00a0\u00bb0&Prime;]<\/p>\n<p class=\"p1\">La Librairie Audio est une collection d&rsquo;improvisations au piano centr\u00e9es sur divers \u00e9l\u00e9ments qui constituent le langage musical.<\/p>\n<p>[\/et_pb_blurb][\/et_pb_column][et_pb_column type=\u00a0\u00bb1_3&Prime; _builder_version=\u00a0\u00bb4.9.0&Prime; _module_preset=\u00a0\u00bbdefault\u00a0\u00bb][et_pb_blurb title=\u00a0\u00bbRENDEZ-VOUS P\u00c9DAGOGIQUES EN LIGNE\u00a0\u00bb url=\u00a0\u00bbhttps:\/\/stareyesmusiceducation.com\/fr\/pedagogical-meetings-on-zoom\/\u00a0\u00bb image=\u00a0\u00bbhttps:\/\/stareyesmusiceducation.com\/wp-content\/uploads\/2020\/11\/Meeting.jpg\u00a0\u00bb _builder_version=\u00a0\u00bb4.9.1&Prime; _module_preset=\u00a0\u00bbdefault\u00a0\u00bb background_layout=\u00a0\u00bbdark\u00a0\u00bb animation_style=\u00a0\u00bbfade\u00a0\u00bb hover_enabled=\u00a0\u00bb0&Prime; sticky_enabled=\u00a0\u00bb0&Prime;]<\/p>\n<p class=\"p1\">Les rencontres p\u00e9dagogiques en ligne sont pr\u00e9vues pour accompagner l&rsquo;utilisation de chaque volume de la Libraire Audio \u00abmusique et mouvement\u00bb.<\/p>\n<p>[\/et_pb_blurb][\/et_pb_column][et_pb_column type=\u00a0\u00bb1_3&Prime; _builder_version=\u00a0\u00bb4.9.0&Prime; _module_preset=\u00a0\u00bbdefault\u00a0\u00bb][et_pb_blurb title=\u00a0\u00bbBLUE\u00a0\u00bb url=\u00a0\u00bbhttps:\/\/stareyesmusiceducation.com\/fr\/produit\/bleu\/\u00a0\u00bb image=\u00a0\u00bbhttps:\/\/stareyesmusiceducation.com\/wp-content\/uploads\/2020\/12\/blue1.jpg\u00a0\u00bb _builder_version=\u00a0\u00bb4.7.7&Prime; _module_preset=\u00a0\u00bbdefault\u00a0\u00bb background_layout=\u00a0\u00bbdark\u00a0\u00bb link_option_url=\u00a0\u00bbhttps:\/\/stareyesmusiceducation.com\/fr\/produit\/bleu\/\u00a0\u00bb]<\/p>\n<p>Rencontre improvis\u00e9e entre une artiste et son instrument<\/p>\n<p>[\/et_pb_blurb][\/et_pb_column][\/et_pb_row][et_pb_row column_structure=\u00a0\u00bb1_3,1_3,1_3&Prime; _builder_version=\u00a0\u00bb4.7.0&Prime; _module_preset=\u00a0\u00bbdefault\u00a0\u00bb][et_pb_column type=\u00a0\u00bb1_3&Prime; _builder_version=\u00a0\u00bb4.7.0&Prime; _module_preset=\u00a0\u00bbdefault\u00a0\u00bb][et_pb_blurb title=\u00a0\u00bb\u00abMOUTSI ET MOI\u00bb\u00a0\u00bb url=\u00a0\u00bbhttps:\/\/stareyesmusiceducation.com\/fr\/moutsi-et-moi\/\u00a0\u00bb image=\u00a0\u00bbhttps:\/\/stareyesmusiceducation.com\/wp-content\/uploads\/2021\/02\/Moutsi-et-moi-.png\u00a0\u00bb _builder_version=\u00a0\u00bb4.9.0&Prime; _module_preset=\u00a0\u00bbdefault\u00a0\u00bb background_layout=\u00a0\u00bbdark\u00a0\u00bb link_option_url=\u00a0\u00bbhttps:\/\/stareyesmusiceducation.com\/fr\/moutsi-et-moi\/\u00a0\u00bb locked=\u00a0\u00bboff\u00a0\u00bb]<\/p>\n<p class=\"p1\">Livret musical de Fran\u00e7oise Lombard <br \/>et Michel Comeau, illustr\u00e9 par \u00c9ric Warin<br \/> \u00abMoutsi et moi\u00bb parle \u00e0 l&rsquo;enfant, chante avec lui, \u00e9veille son sens musical et son imagination et donne des id\u00e9es d&rsquo;accompagnement \u00e0 sa famille.<\/p>\n<p>[\/et_pb_blurb][\/et_pb_column][et_pb_column type=\u00a0\u00bb1_3&Prime; _builder_version=\u00a0\u00bb4.9.0&Prime; _module_preset=\u00a0\u00bbdefault\u00a0\u00bb][et_pb_blurb title=\u00a0\u00bb%22RESONANCE%22 VOIX OST\u00c9OPHONIQUES\u00a0\u00bb url=\u00a0\u00bbhttps:\/\/stareyesmusiceducation.com\/fr\/resonance\/\u00a0\u00bb image=\u00a0\u00bbhttps:\/\/stareyesmusiceducation.com\/wp-content\/uploads\/2020\/11\/resonance2.jpg\u00a0\u00bb _builder_version=\u00a0\u00bb4.7.7&Prime; _module_preset=\u00a0\u00bbdefault\u00a0\u00bb background_layout=\u00a0\u00bbdark\u00a0\u00bb locked=\u00a0\u00bboff\u00a0\u00bb]<\/p>\n<p class=\"p1\">Musique chorale sans paroles. Les voix ost\u00e9ophoniques touchent, parce qu&rsquo;elles vibrent et r\u00e9sonnent dans tout le corps. Elles p\u00e9n\u00e8trent l&rsquo;imaginaire et le coeur et apportent un calme int\u00e9rieur: une musique de l&rsquo;\u00e2me.<\/p>\n<p>[\/et_pb_blurb][\/et_pb_column][et_pb_column type=\u00a0\u00bb1_3&Prime; _builder_version=\u00a0\u00bb4.9.0&Prime; _module_preset=\u00a0\u00bbdefault\u00a0\u00bb][et_pb_blurb title=\u00a0\u00bbBERCEUSES\u00a0\u00bb url=\u00a0\u00bbhttps:\/\/stareyesmusiceducation.com\/fr\/berceuses\/\u00a0\u00bb image=\u00a0\u00bbhttps:\/\/stareyesmusiceducation.com\/wp-content\/uploads\/2020\/11\/Berceuse2.jpg\u00a0\u00bb _builder_version=\u00a0\u00bb4.7.7&Prime; _module_preset=\u00a0\u00bbdefault\u00a0\u00bb background_layout=\u00a0\u00bbdark\u00a0\u00bb link_option_url=\u00a0\u00bbhttps:\/\/stareyesmusiceducation.com\/fr\/berceuses\/\u00a0\u00bb]<\/p>\n<p class=\"p1\">Berceuses originales pour deux voix et piano.<br \/>D\u00e8s la naissance et jusqu&rsquo;\u00e0 110 ans.<\/p>\n<p>[\/et_pb_blurb][\/et_pb_column][\/et_pb_row][et_pb_row _builder_version=\u00a0\u00bb4.7.0&Prime; _module_preset=\u00a0\u00bbdefault\u00a0\u00bb][et_pb_column type=\u00a0\u00bb4_4&Prime; _builder_version=\u00a0\u00bb4.7.0&Prime; _module_preset=\u00a0\u00bbdefault\u00a0\u00bb][et_pb_social_media_follow _builder_version=\u00a0\u00bb4.7.0&Prime; _module_preset=\u00a0\u00bbdefault\u00a0\u00bb text_orientation=\u00a0\u00bbcenter\u00a0\u00bb][et_pb_social_media_follow_network social_network=\u00a0\u00bbfacebook\u00a0\u00bb url=\u00a0\u00bbhttps:\/\/www.facebook.com\/francoise.lombard.music.education\u00a0\u00bb _builder_version=\u00a0\u00bb4.7.0&Prime; _module_preset=\u00a0\u00bbdefault\u00a0\u00bb background_color=\u00a0\u00bb#3b5998&Prime; follow_button=\u00a0\u00bboff\u00a0\u00bb url_new_window=\u00a0\u00bbon\u00a0\u00bb]facebook[\/et_pb_social_media_follow_network][\/et_pb_social_media_follow][\/et_pb_column][\/et_pb_row][\/et_pb_section]<\/p>\n","protected":false},"excerpt":{"rendered":"<p>La Librairie Audio est une collection d&rsquo;improvisations au piano centr\u00e9es sur divers \u00e9l\u00e9ments qui constituent le langage musical.Les rencontres p\u00e9dagogiques en ligne sont pr\u00e9vues pour accompagner l&rsquo;utilisation de chaque volume de la Libraire Audio \u00abmusique et mouvement\u00bb.Rencontre improvis\u00e9e entre une artiste et son instrumentLivret musical de Fran\u00e7oise Lombard et Michel Comeau, illustr\u00e9 par \u00c9ric Warin [&hellip;]<\/p>\n","protected":false},"author":1,"featured_media":0,"parent":0,"menu_order":0,"comment_status":"closed","ping_status":"closed","template":"","meta":{"_et_pb_use_builder":"on","_et_pb_old_content":"","_et_gb_content_width":"","footnotes":""},"class_list":["post-1064","page","type-page","status-publish","hentry"],"_links":{"self":[{"href":"https:\/\/stareyesmusiceducation.com\/fr\/wp-json\/wp\/v2\/pages\/1064","targetHints":{"allow":["GET"]}}],"collection":[{"href":"https:\/\/stareyesmusiceducation.com\/fr\/wp-json\/wp\/v2\/pages"}],"about":[{"href":"https:\/\/stareyesmusiceducation.com\/fr\/wp-json\/wp\/v2\/types\/page"}],"author":[{"embeddable":true,"href":"https:\/\/stareyesmusiceducation.com\/fr\/wp-json\/wp\/v2\/users\/1"}],"replies":[{"embeddable":true,"href":"https:\/\/stareyesmusiceducation.com\/fr\/wp-json\/wp\/v2\/comments?post=1064"}],"version-history":[{"count":29,"href":"https:\/\/stareyesmusiceducation.com\/fr\/wp-json\/wp\/v2\/pages\/1064\/revisions"}],"predecessor-version":[{"id":2388,"href":"https:\/\/stareyesmusiceducation.com\/fr\/wp-json\/wp\/v2\/pages\/1064\/revisions\/2388"}],"wp:attachment":[{"href":"https:\/\/stareyesmusiceducation.com\/fr\/wp-json\/wp\/v2\/media?parent=1064"}],"curies":[{"name":"wp","href":"https:\/\/api.w.org\/{rel}","templated":true}]}}