{"id":124,"date":"2020-10-07T12:34:23","date_gmt":"2020-10-07T12:34:23","guid":{"rendered":"https:\/\/stareyesmusiceducation.com\/welcome\/"},"modified":"2020-10-07T17:25:12","modified_gmt":"2020-10-07T17:25:12","slug":"welcome","status":"publish","type":"page","link":"https:\/\/stareyesmusiceducation.com\/fr\/welcome\/","title":{"rendered":"Bienvenu"},"content":{"rendered":"[et_pb_section fb_built=\u00a0\u00bb1&Prime; _builder_version=\u00a0\u00bb4.6.5&Prime; _module_preset=\u00a0\u00bbdefault\u00a0\u00bb background_image=\u00a0\u00bbhttps:\/\/stareyesmusiceducation.com\/wp-content\/uploads\/2020\/10\/cielback.png\u00a0\u00bb custom_padding=\u00a0\u00bb||963px|||\u00a0\u00bb hover_enabled=\u00a0\u00bb0&Prime; title_text=\u00a0\u00bbcielback\u00a0\u00bb sticky_enabled=\u00a0\u00bb0&Prime;][et_pb_row _builder_version=\u00a0\u00bb4.6.5&Prime; _module_preset=\u00a0\u00bbdefault\u00a0\u00bb][et_pb_column _builder_version=\u00a0\u00bb4.6.5&Prime; _module_preset=\u00a0\u00bbdefault\u00a0\u00bb type=\u00a0\u00bb4_4&Prime;][et_pb_text _builder_version=\u00a0\u00bb4.6.5&Prime; _module_preset=\u00a0\u00bbdefault\u00a0\u00bb text_text_color=\u00a0\u00bb#ffffff\u00a0\u00bb text_font=\u00a0\u00bbAbel||||||||\u00a0\u00bb text_font_size=\u00a0\u00bb20px\u00a0\u00bb hover_enabled=\u00a0\u00bb0&Prime; sticky_enabled=\u00a0\u00bb0&Prime;]<p>Stareyes a \u00e9t\u00e9 fond\u00e9 \u00e0 Montr\u00e9al en 1986<\/p>\n[\/et_pb_text][\/et_pb_column][\/et_pb_row][\/et_pb_section]","protected":false},"excerpt":{"rendered":"<p>Stareyes a \u00e9t\u00e9 fond\u00e9 \u00e0 Montr\u00e9al en 1986<\/p>\n","protected":false},"author":1,"featured_media":0,"parent":0,"menu_order":0,"comment_status":"closed","ping_status":"closed","template":"","meta":{"_et_pb_use_builder":"on","_et_pb_old_content":"","_et_gb_content_width":"","footnotes":""},"class_list":["post-124","page","type-page","status-publish","hentry"],"_links":{"self":[{"href":"https:\/\/stareyesmusiceducation.com\/fr\/wp-json\/wp\/v2\/pages\/124","targetHints":{"allow":["GET"]}}],"collection":[{"href":"https:\/\/stareyesmusiceducation.com\/fr\/wp-json\/wp\/v2\/pages"}],"about":[{"href":"https:\/\/stareyesmusiceducation.com\/fr\/wp-json\/wp\/v2\/types\/page"}],"author":[{"embeddable":true,"href":"https:\/\/stareyesmusiceducation.com\/fr\/wp-json\/wp\/v2\/users\/1"}],"replies":[{"embeddable":true,"href":"https:\/\/stareyesmusiceducation.com\/fr\/wp-json\/wp\/v2\/comments?post=124"}],"version-history":[{"count":3,"href":"https:\/\/stareyesmusiceducation.com\/fr\/wp-json\/wp\/v2\/pages\/124\/revisions"}],"predecessor-version":[{"id":129,"href":"https:\/\/stareyesmusiceducation.com\/fr\/wp-json\/wp\/v2\/pages\/124\/revisions\/129"}],"wp:attachment":[{"href":"https:\/\/stareyesmusiceducation.com\/fr\/wp-json\/wp\/v2\/media?parent=124"}],"curies":[{"name":"wp","href":"https:\/\/api.w.org\/{rel}","templated":true}]}}