{"id":1875,"date":"2020-12-23T13:45:30","date_gmt":"2020-12-23T18:45:30","guid":{"rendered":"https:\/\/stareyesmusiceducation.com\/berceuses\/"},"modified":"2020-12-29T16:25:29","modified_gmt":"2020-12-29T21:25:29","slug":"berceuses","status":"publish","type":"page","link":"https:\/\/stareyesmusiceducation.com\/fr\/berceuses\/","title":{"rendered":"Berceuses"},"content":{"rendered":"<p>[et_pb_section fb_built=\u00a0\u00bb1&Prime; next_background_color=\u00a0\u00bb#ffffff\u00a0\u00bb _builder_version=\u00a0\u00bb4.6.6&Prime; _module_preset=\u00a0\u00bbdefault\u00a0\u00bb background_image=\u00a0\u00bbhttps:\/\/stareyesmusiceducation.com\/wp-content\/uploads\/2020\/10\/cielback.png\u00a0\u00bb module_alignment=\u00a0\u00bbcenter\u00a0\u00bb height=\u00a0\u00bb3574px\u00a0\u00bb custom_margin=\u00a0\u00bb||969px|||\u00a0\u00bb custom_padding=\u00a0\u00bb||926px|||\u00a0\u00bb bottom_divider_style=\u00a0\u00bbwaves2&Prime;][et_pb_row column_structure=\u00a0\u00bb1_2,1_2&Prime; _builder_version=\u00a0\u00bb4.6.6&Prime; _module_preset=\u00a0\u00bbdefault\u00a0\u00bb max_width=\u00a0\u00bb1200px\u00a0\u00bb custom_padding=\u00a0\u00bb||9px|||\u00a0\u00bb][et_pb_column type=\u00a0\u00bb1_2&Prime; _builder_version=\u00a0\u00bb4.6.5&Prime; _module_preset=\u00a0\u00bbdefault\u00a0\u00bb][et_pb_text _builder_version=\u00a0\u00bb4.7.7&Prime; _module_preset=\u00a0\u00bbdefault\u00a0\u00bb custom_margin=\u00a0\u00bb-26px||15px|||\u00a0\u00bb]<\/p>\n<h1 class=\"et_pb_module_header\"><span style=\"color: #ffffff;\">BERCEUSES<\/span><\/h1>\n<p class=\"p1\"><span style=\"color: #ffffff;\">Berceuses originales pour deux voix et piano.<br \/><\/span><span style=\"color: #ffffff;\">D\u00e8s la naissance et jusqu&rsquo;\u00e0 110 ans.<\/span><\/p>\n<p>[\/et_pb_text][et_pb_image src=\u00a0\u00bbhttps:\/\/stareyesmusiceducation.com\/wp-content\/uploads\/2020\/11\/Berceuse2.jpg\u00a0\u00bb title_text=\u00a0\u00bbBerceuse2&Prime; _builder_version=\u00a0\u00bb4.7.7&Prime; _module_preset=\u00a0\u00bbdefault\u00a0\u00bb height=\u00a0\u00bb233px\u00a0\u00bb][\/et_pb_image][et_pb_text _builder_version=\u00a0\u00bb4.7.7&Prime; _module_preset=\u00a0\u00bbdefault\u00a0\u00bb]<\/p>\n<p class=\"p1\"><span style=\"color: #ffffff;\">Il y a des choses qui se font toutes seules, spontan\u00e9ment: tenir un enfant dans ses bras et chanter, par exemple. On lui chante toujours la m\u00eame m\u00e9lodie, et voil\u00e0 qu\u2019elle devient LA chanson qui l\u2019endort. Puis on en invente une autre, et encore une autre, pour varier selon l\u2019humeur du moment.<\/span><\/p>\n<p class=\"p1\"><span style=\"color: #ffffff;\">\u00abLes berceuses\u00bb sont n\u00e9es comme \u00e7a. Pour accompagner les petits enfants de m\u00e9lodies r\u00e9confortantes et apaisantes.Comme par magie, elles sont tout aussi appr\u00e9ci\u00e9es au cr\u00e9puscule de la vie. Il n\u2019y a pas d\u2019\u00e2ge pour offrir un cadeau de tendresse.<\/span><\/p>\n<p>[\/et_pb_text][et_pb_button button_url=\u00a0\u00bbhttps:\/\/stareyesmusiceducation.com\/fr\/produit\/berceuses\/\u00a0\u00bb button_text=\u00a0\u00bbAcheter Berceuses\u00a0\u00bb _builder_version=\u00a0\u00bb4.7.7&Prime; _module_preset=\u00a0\u00bbdefault\u00a0\u00bb background_layout=\u00a0\u00bbdark\u00a0\u00bb custom_margin=\u00a0\u00bb||17px|||\u00a0\u00bb][\/et_pb_button][\/et_pb_column][et_pb_column type=\u00a0\u00bb1_2&Prime; _builder_version=\u00a0\u00bb4.6.5&Prime; _module_preset=\u00a0\u00bbdefault\u00a0\u00bb][et_pb_code _builder_version=\u00a0\u00bb4.7.7&Prime; _module_preset=\u00a0\u00bbdefault\u00a0\u00bb]<iframe loading=\"lazy\" src=\"https:\/\/player.vimeo.com\/video\/494245604\" width=\"640\" height=\"536\" frameborder=\"0\" allow=\"autoplay; fullscreen\" allowfullscreen><\/iframe>[\/et_pb_code][\/et_pb_column][\/et_pb_row][et_pb_row column_structure=\u00a0\u00bb1_2,1_2&Prime; _builder_version=\u00a0\u00bb4.6.6&Prime; _module_preset=\u00a0\u00bbdefault\u00a0\u00bb width=\u00a0\u00bb100%\u00a0\u00bb max_width=\u00a0\u00bb1200px\u00a0\u00bb custom_padding=\u00a0\u00bb16px||0px|||\u00a0\u00bb][et_pb_column type=\u00a0\u00bb1_2&Prime; _builder_version=\u00a0\u00bb4.6.6&Prime; _module_preset=\u00a0\u00bbdefault\u00a0\u00bb][et_pb_audio audio=\u00a0\u00bbhttps:\/\/stareyesmusiceducation.com\/wp-content\/uploads\/2020\/12\/1.-Doudou.mp3&Prime; title=\u00a0\u00bb1. Doudou\u00a0\u00bb _builder_version=\u00a0\u00bb4.7.7&Prime; _module_preset=\u00a0\u00bbdefault\u00a0\u00bb title_text_color=\u00a0\u00bb#ffffff\u00a0\u00bb title_font_size=\u00a0\u00bb18px\u00a0\u00bb title_line_height=\u00a0\u00bb1em\u00a0\u00bb caption_line_height=\u00a0\u00bb1em\u00a0\u00bb background_color=\u00a0\u00bbrgba(0,0,0,0)\u00a0\u00bb background_enable_image=\u00a0\u00bboff\u00a0\u00bb text_orientation=\u00a0\u00bbleft\u00a0\u00bb width=\u00a0\u00bb100%\u00a0\u00bb max_width=\u00a0\u00bb100%\u00a0\u00bb module_alignment=\u00a0\u00bbleft\u00a0\u00bb min_height=\u00a0\u00bb100px\u00a0\u00bb height=\u00a0\u00bb100px\u00a0\u00bb max_height=\u00a0\u00bb100px\u00a0\u00bb custom_margin=\u00a0\u00bb0px||0px|0px|false|false\u00a0\u00bb custom_padding=\u00a0\u00bb0px||0px|0px|false|false\u00a0\u00bb animation_style=\u00a0\u00bbfade\u00a0\u00bb box_shadow_style=\u00a0\u00bbpreset3&Prime; locked=\u00a0\u00bboff\u00a0\u00bb width__hover_enabled=\u00a0\u00bbon|desktop\u00a0\u00bb][\/et_pb_audio][et_pb_audio audio=\u00a0\u00bbhttps:\/\/stareyesmusiceducation.com\/wp-content\/uploads\/2020\/12\/2.-Berceuse-de-Clara-snip.mp3&Prime; title=\u00a0\u00bb2. Berceuse de Clara\u00a0\u00bb _builder_version=\u00a0\u00bb4.7.7&Prime; _module_preset=\u00a0\u00bbdefault\u00a0\u00bb title_level=\u00a0\u00bbh3&Prime; title_text_color=\u00a0\u00bb#ffffff\u00a0\u00bb title_font_size=\u00a0\u00bb18px\u00a0\u00bb title_line_height=\u00a0\u00bb1em\u00a0\u00bb caption_line_height=\u00a0\u00bb1em\u00a0\u00bb background_color=\u00a0\u00bbrgba(0,0,0,0)\u00a0\u00bb background_enable_image=\u00a0\u00bboff\u00a0\u00bb text_orientation=\u00a0\u00bbleft\u00a0\u00bb width=\u00a0\u00bb100%\u00a0\u00bb max_width=\u00a0\u00bb100%\u00a0\u00bb module_alignment=\u00a0\u00bbleft\u00a0\u00bb min_height=\u00a0\u00bb100px\u00a0\u00bb height=\u00a0\u00bb100px\u00a0\u00bb max_height=\u00a0\u00bb100px\u00a0\u00bb custom_margin=\u00a0\u00bb0px||0px|0px|false|false\u00a0\u00bb custom_padding=\u00a0\u00bb0px||0px|0px|false|false\u00a0\u00bb animation_style=\u00a0\u00bbfade\u00a0\u00bb box_shadow_style=\u00a0\u00bbpreset3&Prime; locked=\u00a0\u00bboff\u00a0\u00bb width__hover_enabled=\u00a0\u00bbon|desktop\u00a0\u00bb][\/et_pb_audio][et_pb_audio audio=\u00a0\u00bbhttps:\/\/stareyesmusiceducation.com\/wp-content\/uploads\/2020\/12\/3.-Rivie\u0300re-snip.mp3&Prime; title=\u00a0\u00bb3. Rivie\u0300re\u00a0\u00bb _builder_version=\u00a0\u00bb4.7.7&Prime; _module_preset=\u00a0\u00bbdefault\u00a0\u00bb title_text_color=\u00a0\u00bb#ffffff\u00a0\u00bb title_font_size=\u00a0\u00bb18px\u00a0\u00bb title_line_height=\u00a0\u00bb1em\u00a0\u00bb caption_line_height=\u00a0\u00bb1em\u00a0\u00bb background_color=\u00a0\u00bbrgba(0,0,0,0)\u00a0\u00bb background_enable_image=\u00a0\u00bboff\u00a0\u00bb text_orientation=\u00a0\u00bbleft\u00a0\u00bb width=\u00a0\u00bb100%\u00a0\u00bb max_width=\u00a0\u00bb100%\u00a0\u00bb module_alignment=\u00a0\u00bbleft\u00a0\u00bb min_height=\u00a0\u00bb100px\u00a0\u00bb height=\u00a0\u00bb100px\u00a0\u00bb max_height=\u00a0\u00bb100px\u00a0\u00bb custom_margin=\u00a0\u00bb0px||0px|0px|false|false\u00a0\u00bb custom_padding=\u00a0\u00bb0px||0px|0px|false|false\u00a0\u00bb animation_style=\u00a0\u00bbfade\u00a0\u00bb box_shadow_style=\u00a0\u00bbpreset3&Prime; locked=\u00a0\u00bboff\u00a0\u00bb width__hover_enabled=\u00a0\u00bbon|desktop\u00a0\u00bb][\/et_pb_audio][et_pb_audio audio=\u00a0\u00bbhttps:\/\/stareyesmusiceducation.com\/wp-content\/uploads\/2020\/12\/4.-Alpes-snip.mp3&Prime; title=\u00a0\u00bb4. Alpes\u00a0\u00bb _builder_version=\u00a0\u00bb4.7.7&Prime; _module_preset=\u00a0\u00bbdefault\u00a0\u00bb title_text_color=\u00a0\u00bb#ffffff\u00a0\u00bb title_font_size=\u00a0\u00bb18px\u00a0\u00bb title_line_height=\u00a0\u00bb1em\u00a0\u00bb caption_line_height=\u00a0\u00bb1em\u00a0\u00bb background_color=\u00a0\u00bbrgba(0,0,0,0)\u00a0\u00bb background_enable_image=\u00a0\u00bboff\u00a0\u00bb text_orientation=\u00a0\u00bbleft\u00a0\u00bb width=\u00a0\u00bb100%\u00a0\u00bb max_width=\u00a0\u00bb100%\u00a0\u00bb module_alignment=\u00a0\u00bbleft\u00a0\u00bb min_height=\u00a0\u00bb100px\u00a0\u00bb height=\u00a0\u00bb100px\u00a0\u00bb max_height=\u00a0\u00bb100px\u00a0\u00bb custom_margin=\u00a0\u00bb0px||0px|0px|false|false\u00a0\u00bb custom_padding=\u00a0\u00bb0px||0px|0px|false|false\u00a0\u00bb animation_style=\u00a0\u00bbfade\u00a0\u00bb box_shadow_style=\u00a0\u00bbpreset3&Prime; locked=\u00a0\u00bboff\u00a0\u00bb width__hover_enabled=\u00a0\u00bbon|desktop\u00a0\u00bb][\/et_pb_audio][et_pb_audio audio=\u00a0\u00bbhttps:\/\/stareyesmusiceducation.com\/wp-content\/uploads\/2020\/12\/5.-Valse-lente-snip.mp3&Prime; title=\u00a0\u00bb5. Valse lente\u00a0\u00bb _builder_version=\u00a0\u00bb4.7.7&Prime; _module_preset=\u00a0\u00bbdefault\u00a0\u00bb title_text_color=\u00a0\u00bb#ffffff\u00a0\u00bb title_font_size=\u00a0\u00bb18px\u00a0\u00bb title_line_height=\u00a0\u00bb1em\u00a0\u00bb caption_line_height=\u00a0\u00bb1em\u00a0\u00bb background_color=\u00a0\u00bbrgba(0,0,0,0)\u00a0\u00bb background_enable_image=\u00a0\u00bboff\u00a0\u00bb text_orientation=\u00a0\u00bbleft\u00a0\u00bb width=\u00a0\u00bb100%\u00a0\u00bb max_width=\u00a0\u00bb100%\u00a0\u00bb module_alignment=\u00a0\u00bbleft\u00a0\u00bb min_height=\u00a0\u00bb100px\u00a0\u00bb height=\u00a0\u00bb100px\u00a0\u00bb max_height=\u00a0\u00bb100px\u00a0\u00bb custom_margin=\u00a0\u00bb0px||0px|0px|false|false\u00a0\u00bb custom_padding=\u00a0\u00bb0px||0px|0px|false|false\u00a0\u00bb animation_style=\u00a0\u00bbfade\u00a0\u00bb box_shadow_style=\u00a0\u00bbpreset3&Prime; locked=\u00a0\u00bboff\u00a0\u00bb width__hover_enabled=\u00a0\u00bbon|desktop\u00a0\u00bb][\/et_pb_audio][et_pb_audio audio=\u00a0\u00bbhttps:\/\/stareyesmusiceducation.com\/wp-content\/uploads\/2020\/12\/6.-Sandman-snip.mp3&Prime; title=\u00a0\u00bb6. Sandman\u00a0\u00bb _builder_version=\u00a0\u00bb4.7.7&Prime; _module_preset=\u00a0\u00bbdefault\u00a0\u00bb title_text_color=\u00a0\u00bb#ffffff\u00a0\u00bb title_font_size=\u00a0\u00bb18px\u00a0\u00bb title_line_height=\u00a0\u00bb1em\u00a0\u00bb caption_line_height=\u00a0\u00bb1em\u00a0\u00bb background_color=\u00a0\u00bbrgba(0,0,0,0)\u00a0\u00bb background_enable_image=\u00a0\u00bboff\u00a0\u00bb text_orientation=\u00a0\u00bbleft\u00a0\u00bb width=\u00a0\u00bb100%\u00a0\u00bb max_width=\u00a0\u00bb100%\u00a0\u00bb module_alignment=\u00a0\u00bbleft\u00a0\u00bb min_height=\u00a0\u00bb100px\u00a0\u00bb height=\u00a0\u00bb100px\u00a0\u00bb max_height=\u00a0\u00bb100px\u00a0\u00bb custom_margin=\u00a0\u00bb0px||0px|0px|false|false\u00a0\u00bb custom_padding=\u00a0\u00bb0px||0px|0px|false|false\u00a0\u00bb animation_style=\u00a0\u00bbfade\u00a0\u00bb box_shadow_style=\u00a0\u00bbpreset3&Prime; locked=\u00a0\u00bboff\u00a0\u00bb width__hover_enabled=\u00a0\u00bbon|desktop\u00a0\u00bb][\/et_pb_audio][et_pb_audio audio=\u00a0\u00bbhttps:\/\/stareyesmusiceducation.com\/wp-content\/uploads\/2020\/12\/7.-Lai\u0308-Lai\u0308.-Lai\u0308.mp3&Prime; title=\u00a0\u00bb7. Lai\u0308, Lai\u0308. Lai\u0308\u00a0\u00bb _builder_version=\u00a0\u00bb4.7.7&Prime; _module_preset=\u00a0\u00bbdefault\u00a0\u00bb title_text_color=\u00a0\u00bb#ffffff\u00a0\u00bb title_font_size=\u00a0\u00bb18px\u00a0\u00bb title_line_height=\u00a0\u00bb1em\u00a0\u00bb caption_line_height=\u00a0\u00bb1em\u00a0\u00bb background_color=\u00a0\u00bbrgba(0,0,0,0)\u00a0\u00bb background_enable_image=\u00a0\u00bboff\u00a0\u00bb text_orientation=\u00a0\u00bbleft\u00a0\u00bb width=\u00a0\u00bb100%\u00a0\u00bb max_width=\u00a0\u00bb100%\u00a0\u00bb module_alignment=\u00a0\u00bbleft\u00a0\u00bb min_height=\u00a0\u00bb100px\u00a0\u00bb height=\u00a0\u00bb100px\u00a0\u00bb max_height=\u00a0\u00bb100px\u00a0\u00bb custom_margin=\u00a0\u00bb0px||0px|0px|false|false\u00a0\u00bb custom_padding=\u00a0\u00bb0px||0px|0px|false|false\u00a0\u00bb animation_style=\u00a0\u00bbfade\u00a0\u00bb box_shadow_style=\u00a0\u00bbpreset3&Prime; locked=\u00a0\u00bboff\u00a0\u00bb width__hover_enabled=\u00a0\u00bbon|desktop\u00a0\u00bb][\/et_pb_audio][et_pb_audio audio=\u00a0\u00bbhttps:\/\/stareyesmusiceducation.com\/wp-content\/uploads\/2020\/12\/8.-Humming-snip.mp3&Prime; title=\u00a0\u00bb8. Humming snip\u00a0\u00bb _builder_version=\u00a0\u00bb4.7.7&Prime; _module_preset=\u00a0\u00bbdefault\u00a0\u00bb title_text_color=\u00a0\u00bb#ffffff\u00a0\u00bb title_font_size=\u00a0\u00bb18px\u00a0\u00bb title_line_height=\u00a0\u00bb1em\u00a0\u00bb caption_line_height=\u00a0\u00bb1em\u00a0\u00bb background_color=\u00a0\u00bbrgba(0,0,0,0)\u00a0\u00bb background_enable_image=\u00a0\u00bboff\u00a0\u00bb text_orientation=\u00a0\u00bbleft\u00a0\u00bb width=\u00a0\u00bb100%\u00a0\u00bb max_width=\u00a0\u00bb100%\u00a0\u00bb module_alignment=\u00a0\u00bbleft\u00a0\u00bb min_height=\u00a0\u00bb100px\u00a0\u00bb height=\u00a0\u00bb100px\u00a0\u00bb max_height=\u00a0\u00bb100px\u00a0\u00bb custom_margin=\u00a0\u00bb0px||0px|0px|false|false\u00a0\u00bb custom_padding=\u00a0\u00bb0px||0px|0px|false|false\u00a0\u00bb animation_style=\u00a0\u00bbfade\u00a0\u00bb box_shadow_style=\u00a0\u00bbpreset3&Prime; locked=\u00a0\u00bboff\u00a0\u00bb width__hover_enabled=\u00a0\u00bbon|desktop\u00a0\u00bb][\/et_pb_audio][et_pb_audio audio=\u00a0\u00bbhttps:\/\/stareyesmusiceducation.com\/wp-content\/uploads\/2020\/12\/9.-Louna-snip.mp3&Prime; title=\u00a0\u00bb9. Louna\u00a0\u00bb _builder_version=\u00a0\u00bb4.7.7&Prime; _module_preset=\u00a0\u00bbdefault\u00a0\u00bb title_text_color=\u00a0\u00bb#ffffff\u00a0\u00bb title_font_size=\u00a0\u00bb18px\u00a0\u00bb title_line_height=\u00a0\u00bb1em\u00a0\u00bb caption_line_height=\u00a0\u00bb1em\u00a0\u00bb background_color=\u00a0\u00bbrgba(0,0,0,0)\u00a0\u00bb background_enable_image=\u00a0\u00bboff\u00a0\u00bb text_orientation=\u00a0\u00bbleft\u00a0\u00bb width=\u00a0\u00bb100%\u00a0\u00bb max_width=\u00a0\u00bb100%\u00a0\u00bb module_alignment=\u00a0\u00bbleft\u00a0\u00bb min_height=\u00a0\u00bb100px\u00a0\u00bb height=\u00a0\u00bb100px\u00a0\u00bb max_height=\u00a0\u00bb100px\u00a0\u00bb custom_margin=\u00a0\u00bb0px||0px|0px|false|false\u00a0\u00bb custom_padding=\u00a0\u00bb0px||0px|0px|false|false\u00a0\u00bb animation_style=\u00a0\u00bbfade\u00a0\u00bb box_shadow_style=\u00a0\u00bbpreset3&Prime; locked=\u00a0\u00bboff\u00a0\u00bb width__hover_enabled=\u00a0\u00bbon|desktop\u00a0\u00bb][\/et_pb_audio][et_pb_audio audio=\u00a0\u00bbhttps:\/\/stareyesmusiceducation.com\/wp-content\/uploads\/2020\/12\/10.-Coucou-Boubou-snip.mp3&Prime; title=\u00a0\u00bb10. Coucou Boubou\u00a0\u00bb _builder_version=\u00a0\u00bb4.7.7&Prime; _module_preset=\u00a0\u00bbdefault\u00a0\u00bb title_text_color=\u00a0\u00bb#ffffff\u00a0\u00bb title_font_size=\u00a0\u00bb18px\u00a0\u00bb title_line_height=\u00a0\u00bb1em\u00a0\u00bb caption_line_height=\u00a0\u00bb1em\u00a0\u00bb background_color=\u00a0\u00bbrgba(0,0,0,0)\u00a0\u00bb background_enable_image=\u00a0\u00bboff\u00a0\u00bb text_orientation=\u00a0\u00bbleft\u00a0\u00bb width=\u00a0\u00bb100%\u00a0\u00bb max_width=\u00a0\u00bb100%\u00a0\u00bb module_alignment=\u00a0\u00bbleft\u00a0\u00bb min_height=\u00a0\u00bb100px\u00a0\u00bb height=\u00a0\u00bb100px\u00a0\u00bb max_height=\u00a0\u00bb100px\u00a0\u00bb custom_margin=\u00a0\u00bb0px||0px|0px|false|false\u00a0\u00bb custom_padding=\u00a0\u00bb0px||0px|0px|false|false\u00a0\u00bb animation_style=\u00a0\u00bbfade\u00a0\u00bb box_shadow_style=\u00a0\u00bbpreset3&Prime; locked=\u00a0\u00bboff\u00a0\u00bb width__hover_enabled=\u00a0\u00bbon|desktop\u00a0\u00bb][\/et_pb_audio][\/et_pb_column][et_pb_column type=\u00a0\u00bb1_2&Prime; _builder_version=\u00a0\u00bb4.6.6&Prime; _module_preset=\u00a0\u00bbdefault\u00a0\u00bb][et_pb_testimonial author=\u00a0\u00bbMarguerite Gaboriau\u00a0\u00bb job_title=\u00a0\u00bb(arri\u00e8re grand-m\u00e8re)\u00a0\u00bb portrait_url=\u00a0\u00bbhttps:\/\/stareyesmusiceducation.com\/wp-content\/uploads\/2020\/10\/cropped-Transparent512-1.png\u00a0\u00bb quote_icon_color=\u00a0\u00bb#1fd7e0&Prime; quote_icon_background_color=\u00a0\u00bb#0c71c3&Prime; _builder_version=\u00a0\u00bb4.7.7&Prime; _module_preset=\u00a0\u00bbdefault\u00a0\u00bb background_color=\u00a0\u00bb#69d0fc\u00a0\u00bb animation_style=\u00a0\u00bbfade\u00a0\u00bb]<\/p>\n<p class=\"p1\">J\u2019ai d\u00e9couvert cette musique avec bonheur et joie. J\u2019ai 93 ans et dans la r\u00e9sidence o\u00f9 j&rsquo;habite, ces voix et cette musique toute en douceur m&rsquo;accompagnent au quotidien. \u2028Petite anecdote: un matin o\u00f9 j\u2019\u00e9coutais les berceuses, mes voisines se sont rassembl\u00e9es dans ma chambre, attir\u00e9es par l\u2019ambiance du CD qui nous rappelait les m\u00e9lodies apaisantes de notre enfance.\n<\/p>\n<p>[\/et_pb_testimonial][et_pb_testimonial author=\u00a0\u00bbMaryse Pierre-Louis\u00a0\u00bb job_title=\u00a0\u00bb(grand-maman)\u00a0\u00bb portrait_url=\u00a0\u00bbhttps:\/\/stareyesmusiceducation.com\/wp-content\/uploads\/2020\/10\/cropped-Transparent512-1.png\u00a0\u00bb quote_icon_color=\u00a0\u00bb#1fd7e0&Prime; quote_icon_background_color=\u00a0\u00bb#0c71c3&Prime; _builder_version=\u00a0\u00bb4.7.7&Prime; _module_preset=\u00a0\u00bbdefault\u00a0\u00bb background_color=\u00a0\u00bb#69d0fc\u00a0\u00bb animation_style=\u00a0\u00bbfade\u00a0\u00bb]<\/p>\n<p class=\"p1\">J&rsquo;ai assist\u00e9 \u00e0 la routine du coucher de mon petit-fils. D\u00e8s les premi\u00e8res notes des berceuses de Fran\u00e7oise et Michel, il porte attention et accepte de se brosser les dents. Son p\u00e8re me dit que c&rsquo;est son signal; il s&rsquo;endort ensuite, agr\u00e9ablement impr\u00e9gn\u00e9 de ces douces berceuses. Je le recommande \u00e0 tous les parents.\n<\/p>\n<p>[\/et_pb_testimonial][et_pb_testimonial author=\u00a0\u00bbVal\u00e9rie Pomier-Layrargues\u00a0\u00bb job_title=\u00a0\u00bb(maman de deux enfants)\u00a0\u00bb portrait_url=\u00a0\u00bbhttps:\/\/stareyesmusiceducation.com\/wp-content\/uploads\/2020\/10\/cropped-Transparent512-1.png\u00a0\u00bb quote_icon_color=\u00a0\u00bb#1fd7e0&Prime; quote_icon_background_color=\u00a0\u00bb#0c71c3&Prime; _builder_version=\u00a0\u00bb4.7.7&Prime; _module_preset=\u00a0\u00bbdefault\u00a0\u00bb background_color=\u00a0\u00bb#69d0fc\u00a0\u00bb animation_style=\u00a0\u00bbfade\u00a0\u00bb]<\/p>\n<p class=\"p1\">Lorsque mes enfants \u00e9taient en bas \u00e2ge, il n\u2019y avait que deux choses pour les calmer avant de dormir : leur \u00ab doudou \u00bb et les berceuses de Fran\u00e7oise Lombard et Michel Comeau! Depuis, ces chansons douces sont rest\u00e9es dans notre famille et il n\u2019est pas rare que nous, parents, fredonnions un air d\u2019entre elles sans m\u00eame nous en apercevoir! Bien qu\u2019il n\u2019en n\u2019ait plus besoin pour s\u2019endormir, notre a\u00een\u00e9 prend toujours plaisir \u00e0 r\u00e9\u00e9couter avec nostalgie les airs qui ont berc\u00e9 son enfance. Un doux cadeau pour toute la famille!\n<\/p>\n<p>[\/et_pb_testimonial][et_pb_testimonial author=\u00a0\u00bbJessica and Bernard Richter\u00a0\u00bb job_title=\u00a0\u00bb(parents de trois enfants)\u00a0\u00bb portrait_url=\u00a0\u00bbhttps:\/\/stareyesmusiceducation.com\/wp-content\/uploads\/2020\/10\/cropped-Transparent512-1.png\u00a0\u00bb quote_icon_color=\u00a0\u00bb#1fd7e0&Prime; quote_icon_background_color=\u00a0\u00bb#0c71c3&Prime; _builder_version=\u00a0\u00bb4.7.7&Prime; _module_preset=\u00a0\u00bbdefault\u00a0\u00bb background_color=\u00a0\u00bb#69d0fc\u00a0\u00bb animation_style=\u00a0\u00bbfade\u00a0\u00bb]<\/p>\n<p class=\"p1\">Ces berceuses accompagnent toute la famille depuis des ann\u00e9es. Un rituel devenu incontournable au moment du coucher. Pour l\u2019enfant, un rep\u00e8re affectif tout en douceur et en profondeur. Magnifiquement r\u00e9alis\u00e9!\n<\/p>\n<p>[\/et_pb_testimonial][et_pb_testimonial author=\u00a0\u00bbJ\u00e9r\u00f4me Lussier \u00a0\u00bb job_title=\u00a0\u00bb(p\u00e8re de trois gar\u00e7ons)\u00a0\u00bb portrait_url=\u00a0\u00bbhttps:\/\/stareyesmusiceducation.com\/wp-content\/uploads\/2020\/10\/cropped-Transparent512-1.png\u00a0\u00bb quote_icon_color=\u00a0\u00bb#1fd7e0&Prime; quote_icon_background_color=\u00a0\u00bb#0c71c3&Prime; _builder_version=\u00a0\u00bb4.7.7&Prime; _module_preset=\u00a0\u00bbdefault\u00a0\u00bb background_color=\u00a0\u00bb#69d0fc\u00a0\u00bb animation_style=\u00a0\u00bbfade\u00a0\u00bb]<\/p>\n<p class=\"p1\">Ces chansons simples et belles ont accompagn\u00e9 nos enfants pendant leurs jeunes ann\u00e9es. Pour le r\u00e9confort de l\u2019heure du coucher, ou pour pacifier les balades en voiture, les berceuses de Fran\u00e7oise et Michel ont un vrai pouvoir magique. Et le plus beau de l\u2019histoire, c\u2019est que m\u00eame apr\u00e8s des centaines d\u2019heures d\u2019\u00e9coute, les parents n\u2019en sont pas encore lass\u00e9s! <\/p>\n<p>[\/et_pb_testimonial][et_pb_text _builder_version=\u00a0\u00bb4.7.7&Prime; _module_preset=\u00a0\u00bbdefault\u00a0\u00bb hover_enabled=\u00a0\u00bb0&Prime; sticky_enabled=\u00a0\u00bb0&Prime;]<\/p>\n<p><span color=\"#ffffff\" style=\"color: #ffffff;\">L<span>a soci\u00e9t\u00e9 de productions Stareyes est fond\u00e9e \u00e0 Montr\u00e9al en 1986 par deux artistes multidisciplinaires. R\u00e9alisations\u00a0<\/span><span>musicales et audio-visuelles ax\u00e9es sur l\u2019\u00e9ducation, la p\u00e9dagogie musicale, la relation et l&rsquo;\u00e9coute.<\/span><\/span><\/p>\n<p>[\/et_pb_text][\/et_pb_column][\/et_pb_row][et_pb_row column_structure=\u00a0\u00bb1_3,1_3,1_3&Prime; _builder_version=\u00a0\u00bb4.7.7&Prime; _module_preset=\u00a0\u00bbdefault\u00a0\u00bb][et_pb_column type=\u00a0\u00bb1_3&Prime; _builder_version=\u00a0\u00bb4.7.7&Prime; _module_preset=\u00a0\u00bbdefault\u00a0\u00bb][et_pb_blurb title=\u00a0\u00bbCOLLECTION\u2028 MUSIQUE ET MOUVEMENT\u2028LIBRAIRIE AUDIO\u00a0\u00bb image=\u00a0\u00bbhttps:\/\/stareyesmusiceducation.com\/wp-content\/uploads\/2020\/12\/Laibrairie-Audio.jpg\u00a0\u00bb _builder_version=\u00a0\u00bb4.7.7&Prime; _module_preset=\u00a0\u00bbdefault\u00a0\u00bb background_layout=\u00a0\u00bbdark\u00a0\u00bb]<\/p>\n<p><span style=\"color: #ffffff;\">La librairie audio est constitu\u00e9e d\u2019improvisations musicales centr\u00e9es sur divers \u00e9l\u00e9ments qui constituent le langage musical.<\/span><\/p>\n<p>[\/et_pb_blurb][\/et_pb_column][et_pb_column type=\u00a0\u00bb1_3&Prime; _builder_version=\u00a0\u00bb4.7.7&Prime; _module_preset=\u00a0\u00bbdefault\u00a0\u00bb][et_pb_blurb title=\u00a0\u00bbBLUE\u00a0\u00bb image=\u00a0\u00bbhttps:\/\/stareyesmusiceducation.com\/wp-content\/uploads\/2020\/12\/blue1.jpg\u00a0\u00bb _builder_version=\u00a0\u00bb4.7.7&Prime; _module_preset=\u00a0\u00bbdefault\u00a0\u00bb background_layout=\u00a0\u00bbdark\u00a0\u00bb hover_enabled=\u00a0\u00bb0&Prime; sticky_enabled=\u00a0\u00bb0&Prime;]<\/p>\n<p><span style=\"color: #ffffff;\">Rencontre improvis\u00e9e entre une artiste et son instrument<\/span><\/p>\n<p>[\/et_pb_blurb][\/et_pb_column][et_pb_column type=\u00a0\u00bb1_3&Prime; _builder_version=\u00a0\u00bb4.7.7&Prime; _module_preset=\u00a0\u00bbdefault\u00a0\u00bb][et_pb_blurb title=\u00a0\u00bb%22RESONANCE%22 VOIX OST\u00c9OPHONIQUES\u00a0\u00bb image=\u00a0\u00bbhttps:\/\/stareyesmusiceducation.com\/wp-content\/uploads\/2020\/10\/Osteophonic.jpg\u00a0\u00bb _builder_version=\u00a0\u00bb4.7.7&Prime; _module_preset=\u00a0\u00bbdefault\u00a0\u00bb background_layout=\u00a0\u00bbdark\u00a0\u00bb hover_enabled=\u00a0\u00bb0&Prime; sticky_enabled=\u00a0\u00bb0&Prime;]<\/p>\n<p class=\"p1\"><span style=\"color: #ffffff;\">Musique chorale sans paroles. Les voix ost\u00e9ophoniques touchent, parce qu\u2019elles vibrent et r\u00e9sonnent dans tout le corps. Elles p\u00e9n\u00e8trent l\u2019imaginaire et le coeur et apportent un calme int\u00e9rieur: une musique de l\u2019\u00e2me.<\/span><\/p>\n<p>[\/et_pb_blurb][\/et_pb_column][\/et_pb_row][et_pb_row _builder_version=\u00a0\u00bb4.6.6&Prime; _module_preset=\u00a0\u00bbdefault\u00a0\u00bb min_height=\u00a0\u00bb68px\u00a0\u00bb][et_pb_column type=\u00a0\u00bb4_4&Prime; _builder_version=\u00a0\u00bb4.6.6&Prime; _module_preset=\u00a0\u00bbdefault\u00a0\u00bb][et_pb_divider divider_style=\u00a0\u00bbgroove\u00a0\u00bb _builder_version=\u00a0\u00bb4.6.6&Prime; _module_preset=\u00a0\u00bbdefault\u00a0\u00bb][\/et_pb_divider][\/et_pb_column][\/et_pb_row][\/et_pb_section]<\/p>\n","protected":false},"excerpt":{"rendered":"<p>BERCEUSES Berceuses originales pour deux voix et piano.D\u00e8s la naissance et jusqu&rsquo;\u00e0 110 ans.Il y a des choses qui se font toutes seules, spontan\u00e9ment: tenir un enfant dans ses bras et chanter, par exemple. On lui chante toujours la m\u00eame m\u00e9lodie, et voil\u00e0 qu\u2019elle devient LA chanson qui l\u2019endort. Puis on en invente une autre, [&hellip;]<\/p>\n","protected":false},"author":1,"featured_media":0,"parent":0,"menu_order":0,"comment_status":"closed","ping_status":"closed","template":"","meta":{"_et_pb_use_builder":"on","_et_pb_old_content":"","_et_gb_content_width":"","footnotes":""},"class_list":["post-1875","page","type-page","status-publish","hentry"],"_links":{"self":[{"href":"https:\/\/stareyesmusiceducation.com\/fr\/wp-json\/wp\/v2\/pages\/1875","targetHints":{"allow":["GET"]}}],"collection":[{"href":"https:\/\/stareyesmusiceducation.com\/fr\/wp-json\/wp\/v2\/pages"}],"about":[{"href":"https:\/\/stareyesmusiceducation.com\/fr\/wp-json\/wp\/v2\/types\/page"}],"author":[{"embeddable":true,"href":"https:\/\/stareyesmusiceducation.com\/fr\/wp-json\/wp\/v2\/users\/1"}],"replies":[{"embeddable":true,"href":"https:\/\/stareyesmusiceducation.com\/fr\/wp-json\/wp\/v2\/comments?post=1875"}],"version-history":[{"count":14,"href":"https:\/\/stareyesmusiceducation.com\/fr\/wp-json\/wp\/v2\/pages\/1875\/revisions"}],"predecessor-version":[{"id":1988,"href":"https:\/\/stareyesmusiceducation.com\/fr\/wp-json\/wp\/v2\/pages\/1875\/revisions\/1988"}],"wp:attachment":[{"href":"https:\/\/stareyesmusiceducation.com\/fr\/wp-json\/wp\/v2\/media?parent=1875"}],"curies":[{"name":"wp","href":"https:\/\/api.w.org\/{rel}","templated":true}]}}