{"id":2230,"date":"2021-02-11T19:36:47","date_gmt":"2021-02-12T00:36:47","guid":{"rendered":"https:\/\/stareyesmusiceducation.com\/moutsi-et-moi\/"},"modified":"2021-02-23T19:57:21","modified_gmt":"2021-02-24T00:57:21","slug":"moutsi-et-moi","status":"publish","type":"page","link":"https:\/\/stareyesmusiceducation.com\/fr\/moutsi-et-moi\/","title":{"rendered":"Moutsi et moi"},"content":{"rendered":"<p>[et_pb_section fb_built=\u00a0\u00bb1&Prime; next_background_color=\u00a0\u00bb#ffffff\u00a0\u00bb _builder_version=\u00a0\u00bb4.6.6&Prime; _module_preset=\u00a0\u00bbdefault\u00a0\u00bb background_image=\u00a0\u00bbhttps:\/\/stareyesmusiceducation.com\/wp-content\/uploads\/2020\/10\/cielback.png\u00a0\u00bb module_alignment=\u00a0\u00bbcenter\u00a0\u00bb height=\u00a0\u00bb3574px\u00a0\u00bb custom_margin=\u00a0\u00bb||969px|||\u00a0\u00bb custom_padding=\u00a0\u00bb17px||926px|||\u00a0\u00bb bottom_divider_style=\u00a0\u00bbwaves2&Prime;][et_pb_row make_equal=\u00a0\u00bbon\u00a0\u00bb _builder_version=\u00a0\u00bb4.8.2&Prime; _module_preset=\u00a0\u00bbdefault\u00a0\u00bb max_width=\u00a0\u00bb1004px\u00a0\u00bb min_height=\u00a0\u00bb469px\u00a0\u00bb height=\u00a0\u00bb1000px\u00a0\u00bb max_height=\u00a0\u00bb100px\u00a0\u00bb custom_padding=\u00a0\u00bb||2px|||\u00a0\u00bb][et_pb_column type=\u00a0\u00bb4_4&Prime; _builder_version=\u00a0\u00bb4.6.5&Prime; _module_preset=\u00a0\u00bbdefault\u00a0\u00bb][et_pb_image src=\u00a0\u00bbhttps:\/\/stareyesmusiceducation.com\/wp-content\/uploads\/2021\/02\/page-produit_moutsi-titres-1-1.png\u00a0\u00bb title_text=\u00a0\u00bbpage produit_moutsi &#038; titres\u00a0\u00bb align=\u00a0\u00bbcenter\u00a0\u00bb _builder_version=\u00a0\u00bb4.8.2&Prime; _module_preset=\u00a0\u00bbdefault\u00a0\u00bb width=\u00a0\u00bb100%\u00a0\u00bb max_width=\u00a0\u00bb100%\u00a0\u00bb min_height=\u00a0\u00bb388px\u00a0\u00bb height=\u00a0\u00bb322px\u00a0\u00bb custom_margin=\u00a0\u00bb||58px|||\u00a0\u00bb][\/et_pb_image][\/et_pb_column][\/et_pb_row][et_pb_row column_structure=\u00a0\u00bb2_3,1_3&Prime; _builder_version=\u00a0\u00bb4.6.6&Prime; _module_preset=\u00a0\u00bbdefault\u00a0\u00bb max_width=\u00a0\u00bb1200px\u00a0\u00bb custom_padding=\u00a0\u00bb||9px|||\u00a0\u00bb][et_pb_column type=\u00a0\u00bb2_3&Prime; _builder_version=\u00a0\u00bb4.6.5&Prime; _module_preset=\u00a0\u00bbdefault\u00a0\u00bb][et_pb_text _builder_version=\u00a0\u00bb4.9.0&Prime; _module_preset=\u00a0\u00bbdefault\u00a0\u00bb custom_margin=\u00a0\u00bb-26px||15px|||\u00a0\u00bb hover_enabled=\u00a0\u00bb0&Prime; sticky_enabled=\u00a0\u00bb0&Prime;]<\/p>\n<h2 class=\"p1\"><span style=\"color: #ffffff;\">Avec la complicit\u00e9 des parents, grands-parents ou \u00e9ducateurs, \u00abMoutsi et moi\u00bb contribue au d\u00e9veloppement affectif de l&rsquo;enfant et \u00e0 son bien-\u00eatre.<\/span><\/h2>\n<h2 class=\"p1\"><span style=\"color: #ffffff;\">Un personnage : Moutsi, de la musique, des chansons, des histoires, de la narration sur des th\u00e8mes qui se rapportent \u00e0 la vie quotidienne de l&rsquo;enfant.<\/span><\/h2>\n<h2 class=\"p1\"><span style=\"color: #ffffff;\">Ce livret musical offre une ouverture sur l&rsquo;univers affectif et \u00e9motionnel de l&rsquo;enfant. Il permet aux adultes d&rsquo;interagir avec lui par le biais de chansons, d&rsquo;activit\u00e9s cr\u00e9atrices et d&rsquo;\u00e9changes divers.<\/span><\/h2>\n<h2><span style=\"color: #ffffff;\"><\/span><\/h2>\n<h2 class=\"p1\"><span style=\"color: #ffffff;\">Mode d&#8217;emploi pour \u00e9couter :<\/span><\/h2>\n<h2 class=\"p1\"><span style=\"color: #ffffff;\">Choisir un coin tranquille<\/span><\/h2>\n<h2 class=\"p1\"><span style=\"color: #ffffff;\">S&rsquo;installer confortablement<\/span><\/h2>\n<h2 class=\"p1\"><span style=\"color: #ffffff;\">Prendre le temps d&rsquo;\u00eatre ensemble!<\/span><\/h2>\n<p>[\/et_pb_text][et_pb_button button_url=\u00a0\u00bbhttps:\/\/stareyesmusiceducation.com\/fr\/produit\/moutsi-et-moi\/\u00a0\u00bb button_text=\u00a0\u00bbACHETER MOUTSI ET MOI\u00a0\u00bb _builder_version=\u00a0\u00bb4.9.0&Prime; _module_preset=\u00a0\u00bbdefault\u00a0\u00bb background_layout=\u00a0\u00bbdark\u00a0\u00bb custom_margin=\u00a0\u00bb||17px|||\u00a0\u00bb hover_enabled=\u00a0\u00bb0&Prime; sticky_enabled=\u00a0\u00bb0&Prime;][\/et_pb_button][et_pb_text _builder_version=\u00a0\u00bb4.9.0&Prime; _module_preset=\u00a0\u00bbdefault\u00a0\u00bb hover_enabled=\u00a0\u00bb0&Prime; sticky_enabled=\u00a0\u00bb0&Prime;]<\/p>\n<h1 class=\"p1\"><span style=\"color: #ffffff;\"><b>Paroles et images incluses dans le livret<\/b><\/span><\/h1>\n<p>[\/et_pb_text][\/et_pb_column][et_pb_column type=\u00a0\u00bb1_3&Prime; _builder_version=\u00a0\u00bb4.8.2&Prime; _module_preset=\u00a0\u00bbdefault\u00a0\u00bb][et_pb_image src=\u00a0\u00bbhttps:\/\/stareyesmusiceducation.com\/wp-content\/uploads\/2021\/02\/Moutsi-et-moi-.png\u00a0\u00bb title_text=\u00a0\u00bbMoutsi et moi\u00a0\u00bb url=\u00a0\u00bbhttps:\/\/stareyesmusiceducation.com\/fr\/moutsi-et-moi\/\u00a0\u00bb align=\u00a0\u00bbright\u00a0\u00bb _builder_version=\u00a0\u00bb4.9.0&Prime; _module_preset=\u00a0\u00bbdefault\u00a0\u00bb height=\u00a0\u00bb233px\u00a0\u00bb custom_margin=\u00a0\u00bb||72px|||\u00a0\u00bb][\/et_pb_image][\/et_pb_column][\/et_pb_row][et_pb_row column_structure=\u00a0\u00bb1_2,1_2&Prime; _builder_version=\u00a0\u00bb4.6.6&Prime; _module_preset=\u00a0\u00bbdefault\u00a0\u00bb width=\u00a0\u00bb100%\u00a0\u00bb max_width=\u00a0\u00bb1200px\u00a0\u00bb custom_padding=\u00a0\u00bb16px||0px|||\u00a0\u00bb][et_pb_column type=\u00a0\u00bb1_2&Prime; _builder_version=\u00a0\u00bb4.6.6&Prime; _module_preset=\u00a0\u00bbdefault\u00a0\u00bb][et_pb_audio audio=\u00a0\u00bbhttps:\/\/stareyesmusiceducation.com\/wp-content\/uploads\/2021\/02\/4.-Mes-Amis-snippets.mp3&Prime; title=\u00a0\u00bb4. Mes amis\u00a0\u00bb _builder_version=\u00a0\u00bb4.9.0&Prime; _module_preset=\u00a0\u00bbdefault\u00a0\u00bb title_text_color=\u00a0\u00bb#ffffff\u00a0\u00bb title_font_size=\u00a0\u00bb18px\u00a0\u00bb title_line_height=\u00a0\u00bb1em\u00a0\u00bb caption_line_height=\u00a0\u00bb1em\u00a0\u00bb background_color=\u00a0\u00bbrgba(0,0,0,0)\u00a0\u00bb background_enable_image=\u00a0\u00bboff\u00a0\u00bb text_orientation=\u00a0\u00bbleft\u00a0\u00bb width=\u00a0\u00bb100%\u00a0\u00bb max_width=\u00a0\u00bb100%\u00a0\u00bb module_alignment=\u00a0\u00bbleft\u00a0\u00bb min_height=\u00a0\u00bb100px\u00a0\u00bb height=\u00a0\u00bb100px\u00a0\u00bb max_height=\u00a0\u00bb100px\u00a0\u00bb custom_margin=\u00a0\u00bb0px||0px|0px|false|false\u00a0\u00bb custom_padding=\u00a0\u00bb0px||0px|0px|false|false\u00a0\u00bb animation_style=\u00a0\u00bbfade\u00a0\u00bb box_shadow_style=\u00a0\u00bbpreset3&Prime; locked=\u00a0\u00bboff\u00a0\u00bb width__hover_enabled=\u00a0\u00bbon|desktop\u00a0\u00bb][\/et_pb_audio][et_pb_audio audio=\u00a0\u00bbhttps:\/\/stareyesmusiceducation.com\/wp-content\/uploads\/2021\/02\/6.-La-petite-poule-rouge-snippets.mp3&Prime; title=\u00a0\u00bb6. La petite poule rouge\u00a0\u00bb _builder_version=\u00a0\u00bb4.9.0&Prime; _module_preset=\u00a0\u00bbdefault\u00a0\u00bb title_level=\u00a0\u00bbh3&Prime; title_text_color=\u00a0\u00bb#ffffff\u00a0\u00bb title_font_size=\u00a0\u00bb18px\u00a0\u00bb title_line_height=\u00a0\u00bb1em\u00a0\u00bb caption_line_height=\u00a0\u00bb1em\u00a0\u00bb background_color=\u00a0\u00bbrgba(0,0,0,0)\u00a0\u00bb background_enable_image=\u00a0\u00bboff\u00a0\u00bb text_orientation=\u00a0\u00bbleft\u00a0\u00bb width=\u00a0\u00bb100%\u00a0\u00bb max_width=\u00a0\u00bb100%\u00a0\u00bb module_alignment=\u00a0\u00bbleft\u00a0\u00bb min_height=\u00a0\u00bb100px\u00a0\u00bb height=\u00a0\u00bb100px\u00a0\u00bb max_height=\u00a0\u00bb100px\u00a0\u00bb custom_margin=\u00a0\u00bb0px||0px|0px|false|false\u00a0\u00bb custom_padding=\u00a0\u00bb0px||0px|0px|false|false\u00a0\u00bb animation_style=\u00a0\u00bbfade\u00a0\u00bb box_shadow_style=\u00a0\u00bbpreset3&Prime; locked=\u00a0\u00bboff\u00a0\u00bb width__hover_enabled=\u00a0\u00bbon|desktop\u00a0\u00bb][\/et_pb_audio][et_pb_audio audio=\u00a0\u00bbhttps:\/\/stareyesmusiceducation.com\/wp-content\/uploads\/2021\/02\/7.-La-maison-de-mes-re\u0302ves-snippets.mp3&Prime; title=\u00a0\u00bb7. La maison de mes re\u0302ves\u00a0\u00bb _builder_version=\u00a0\u00bb4.9.0&Prime; _module_preset=\u00a0\u00bbdefault\u00a0\u00bb title_text_color=\u00a0\u00bb#ffffff\u00a0\u00bb title_font_size=\u00a0\u00bb18px\u00a0\u00bb title_line_height=\u00a0\u00bb1em\u00a0\u00bb caption_line_height=\u00a0\u00bb1em\u00a0\u00bb background_color=\u00a0\u00bbrgba(0,0,0,0)\u00a0\u00bb background_enable_image=\u00a0\u00bboff\u00a0\u00bb text_orientation=\u00a0\u00bbleft\u00a0\u00bb width=\u00a0\u00bb100%\u00a0\u00bb max_width=\u00a0\u00bb100%\u00a0\u00bb module_alignment=\u00a0\u00bbleft\u00a0\u00bb min_height=\u00a0\u00bb100px\u00a0\u00bb height=\u00a0\u00bb100px\u00a0\u00bb max_height=\u00a0\u00bb100px\u00a0\u00bb custom_margin=\u00a0\u00bb0px||0px|0px|false|false\u00a0\u00bb custom_padding=\u00a0\u00bb0px||0px|0px|false|false\u00a0\u00bb animation_style=\u00a0\u00bbfade\u00a0\u00bb box_shadow_style=\u00a0\u00bbpreset3&Prime; locked=\u00a0\u00bboff\u00a0\u00bb width__hover_enabled=\u00a0\u00bbon|desktop\u00a0\u00bb][\/et_pb_audio][et_pb_audio audio=\u00a0\u00bbhttps:\/\/stareyesmusiceducation.com\/wp-content\/uploads\/2021\/02\/9.-La-recette-de-grand-maman-snippets.mp3&Prime; title=\u00a0\u00bb9. La recette de grand-maman\u00a0\u00bb _builder_version=\u00a0\u00bb4.9.0&Prime; _module_preset=\u00a0\u00bbdefault\u00a0\u00bb title_text_color=\u00a0\u00bb#ffffff\u00a0\u00bb title_font_size=\u00a0\u00bb18px\u00a0\u00bb title_line_height=\u00a0\u00bb1em\u00a0\u00bb caption_line_height=\u00a0\u00bb1em\u00a0\u00bb background_color=\u00a0\u00bbrgba(0,0,0,0)\u00a0\u00bb background_enable_image=\u00a0\u00bboff\u00a0\u00bb text_orientation=\u00a0\u00bbleft\u00a0\u00bb width=\u00a0\u00bb100%\u00a0\u00bb max_width=\u00a0\u00bb100%\u00a0\u00bb module_alignment=\u00a0\u00bbleft\u00a0\u00bb min_height=\u00a0\u00bb100px\u00a0\u00bb height=\u00a0\u00bb100px\u00a0\u00bb max_height=\u00a0\u00bb100px\u00a0\u00bb custom_margin=\u00a0\u00bb0px||0px|0px|false|false\u00a0\u00bb custom_padding=\u00a0\u00bb0px||0px|0px|false|false\u00a0\u00bb animation_style=\u00a0\u00bbfade\u00a0\u00bb box_shadow_style=\u00a0\u00bbpreset3&Prime; locked=\u00a0\u00bboff\u00a0\u00bb width__hover_enabled=\u00a0\u00bbon|desktop\u00a0\u00bb][\/et_pb_audio][et_pb_audio audio=\u00a0\u00bbhttps:\/\/stareyesmusiceducation.com\/wp-content\/uploads\/2021\/02\/10.-Mes-gou\u0302ts-snippets.mp3&Prime; title=\u00a0\u00bb10. Mes gou\u0302ts\u00a0\u00bb _builder_version=\u00a0\u00bb4.9.0&Prime; _module_preset=\u00a0\u00bbdefault\u00a0\u00bb title_text_color=\u00a0\u00bb#ffffff\u00a0\u00bb title_font_size=\u00a0\u00bb18px\u00a0\u00bb title_line_height=\u00a0\u00bb1em\u00a0\u00bb caption_line_height=\u00a0\u00bb1em\u00a0\u00bb background_color=\u00a0\u00bbrgba(0,0,0,0)\u00a0\u00bb background_enable_image=\u00a0\u00bboff\u00a0\u00bb text_orientation=\u00a0\u00bbleft\u00a0\u00bb width=\u00a0\u00bb100%\u00a0\u00bb max_width=\u00a0\u00bb100%\u00a0\u00bb module_alignment=\u00a0\u00bbleft\u00a0\u00bb min_height=\u00a0\u00bb100px\u00a0\u00bb height=\u00a0\u00bb100px\u00a0\u00bb max_height=\u00a0\u00bb100px\u00a0\u00bb custom_margin=\u00a0\u00bb0px||0px|0px|false|false\u00a0\u00bb custom_padding=\u00a0\u00bb0px||0px|0px|false|false\u00a0\u00bb animation_style=\u00a0\u00bbfade\u00a0\u00bb box_shadow_style=\u00a0\u00bbpreset3&Prime; locked=\u00a0\u00bboff\u00a0\u00bb width__hover_enabled=\u00a0\u00bbon|desktop\u00a0\u00bb][\/et_pb_audio][et_pb_audio audio=\u00a0\u00bbhttps:\/\/stareyesmusiceducation.com\/wp-content\/uploads\/2021\/02\/12.-La-course-du-samedi-snippets.mp3&Prime; title=\u00a0\u00bb12. La course du samedi\u00a0\u00bb _builder_version=\u00a0\u00bb4.9.0&Prime; _module_preset=\u00a0\u00bbdefault\u00a0\u00bb title_text_color=\u00a0\u00bb#ffffff\u00a0\u00bb title_font_size=\u00a0\u00bb18px\u00a0\u00bb title_line_height=\u00a0\u00bb1em\u00a0\u00bb caption_line_height=\u00a0\u00bb1em\u00a0\u00bb background_color=\u00a0\u00bbrgba(0,0,0,0)\u00a0\u00bb background_enable_image=\u00a0\u00bboff\u00a0\u00bb text_orientation=\u00a0\u00bbleft\u00a0\u00bb width=\u00a0\u00bb100%\u00a0\u00bb max_width=\u00a0\u00bb100%\u00a0\u00bb module_alignment=\u00a0\u00bbleft\u00a0\u00bb min_height=\u00a0\u00bb100px\u00a0\u00bb height=\u00a0\u00bb100px\u00a0\u00bb max_height=\u00a0\u00bb100px\u00a0\u00bb custom_margin=\u00a0\u00bb0px||0px|0px|false|false\u00a0\u00bb custom_padding=\u00a0\u00bb0px||0px|0px|false|false\u00a0\u00bb animation_style=\u00a0\u00bbfade\u00a0\u00bb box_shadow_style=\u00a0\u00bbpreset3&Prime; locked=\u00a0\u00bboff\u00a0\u00bb width__hover_enabled=\u00a0\u00bbon|desktop\u00a0\u00bb][\/et_pb_audio][et_pb_audio audio=\u00a0\u00bbhttps:\/\/stareyesmusiceducation.com\/wp-content\/uploads\/2021\/02\/14.-Jsuis-pas-comme-toi-snippets.mp3&Prime; title=\u00a0\u00bb14. J&rsquo;suis pas comme toi\u00a0\u00bb _builder_version=\u00a0\u00bb4.9.0&Prime; _module_preset=\u00a0\u00bbdefault\u00a0\u00bb title_text_color=\u00a0\u00bb#ffffff\u00a0\u00bb title_font_size=\u00a0\u00bb18px\u00a0\u00bb title_line_height=\u00a0\u00bb1em\u00a0\u00bb caption_line_height=\u00a0\u00bb1em\u00a0\u00bb background_color=\u00a0\u00bbrgba(0,0,0,0)\u00a0\u00bb background_enable_image=\u00a0\u00bboff\u00a0\u00bb text_orientation=\u00a0\u00bbleft\u00a0\u00bb width=\u00a0\u00bb100%\u00a0\u00bb max_width=\u00a0\u00bb100%\u00a0\u00bb module_alignment=\u00a0\u00bbleft\u00a0\u00bb min_height=\u00a0\u00bb100px\u00a0\u00bb height=\u00a0\u00bb100px\u00a0\u00bb max_height=\u00a0\u00bb100px\u00a0\u00bb custom_margin=\u00a0\u00bb0px||0px|0px|false|false\u00a0\u00bb custom_padding=\u00a0\u00bb0px||0px|0px|false|false\u00a0\u00bb animation_style=\u00a0\u00bbfade\u00a0\u00bb box_shadow_style=\u00a0\u00bbpreset3&Prime; locked=\u00a0\u00bboff\u00a0\u00bb width__hover_enabled=\u00a0\u00bbon|desktop\u00a0\u00bb][\/et_pb_audio][et_pb_audio audio=\u00a0\u00bbhttps:\/\/stareyesmusiceducation.com\/wp-content\/uploads\/2021\/02\/17.-Le-spectacle-snippets.mp3&Prime; title=\u00a0\u00bb17. Le spectacle\u00a0\u00bb _builder_version=\u00a0\u00bb4.9.0&Prime; _module_preset=\u00a0\u00bbdefault\u00a0\u00bb title_text_color=\u00a0\u00bb#ffffff\u00a0\u00bb title_font_size=\u00a0\u00bb18px\u00a0\u00bb title_line_height=\u00a0\u00bb1em\u00a0\u00bb caption_line_height=\u00a0\u00bb1em\u00a0\u00bb background_color=\u00a0\u00bbrgba(0,0,0,0)\u00a0\u00bb background_enable_image=\u00a0\u00bboff\u00a0\u00bb text_orientation=\u00a0\u00bbleft\u00a0\u00bb width=\u00a0\u00bb100%\u00a0\u00bb max_width=\u00a0\u00bb100%\u00a0\u00bb module_alignment=\u00a0\u00bbleft\u00a0\u00bb min_height=\u00a0\u00bb100px\u00a0\u00bb height=\u00a0\u00bb100px\u00a0\u00bb max_height=\u00a0\u00bb100px\u00a0\u00bb custom_margin=\u00a0\u00bb0px||0px|0px|false|false\u00a0\u00bb custom_padding=\u00a0\u00bb0px||0px|0px|false|false\u00a0\u00bb animation_style=\u00a0\u00bbfade\u00a0\u00bb box_shadow_style=\u00a0\u00bbpreset3&Prime; locked=\u00a0\u00bboff\u00a0\u00bb width__hover_enabled=\u00a0\u00bbon|desktop\u00a0\u00bb][\/et_pb_audio][et_pb_audio audio=\u00a0\u00bbhttps:\/\/stareyesmusiceducation.com\/wp-content\/uploads\/2021\/02\/19.-Tourne-en-rond-snippets.mp3&Prime; title=\u00a0\u00bb19. Tourne en rond\u00a0\u00bb _builder_version=\u00a0\u00bb4.9.0&Prime; _module_preset=\u00a0\u00bbdefault\u00a0\u00bb title_text_color=\u00a0\u00bb#ffffff\u00a0\u00bb title_font_size=\u00a0\u00bb18px\u00a0\u00bb title_line_height=\u00a0\u00bb1em\u00a0\u00bb caption_line_height=\u00a0\u00bb1em\u00a0\u00bb background_color=\u00a0\u00bbrgba(0,0,0,0)\u00a0\u00bb background_enable_image=\u00a0\u00bboff\u00a0\u00bb text_orientation=\u00a0\u00bbleft\u00a0\u00bb width=\u00a0\u00bb100%\u00a0\u00bb max_width=\u00a0\u00bb100%\u00a0\u00bb module_alignment=\u00a0\u00bbleft\u00a0\u00bb min_height=\u00a0\u00bb100px\u00a0\u00bb height=\u00a0\u00bb100px\u00a0\u00bb max_height=\u00a0\u00bb100px\u00a0\u00bb custom_margin=\u00a0\u00bb0px||0px|0px|false|false\u00a0\u00bb custom_padding=\u00a0\u00bb0px||0px|0px|false|false\u00a0\u00bb animation_style=\u00a0\u00bbfade\u00a0\u00bb box_shadow_style=\u00a0\u00bbpreset3&Prime; locked=\u00a0\u00bboff\u00a0\u00bb width__hover_enabled=\u00a0\u00bbon|desktop\u00a0\u00bb][\/et_pb_audio][et_pb_audio audio=\u00a0\u00bbhttps:\/\/stareyesmusiceducation.com\/wp-content\/uploads\/2021\/02\/22.-Au-revoir-snippets.mp3&Prime; title=\u00a0\u00bb22. Au revoir\u00a0\u00bb _builder_version=\u00a0\u00bb4.9.0&Prime; _module_preset=\u00a0\u00bbdefault\u00a0\u00bb title_text_color=\u00a0\u00bb#ffffff\u00a0\u00bb title_font_size=\u00a0\u00bb18px\u00a0\u00bb title_line_height=\u00a0\u00bb1em\u00a0\u00bb caption_line_height=\u00a0\u00bb1em\u00a0\u00bb background_color=\u00a0\u00bbrgba(0,0,0,0)\u00a0\u00bb background_enable_image=\u00a0\u00bboff\u00a0\u00bb text_orientation=\u00a0\u00bbleft\u00a0\u00bb width=\u00a0\u00bb100%\u00a0\u00bb max_width=\u00a0\u00bb100%\u00a0\u00bb module_alignment=\u00a0\u00bbleft\u00a0\u00bb min_height=\u00a0\u00bb100px\u00a0\u00bb height=\u00a0\u00bb100px\u00a0\u00bb max_height=\u00a0\u00bb100px\u00a0\u00bb custom_margin=\u00a0\u00bb0px||0px|0px|false|false\u00a0\u00bb custom_padding=\u00a0\u00bb0px||0px|0px|false|false\u00a0\u00bb animation_style=\u00a0\u00bbfade\u00a0\u00bb box_shadow_style=\u00a0\u00bbpreset3&Prime; locked=\u00a0\u00bboff\u00a0\u00bb width__hover_enabled=\u00a0\u00bbon|desktop\u00a0\u00bb][\/et_pb_audio][et_pb_text _builder_version=\u00a0\u00bb4.8.2&Prime; _module_preset=\u00a0\u00bbdefault\u00a0\u00bb]<\/p>\n<h3 class=\"p1\"><span style=\"color: #008080;\"><\/span><\/h3>\n<h3 class=\"p3\"><span style=\"color: #ffffff;\"><\/span><\/h3>\n<h4 class=\"p5\" style=\"text-align: center;\"><span style=\"color: #ffffff;\">Tous droits de traduction et d\u2019adaptation r\u00e9serv\u00e9s pour tous les pays.<\/span><\/h4>\n<h4 class=\"p5\" style=\"text-align: center;\"><span style=\"color: #ffffff;\">Toute reproduction d\u2019un extrait quelconque de ce livre,<\/span><\/h4>\n<h4 class=\"p5\" style=\"text-align: center;\"><span style=\"color: #ffffff;\">par proc\u00e9d\u00e9 m\u00e9canique ou \u00e9lectronique,<\/span><\/h4>\n<h4 class=\"p5\" style=\"text-align: center;\"><span style=\"color: #ffffff;\">y compris la micro-reproduction, <\/span><span style=\"color: #ffffff;\">est strictement interdite <\/span><\/h4>\n<h4 class=\"p5\" style=\"text-align: center;\"><span style=\"color: #ffffff;\">sans l\u2019autorisation<span class=\"Apple-converted-space\">\u00a0 <\/span>\u00e9crite de l\u2019\u00e9diteur.<\/span><\/h4>\n<h4 class=\"p5\" style=\"text-align: center;\"><span style=\"color: #ffffff;\"><b><\/b><\/span><\/h4>\n<h4 class=\"p5\" style=\"text-align: center;\"><span style=\"color: #ffffff;\"><b><\/b><\/span><\/h4>\n<h4 class=\"p5\" style=\"text-align: center;\"><span style=\"color: #ffffff;\"><b>Editions: Adragant<\/b>e<\/span><\/h4>\n<h4 class=\"p5\" style=\"text-align: center;\"><span style=\"color: #ffffff;\">\u00a9 Socan<\/span><\/h4>\n<h4 class=\"p5\" style=\"text-align: center;\"><span style=\"color: #ffffff;\">*\u00abLa petite poule rouge\u00bb: Miss Sara Cone Bryant<\/span><\/h4>\n<h4 class=\"p5\" style=\"text-align: center;\"><span style=\"color: #ffffff;\">\u00abLe petit ours et l\u2019avion\u00bb: Isabelle Jaccard\u00a0<\/span><\/h4>\n<p>[\/et_pb_text][\/et_pb_column][et_pb_column type=\u00a0\u00bb1_2&Prime; _builder_version=\u00a0\u00bb4.6.6&Prime; _module_preset=\u00a0\u00bbdefault\u00a0\u00bb][et_pb_text _builder_version=\u00a0\u00bb4.8.2&Prime; _module_preset=\u00a0\u00bbdefault\u00a0\u00bb]<\/p>\n<h3 class=\"p1\" style=\"text-align: center;\"><span style=\"color: #ffffff;\">Conception: Fran\u00e7oise Lombard, Michel Comeau<\/span><\/h3>\n<h3 class=\"p1\" style=\"text-align: center;\"><span style=\"color: #ffffff;\">Sc\u00e9narisation et r\u00e9alisation: Michel Comeau<\/span><\/h3>\n<h3 class=\"p1\" style=\"text-align: center;\"><span style=\"color: #ffffff;\">Illustrations: \u00c9ric Warin<\/span><\/h3>\n<h3 class=\"p1\" style=\"text-align: center;\"><span style=\"color: #ffffff;\">Collaboration p\u00e9dagogique: Fran\u00e7ois Dufour, Marielle Richer<\/span><\/h3>\n<h3 class=\"p1\" style=\"text-align: center;\"><span style=\"color: #ffffff;\">Textes et compositions musicales:<\/span><\/h3>\n<h3 class=\"p1\" style=\"text-align: center;\"><span style=\"color: #ffffff;\">Fran\u00e7oise Lombard, Michel Comeau<\/span><\/h3>\n<h3 class=\"p1\" style=\"text-align: center;\"><span style=\"color: #ffffff;\">Narration et piano: Fran\u00e7oise Lombard<\/span><\/h3>\n<h3 class=\"p1\" style=\"text-align: center;\"><span style=\"color: #ffffff;\">Contes*: Fran\u00e7ois Dufour<\/span><\/h3>\n<h3 class=\"p1\" style=\"text-align: center;\"><span style=\"color: #ffffff;\"><\/span><\/h3>\n<h3 class=\"p1\" style=\"text-align: center;\"><span style=\"color: #ffffff;\"><\/span><\/h3>\n<h3 class=\"p1\" style=\"text-align: center;\"><span style=\"color: #ffffff;\">Dans le r\u00f4le de Moutsi: R\u00e9mi Collard, hautbois<\/span><\/h3>\n<h3 class=\"p1\" style=\"text-align: center;\"><span style=\"color: #ffffff;\">Voix chant\u00e9es: Michel Comeau, Fran\u00e7oise Lombard<\/span><\/h3>\n<h3 class=\"p1\" style=\"text-align: center;\"><span style=\"color: #ffffff;\">Voix d\u2019enfants: Alexandre et H\u00e9lo\u00efse Warin, Caroline et Nicolas Scott<\/span><\/h3>\n<h3 class=\"p1\" style=\"text-align: center;\"><span style=\"color: #ffffff;\"><\/span><\/h3>\n<h3 class=\"p1\" style=\"text-align: center;\"><span style=\"color: #ffffff;\"><\/span><\/h3>\n<h3 class=\"p1\" style=\"text-align: center;\"><span style=\"color: #ffffff;\">Synth\u00e9tiseur: Fran\u00e7oise Lombard, Luc Beaugrand (4, 14, 19)<\/span><\/h3>\n<h3 class=\"p1\" style=\"text-align: center;\"><span style=\"color: #ffffff;\">Guitare: Michel Comeau, Louis Morneau (3)<\/span><\/h3>\n<h3 class=\"p1\" style=\"text-align: center;\"><span style=\"color: #ffffff;\">Violon et sifflet: Helmut Lipsky<\/span><\/h3>\n<h3 class=\"p1\" style=\"text-align: center;\"><span style=\"color: #ffffff;\">Programmation rythmique: Marc Girard (14)<\/span><\/h3>\n<h3 class=\"p1\" style=\"text-align: center;\"><span style=\"color: #ffffff;\"><\/span><\/h3>\n<h3 class=\"p1\" style=\"text-align: center;\"><span style=\"color: #ffffff;\"><\/span><\/h3>\n<h3 class=\"p1\" style=\"text-align: center;\"><span style=\"color: #ffffff;\">Prise de son: Michel Comeau, Louis Morneau (piano acoustique)<\/span><\/h3>\n<h3 class=\"p1\" style=\"text-align: center;\"><span style=\"color: #ffffff;\">Mixage: Louis Morneau<\/span><\/h3>\n<h3 class=\"p1\" style=\"text-align: center;\"><span style=\"color: #ffffff;\">Matri\u00e7age: TrueSound Mastering Montr\u00e9al<\/span><\/h3>\n<h3 class=\"p1\" style=\"text-align: center;\"><span style=\"color: #ffffff;\"><\/span><\/h3>\n<h3 class=\"p1\" style=\"text-align: center;\"><span style=\"color: #ffffff;\"><\/span><\/h3>\n<h3 class=\"p1\" style=\"text-align: center;\"><span style=\"color: #ffffff;\">Infographie: Publiart inc.<\/span><\/h3>\n<h3 class=\"p1\" style=\"text-align: center;\"><span style=\"color: #ffffff;\">Graphisme num\u00e9rique: M\u00e9lanie Comeau<\/span><\/h3>\n<h3 class=\"p1\" style=\"text-align: center;\"><span style=\"color: #ffffff;\">Production: Les Productions Stareyes inc.<\/span><\/h3>\n<h3 class=\"p1\" style=\"text-align: center;\"><span style=\"color: #ffffff;\">Studio Northmount, Montr\u00e9al, Canada<\/span><\/h3>\n<h3 class=\"p3\" style=\"text-align: center;\"><span style=\"color: #ffffff;\">Nous remercions nos amis du Qu\u00e9bec et d\u2019Europe, tout particuli\u00e8rement<\/span><\/h3>\n<h3 class=\"p3\" style=\"text-align: center;\"><span style=\"color: #ffffff;\">Isabelle Herdier, Fran\u00e7ois Dufour<\/span><\/h3>\n<h3 class=\"p3\" style=\"text-align: center;\"><span style=\"color: #ffffff;\">et Marielle Richer pour leur soutien amical et leurs conseils,<\/span><\/h3>\n<h3 class=\"p3\" style=\"text-align: center;\"><span style=\"color: #ffffff;\">ainsi que Barbara Le Fort pour sa collaboration aux textes des chansons:<\/span><\/h3>\n<h3 class=\"p3\" style=\"text-align: center;\"><span style=\"color: #ffffff;\">\u00abJ\u2019suis pas comme toi\u00bb et \u00abTourne en rond\u00bb.\u00a0<\/span><\/h3>\n<p>[\/et_pb_text][\/et_pb_column][\/et_pb_row][et_pb_row _builder_version=\u00a0\u00bb4.6.6&Prime; _module_preset=\u00a0\u00bbdefault\u00a0\u00bb min_height=\u00a0\u00bb68px\u00a0\u00bb][et_pb_column type=\u00a0\u00bb4_4&Prime; _builder_version=\u00a0\u00bb4.6.6&Prime; _module_preset=\u00a0\u00bbdefault\u00a0\u00bb][et_pb_divider divider_style=\u00a0\u00bbgroove\u00a0\u00bb _builder_version=\u00a0\u00bb4.6.6&Prime; _module_preset=\u00a0\u00bbdefault\u00a0\u00bb][\/et_pb_divider][\/et_pb_column][\/et_pb_row][\/et_pb_section]<\/p>\n","protected":false},"excerpt":{"rendered":"<p>Avec la complicit\u00e9 des parents, grands-parents ou \u00e9ducateurs, \u00abMoutsi et moi\u00bb contribue au d\u00e9veloppement affectif de l&rsquo;enfant et \u00e0 son bien-\u00eatre. Un personnage : Moutsi, de la musique, des chansons, des histoires, de la narration sur des th\u00e8mes qui se rapportent \u00e0 la vie quotidienne de l&rsquo;enfant. Ce livret musical offre une ouverture sur l&rsquo;univers [&hellip;]<\/p>\n","protected":false},"author":1,"featured_media":0,"parent":0,"menu_order":0,"comment_status":"closed","ping_status":"closed","template":"","meta":{"_et_pb_use_builder":"on","_et_pb_old_content":"","_et_gb_content_width":"","footnotes":""},"class_list":["post-2230","page","type-page","status-publish","hentry"],"_links":{"self":[{"href":"https:\/\/stareyesmusiceducation.com\/fr\/wp-json\/wp\/v2\/pages\/2230","targetHints":{"allow":["GET"]}}],"collection":[{"href":"https:\/\/stareyesmusiceducation.com\/fr\/wp-json\/wp\/v2\/pages"}],"about":[{"href":"https:\/\/stareyesmusiceducation.com\/fr\/wp-json\/wp\/v2\/types\/page"}],"author":[{"embeddable":true,"href":"https:\/\/stareyesmusiceducation.com\/fr\/wp-json\/wp\/v2\/users\/1"}],"replies":[{"embeddable":true,"href":"https:\/\/stareyesmusiceducation.com\/fr\/wp-json\/wp\/v2\/comments?post=2230"}],"version-history":[{"count":10,"href":"https:\/\/stareyesmusiceducation.com\/fr\/wp-json\/wp\/v2\/pages\/2230\/revisions"}],"predecessor-version":[{"id":2316,"href":"https:\/\/stareyesmusiceducation.com\/fr\/wp-json\/wp\/v2\/pages\/2230\/revisions\/2316"}],"wp:attachment":[{"href":"https:\/\/stareyesmusiceducation.com\/fr\/wp-json\/wp\/v2\/media?parent=2230"}],"curies":[{"name":"wp","href":"https:\/\/api.w.org\/{rel}","templated":true}]}}