{"id":665,"date":"2020-11-03T14:59:41","date_gmt":"2020-11-03T14:59:41","guid":{"rendered":"https:\/\/stareyesmusiceducation.com\/pedagogical-meetings-on-zoom\/"},"modified":"2022-02-18T15:54:33","modified_gmt":"2022-02-18T20:54:33","slug":"pedagogical-meetings-on-zoom","status":"publish","type":"page","link":"https:\/\/stareyesmusiceducation.com\/fr\/pedagogical-meetings-on-zoom\/","title":{"rendered":"Rendez-vous p\u00e9dagogiques sur Zoom"},"content":{"rendered":"<p>[et_pb_section fb_built=\u00a0\u00bb1&Prime; next_background_color=\u00a0\u00bb#ffffff\u00a0\u00bb _builder_version=\u00a0\u00bb4.6.6&Prime; _module_preset=\u00a0\u00bbdefault\u00a0\u00bb background_image=\u00a0\u00bbhttps:\/\/stareyesmusiceducation.com\/wp-content\/uploads\/2020\/10\/cielback.png\u00a0\u00bb module_alignment=\u00a0\u00bbcenter\u00a0\u00bb height=\u00a0\u00bb2616px\u00a0\u00bb custom_margin=\u00a0\u00bb||779px|||\u00a0\u00bb custom_padding=\u00a0\u00bb||926px|||\u00a0\u00bb bottom_divider_style=\u00a0\u00bbwaves2&Prime;][et_pb_row column_structure=\u00a0\u00bb1_2,1_2&Prime; _builder_version=\u00a0\u00bb4.6.6&Prime; _module_preset=\u00a0\u00bbdefault\u00a0\u00bb max_width=\u00a0\u00bb1200px\u00a0\u00bb custom_padding=\u00a0\u00bb||9px|||\u00a0\u00bb][et_pb_column type=\u00a0\u00bb1_2&Prime; _builder_version=\u00a0\u00bb4.6.5&Prime; _module_preset=\u00a0\u00bbdefault\u00a0\u00bb][et_pb_text _builder_version=\u00a0\u00bb4.9.2&Prime; _module_preset=\u00a0\u00bbdefault\u00a0\u00bb]<\/p>\n<h2 class=\"p1\"><span style=\"color: #ffffff;\">RENDEZ-VOUS P\u00c9DAGOGIQUES EN LIGNE<\/span><\/h2>\n<h3 class=\"p1\"><span style=\"color: #ffffff;\">avec Fran\u00e7oise Lombard<\/span><\/h3>\n<p>[\/et_pb_text][et_pb_text _builder_version=\u00a0\u00bb4.9.2&Prime; _module_preset=\u00a0\u00bbdefault\u00a0\u00bb]<\/p>\n<p class=\"p1\"><span style=\"color: #ffffff;\">Les rendez-vous p\u00e9dagogiques en groupe accompagnent l\u2019utilisation de chaque volume de la Librairie Audio \u00abmusique et mouvement\u00bb.<\/span><\/p>\n<p class=\"p1\"><span style=\"color: #ffffff;\">Ils sont fortement recommand\u00e9s, car ils favorisent, dans un \u00e9change en direct, la compr\u00e9hension de la d\u00e9marche et l\u2019\u00e9tablissement de liens concrets entre la musique et la pratique en classe.<\/span><\/p>\n<p class=\"p1\"><span style=\"color: #ffffff;\">Chaque volume de la librairie contient une dizaine de pistes musicales centr\u00e9es sur divers sujets constituant le langage musical.<\/span><\/p>\n<p class=\"p1\"><span style=\"color: #ffffff;\">Trois rendez-vous par volume (ou plus selon la demande) sont pr\u00e9vus pour couvrir son contenu. Les th\u00e8mes d&rsquo;apprentissages suivent l\u2019ordre chronologique du volume (3 \u00e0 4 pistes par rencontre).<\/span><\/p>\n<p class=\"p1\"><span style=\"color: #ffffff;\">Co\u00fbt : 20$ US par rendez-vous<\/span><\/p>\n<p class=\"p1\"><span style=\"color: #ffffff;\">Pr\u00e9requis : l\u2019achat du volume de la Librairie Audio correspondant aux rendez-vous.<\/span><\/p>\n<p><span style=\"color: #ffffff;\">Il n&rsquo;y a pas de progression sp\u00e9cifique entre les volumes; on peut se les procurer dans l&rsquo;ordre d\u00e9sir\u00e9.<\/span><\/p>\n<p><span style=\"color: #ffffff;\">LES DATES DES PROCHAINS RENDEZ-VOUS SE TROUVENT SUR LE SITE (MENU).<\/span><\/p>\n<h3><span style=\"color: #ffffff;\"><a style=\"color: #ffffff;\" href=\"mailto:info@stareyesmusiceducation.com\">info@stareyesmusiceducation.com<\/a><\/span><\/h3>\n<p>[\/et_pb_text][\/et_pb_column][et_pb_column type=\u00a0\u00bb1_2&Prime; _builder_version=\u00a0\u00bb4.6.5&Prime; _module_preset=\u00a0\u00bbdefault\u00a0\u00bb][et_pb_code _builder_version=\u00a0\u00bb4.9.2&Prime; _module_preset=\u00a0\u00bbdefault\u00a0\u00bb]<iframe loading=\"lazy\" src=\"https:\/\/player.vimeo.com\/video\/475985107?badge=0&#038;autopause=0&#038;player_id=0&#038;app_id=58479\" width=\"640\" height=\"360\" frameborder=\"0\" allow=\"autoplay; fullscreen; picture-in-picture\" allowfullscreen title=\"Vol 1 Rendez-vous p\u00e9dagogique trailer\"><\/iframe>[\/et_pb_code][et_pb_button button_url=\u00a0\u00bbhttps:\/\/stareyesmusiceducation.com\/fr\/produit\/rendez-vous-pedagogiques-sur-zoom\/\u00a0\u00bb button_text=\u00a0\u00bbAcheter\u00a0\u00bb _builder_version=\u00a0\u00bb4.7.3&Prime; _module_preset=\u00a0\u00bbdefault\u00a0\u00bb background_layout=\u00a0\u00bbdark\u00a0\u00bb][\/et_pb_button][et_pb_button button_url=\u00a0\u00bbhttps:\/\/stareyesmusiceducation.com\/fr\/dates\/\u00a0\u00bb button_text=\u00a0\u00bbDates\u00a0\u00bb _builder_version=\u00a0\u00bb4.7.7&Prime; _module_preset=\u00a0\u00bbdefault\u00a0\u00bb background_layout=\u00a0\u00bbdark\u00a0\u00bb][\/et_pb_button][\/et_pb_column][\/et_pb_row][et_pb_row column_structure=\u00a0\u00bb1_2,1_4,1_4&Prime; _builder_version=\u00a0\u00bb4.6.6&Prime; _module_preset=\u00a0\u00bbdefault\u00a0\u00bb width=\u00a0\u00bb100%\u00a0\u00bb max_width=\u00a0\u00bb1200px\u00a0\u00bb custom_padding=\u00a0\u00bb16px||0px|||\u00a0\u00bb][et_pb_column type=\u00a0\u00bb1_2&Prime; _builder_version=\u00a0\u00bb4.6.6&Prime; _module_preset=\u00a0\u00bbdefault\u00a0\u00bb][et_pb_text _builder_version=\u00a0\u00bb4.9.2&Prime; _module_preset=\u00a0\u00bbdefault\u00a0\u00bb]<\/p>\n<p class=\"p1\"><span style=\"color: #ffffff;\">Ce mat\u00e9riel est destin\u00e9 \u00e0 promouvoir l\u2019apprentissage de la musique par le mouvement du corps, mais il ne constitue pas une formation professionnelle \u00ab\u00a0musique et mouvement\u00a0\u00bb. Par cons\u00e9quent, son utilisation n\u2019autorise pas \u00e0 utiliser le titre d\u2019enseignant Dalcroze. Toutefois, l\u2019exp\u00e9rimentation de la Biblioth\u00e8que pourrait inspirer et motiver une personne \u00e0 poursuivre une formation plus avanc\u00e9e de Jaques-Dalcroze Eurhythmics, avec la possibilit\u00e9 d\u2019obtenir, apr\u00e8s plusieurs ann\u00e9es d\u2019\u00e9tudes, une reconnaissance professionnelle.<\/span><\/p>\n<p>[\/et_pb_text][\/et_pb_column][et_pb_column type=\u00a0\u00bb1_4&Prime; _builder_version=\u00a0\u00bb4.6.6&Prime; _module_preset=\u00a0\u00bbdefault\u00a0\u00bb][et_pb_text _builder_version=\u00a0\u00bb4.9.2&Prime; _module_preset=\u00a0\u00bbdefault\u00a0\u00bb hover_enabled=\u00a0\u00bb0&Prime; sticky_enabled=\u00a0\u00bb0&Prime;]<\/p>\n<div class=\"tralbumData tralbum-credits\"><span style=\"color: #ffffff;\">Enregistrement : Studio Northmount, Montr\u00e9al<\/span><br \/><span style=\"color: #ffffff;\">Direction artistique : Michel Comeau<\/span><br \/><span style=\"color: #ffffff;\">Matri\u00e7age : Louis Morneau<\/span><br \/><span style=\"color: #ffffff;\">Production : Stareyes inc. Musique et \u00c9ducation<\/span><br \/><span style=\"color: #ffffff;\">\u00c9dition : \u00a9 Les \u00c9ditions Adragante\/SOCAN<\/span><\/div>\n<div class=\"tralbumData tralbum-credits\"><span style=\"color: #ffffff;\"><\/span><\/div>\n<div id=\"license\" class=\"info license\"><span style=\"color: #ffffff;\">Tous droits r\u00e9serv\u00e9s<\/span><\/div>\n<p>[\/et_pb_text][\/et_pb_column][et_pb_column type=\u00a0\u00bb1_4&Prime; _builder_version=\u00a0\u00bb4.6.6&Prime; _module_preset=\u00a0\u00bbdefault\u00a0\u00bb][et_pb_text _builder_version=\u00a0\u00bb4.9.2&Prime; _module_preset=\u00a0\u00bbdefault\u00a0\u00bb]<\/p>\n<p><span style=\"color: #ffffff;\">Stareyes a \u00e9t\u00e9 fond\u00e9e en 1986 \u00e0 Montr\u00e9al par deux artistes multidisciplinaires. Les r\u00e9alisations musicales et audiovisuelles ont port\u00e9 sur l\u2019\u00e9ducation, les relations, la p\u00e9dagogie musicale et l\u2019\u00e9coute.<\/span><\/p>\n<p>&nbsp;<\/p>\n<p>[\/et_pb_text][et_pb_divider color=\u00a0\u00bb#ffffff\u00a0\u00bb _builder_version=\u00a0\u00bb4.6.6&Prime; _module_preset=\u00a0\u00bbdefault\u00a0\u00bb][\/et_pb_divider][et_pb_image src=\u00a0\u00bbhttps:\/\/stareyesmusiceducation.com\/wp-content\/uploads\/2020\/10\/Osteophonic.jpg\u00a0\u00bb title_text=\u00a0\u00bbOsteophonique\u00a0\u00bb _builder_version=\u00a0\u00bb4.6.6&Prime; _module_preset=\u00a0\u00bbdefault\u00a0\u00bb width=\u00a0\u00bb70%\u00a0\u00bb][\/et_pb_image][et_pb_text _builder_version=\u00a0\u00bb4.6.6&Prime; _module_preset=\u00a0\u00bbdefault\u00a0\u00bb]<\/p>\n<h6 class=\"p1\"><span style=\"color: #999999;\">\u00ab\u00a0resonance\u00a0\u00bb voix osteophoniques<\/span><\/h6>\n<h6 class=\"p1\"><span style=\"color: #999999;\">May 2020<\/span><\/h6>\n<p>[\/et_pb_text][et_pb_image src=\u00a0\u00bbhttps:\/\/stareyesmusiceducation.com\/wp-content\/uploads\/2020\/10\/Berceuses.jpg\u00a0\u00bb title_text=\u00a0\u00bbBerceuses\u00a0\u00bb _builder_version=\u00a0\u00bb4.6.6&Prime; _module_preset=\u00a0\u00bbdefault\u00a0\u00bb width=\u00a0\u00bb70%\u00a0\u00bb][\/et_pb_image][et_pb_text _builder_version=\u00a0\u00bb4.6.6&Prime; _module_preset=\u00a0\u00bbdefault\u00a0\u00bb]<\/p>\n<h6 class=\"p1\"><span style=\"color: #ffffff;\">Berceuses<\/span><\/h6>\n<h6 class=\"p1\"><span style=\"color: #ffffff;\">Sep 2020<\/span><\/h6>\n<p>[\/et_pb_text][et_pb_image src=\u00a0\u00bbhttps:\/\/stareyesmusiceducation.com\/wp-content\/uploads\/2020\/10\/vol1-FR.jpg\u00a0\u00bb title_text=\u00a0\u00bbvol1-FR\u00a0\u00bb _builder_version=\u00a0\u00bb4.6.6&Prime; _module_preset=\u00a0\u00bbdefault\u00a0\u00bb width=\u00a0\u00bb70%\u00a0\u00bb][\/et_pb_image][et_pb_text _builder_version=\u00a0\u00bb4.6.6&Prime; _module_preset=\u00a0\u00bbdefault\u00a0\u00bb]<\/p>\n<h6 class=\"p1\"><span style=\"color: #999999;\"><span style=\"color: #999999;\">Librairie audio volume I<\/span><\/span><\/h6>\n<p>[\/et_pb_text][et_pb_image src=\u00a0\u00bbhttps:\/\/stareyesmusiceducation.com\/wp-content\/uploads\/2020\/11\/Libreairia.jpg\u00a0\u00bb title_text=\u00a0\u00bbLibreairia\u00a0\u00bb _builder_version=\u00a0\u00bb4.7.0&Prime; _module_preset=\u00a0\u00bbdefault\u00a0\u00bb width=\u00a0\u00bb70%\u00a0\u00bb][\/et_pb_image][et_pb_text _builder_version=\u00a0\u00bb4.6.6&Prime; _module_preset=\u00a0\u00bbdefault\u00a0\u00bb]<\/p>\n<h6 class=\"p1\"><span style=\"color: #999999;\">Audio Library Volume I<\/span><\/h6>\n<p>[\/et_pb_text][\/et_pb_column][\/et_pb_row][et_pb_row _builder_version=\u00a0\u00bb4.6.6&Prime; _module_preset=\u00a0\u00bbdefault\u00a0\u00bb][et_pb_column type=\u00a0\u00bb4_4&Prime; _builder_version=\u00a0\u00bb4.6.6&Prime; _module_preset=\u00a0\u00bbdefault\u00a0\u00bb][et_pb_divider divider_style=\u00a0\u00bbgroove\u00a0\u00bb _builder_version=\u00a0\u00bb4.6.6&Prime; _module_preset=\u00a0\u00bbdefault\u00a0\u00bb][\/et_pb_divider][\/et_pb_column][\/et_pb_row][\/et_pb_section]<\/p>\n","protected":false},"excerpt":{"rendered":"<p>RENDEZ-VOUS P\u00c9DAGOGIQUES EN LIGNE avec Fran\u00e7oise LombardLes rendez-vous p\u00e9dagogiques en groupe accompagnent l\u2019utilisation de chaque volume de la Librairie Audio \u00abmusique et mouvement\u00bb. Ils sont fortement recommand\u00e9s, car ils favorisent, dans un \u00e9change en direct, la compr\u00e9hension de la d\u00e9marche et l\u2019\u00e9tablissement de liens concrets entre la musique et la pratique en classe. Chaque volume [&hellip;]<\/p>\n","protected":false},"author":1,"featured_media":0,"parent":0,"menu_order":0,"comment_status":"closed","ping_status":"closed","template":"","meta":{"_et_pb_use_builder":"on","_et_pb_old_content":"","_et_gb_content_width":"","footnotes":""},"class_list":["post-665","page","type-page","status-publish","hentry"],"_links":{"self":[{"href":"https:\/\/stareyesmusiceducation.com\/fr\/wp-json\/wp\/v2\/pages\/665","targetHints":{"allow":["GET"]}}],"collection":[{"href":"https:\/\/stareyesmusiceducation.com\/fr\/wp-json\/wp\/v2\/pages"}],"about":[{"href":"https:\/\/stareyesmusiceducation.com\/fr\/wp-json\/wp\/v2\/types\/page"}],"author":[{"embeddable":true,"href":"https:\/\/stareyesmusiceducation.com\/fr\/wp-json\/wp\/v2\/users\/1"}],"replies":[{"embeddable":true,"href":"https:\/\/stareyesmusiceducation.com\/fr\/wp-json\/wp\/v2\/comments?post=665"}],"version-history":[{"count":37,"href":"https:\/\/stareyesmusiceducation.com\/fr\/wp-json\/wp\/v2\/pages\/665\/revisions"}],"predecessor-version":[{"id":3321,"href":"https:\/\/stareyesmusiceducation.com\/fr\/wp-json\/wp\/v2\/pages\/665\/revisions\/3321"}],"wp:attachment":[{"href":"https:\/\/stareyesmusiceducation.com\/fr\/wp-json\/wp\/v2\/media?parent=665"}],"curies":[{"name":"wp","href":"https:\/\/api.w.org\/{rel}","templated":true}]}}