{"id":1212,"date":"2020-11-20T16:00:52","date_gmt":"2020-11-20T21:00:52","guid":{"rendered":"https:\/\/stareyesmusiceducation.com\/product\/resonance-voix-osteophoniques\/"},"modified":"2024-06-23T23:00:19","modified_gmt":"2024-06-24T04:00:19","slug":"resonance-voix-osteophoniques","status":"publish","type":"product","link":"https:\/\/stareyesmusiceducation.com\/fr\/produit\/resonance-voix-osteophoniques\/","title":{"rendered":"\u00abresonance\u00bb voix ost\u00e9ophoniques"},"content":{"rendered":"","protected":false},"excerpt":{"rendered":"<h3 class=\"p1\">Les prix sont en USD (Dollar am\u00e9ricain)<\/h3>\n<p class=\"p1\">Musique chorale sans paroles. Les voix ost\u00e9ophoniques touchent, parce qu&rsquo;elles vibrent et r\u00e9sonnent dans tout le corps. Elles p\u00e9n\u00e8trent l&rsquo;imaginaire et le coeur et apportent un calme int\u00e9rieur: une musique de l&rsquo;\u00e2me.<\/p>\n","protected":false},"featured_media":1048,"comment_status":"open","ping_status":"closed","template":"","meta":{"_et_pb_use_builder":"","_et_pb_old_content":"","_et_gb_content_width":""},"product_cat":[160],"product_tag":[],"class_list":{"0":"post-1212","1":"product","2":"type-product","3":"status-publish","4":"has-post-thumbnail","6":"product_cat-musique","8":"first","9":"instock","10":"downloadable","11":"virtual","12":"purchasable","13":"product-type-simple"},"_links":{"self":[{"href":"https:\/\/stareyesmusiceducation.com\/fr\/wp-json\/wp\/v2\/product\/1212","targetHints":{"allow":["GET"]}}],"collection":[{"href":"https:\/\/stareyesmusiceducation.com\/fr\/wp-json\/wp\/v2\/product"}],"about":[{"href":"https:\/\/stareyesmusiceducation.com\/fr\/wp-json\/wp\/v2\/types\/product"}],"replies":[{"embeddable":true,"href":"https:\/\/stareyesmusiceducation.com\/fr\/wp-json\/wp\/v2\/comments?post=1212"}],"wp:featuredmedia":[{"embeddable":true,"href":"https:\/\/stareyesmusiceducation.com\/fr\/wp-json\/wp\/v2\/media\/1048"}],"wp:attachment":[{"href":"https:\/\/stareyesmusiceducation.com\/fr\/wp-json\/wp\/v2\/media?parent=1212"}],"wp:term":[{"taxonomy":"product_cat","embeddable":true,"href":"https:\/\/stareyesmusiceducation.com\/fr\/wp-json\/wp\/v2\/product_cat?post=1212"},{"taxonomy":"product_tag","embeddable":true,"href":"https:\/\/stareyesmusiceducation.com\/fr\/wp-json\/wp\/v2\/product_tag?post=1212"}],"curies":[{"name":"wp","href":"https:\/\/api.w.org\/{rel}","templated":true}]}}