{"id":1656,"date":"2020-12-17T06:52:59","date_gmt":"2020-12-17T11:52:59","guid":{"rendered":"https:\/\/stareyesmusiceducation.com\/product\/berceuses\/"},"modified":"2021-02-24T20:31:45","modified_gmt":"2021-02-25T01:31:45","slug":"berceuses","status":"publish","type":"product","link":"https:\/\/stareyesmusiceducation.com\/fr\/produit\/berceuses\/","title":{"rendered":"Berceuses"},"content":{"rendered":"","protected":false},"excerpt":{"rendered":"<h4>Les prix sont en USD (Dollars am\u00e9ricains)<\/h4>\n<p class=\"p1\">Berceuses originales pour deux voix et piano.<br \/>\nD\u00e8s la naissance et jusqu&rsquo;\u00e0 110 ans.<\/p>\n<p class=\"p1\">Il y a des choses qui se font toutes seules, spontan\u00e9ment: tenir un enfant dans ses bras et chanter, par exemple. On lui chante toujours la m\u00eame m\u00e9lodie, et voil\u00e0 qu\u2019elle devient LA chanson qui l\u2019endort. Puis on en invente une autre, et encore une autre, pour varier selon l\u2019humeur du moment.<\/p>\n<p class=\"p1\">\u00abLes berceuses\u00bb sont n\u00e9es comme \u00e7a. Pour accompagner les petits enfants de m\u00e9lodies r\u00e9confortantes et apaisantes.Comme par magie, elles sont tout aussi appr\u00e9ci\u00e9es au cr\u00e9puscule de la vie. Il n\u2019y a pas d\u2019\u00e2ge pour offrir un cadeau de tendresse<\/p>\n","protected":false},"featured_media":1051,"comment_status":"open","ping_status":"closed","template":"","meta":{"_et_pb_use_builder":"","_et_pb_old_content":"","_et_gb_content_width":""},"product_cat":[160],"product_tag":[],"class_list":{"0":"post-1656","1":"product","2":"type-product","3":"status-publish","4":"has-post-thumbnail","6":"product_cat-musique","8":"first","9":"instock","10":"downloadable","11":"virtual","12":"purchasable","13":"product-type-simple"},"_links":{"self":[{"href":"https:\/\/stareyesmusiceducation.com\/fr\/wp-json\/wp\/v2\/product\/1656","targetHints":{"allow":["GET"]}}],"collection":[{"href":"https:\/\/stareyesmusiceducation.com\/fr\/wp-json\/wp\/v2\/product"}],"about":[{"href":"https:\/\/stareyesmusiceducation.com\/fr\/wp-json\/wp\/v2\/types\/product"}],"replies":[{"embeddable":true,"href":"https:\/\/stareyesmusiceducation.com\/fr\/wp-json\/wp\/v2\/comments?post=1656"}],"wp:featuredmedia":[{"embeddable":true,"href":"https:\/\/stareyesmusiceducation.com\/fr\/wp-json\/wp\/v2\/media\/1051"}],"wp:attachment":[{"href":"https:\/\/stareyesmusiceducation.com\/fr\/wp-json\/wp\/v2\/media?parent=1656"}],"wp:term":[{"taxonomy":"product_cat","embeddable":true,"href":"https:\/\/stareyesmusiceducation.com\/fr\/wp-json\/wp\/v2\/product_cat?post=1656"},{"taxonomy":"product_tag","embeddable":true,"href":"https:\/\/stareyesmusiceducation.com\/fr\/wp-json\/wp\/v2\/product_tag?post=1656"}],"curies":[{"name":"wp","href":"https:\/\/api.w.org\/{rel}","templated":true}]}}