{"id":2233,"date":"2021-02-11T19:11:56","date_gmt":"2021-02-12T00:11:56","guid":{"rendered":"https:\/\/stareyesmusiceducation.com\/product\/moutsi-et-moi\/"},"modified":"2021-02-24T21:06:33","modified_gmt":"2021-02-25T02:06:33","slug":"moutsi-et-moi","status":"publish","type":"product","link":"https:\/\/stareyesmusiceducation.com\/fr\/produit\/moutsi-et-moi\/","title":{"rendered":"Moutsi et moi"},"content":{"rendered":"<p>[et_pb_section fb_built=\u00a0\u00bb1&Prime; _builder_version=\u00a0\u00bb3.22&Prime; custom_padding=\u00a0\u00bb0px||||false|false\u00a0\u00bb][et_pb_row _builder_version=\u00a0\u00bb3.25&Prime; background_size=\u00a0\u00bbinitial\u00a0\u00bb background_position=\u00a0\u00bbtop_left\u00a0\u00bb background_repeat=\u00a0\u00bbrepeat\u00a0\u00bb width=\u00a0\u00bb100%\u00a0\u00bb custom_padding=\u00a0\u00bb0px||0px||false|false\u00a0\u00bb][et_pb_column type=\u00a0\u00bb4_4&Prime; _builder_version=\u00a0\u00bb3.25&Prime; custom_padding=\u00a0\u00bb|||\u00a0\u00bb custom_padding__hover=\u00a0\u00bb|||\u00a0\u00bb][et_pb_wc_breadcrumb _builder_version=\u00a0\u00bb3.0.47&Prime;][\/et_pb_wc_breadcrumb][et_pb_wc_cart_notice _builder_version=\u00a0\u00bb3.0.47&Prime;][\/et_pb_wc_cart_notice][\/et_pb_column][\/et_pb_row][et_pb_row column_structure=\u00a0\u00bb1_2,1_2&Prime; _builder_version=\u00a0\u00bb3.25&Prime; background_size=\u00a0\u00bbinitial\u00a0\u00bb background_position=\u00a0\u00bbtop_left\u00a0\u00bb background_repeat=\u00a0\u00bbrepeat\u00a0\u00bb width=\u00a0\u00bb100%\u00a0\u00bb custom_padding=\u00a0\u00bb0px||||false|false\u00a0\u00bb][et_pb_column type=\u00a0\u00bb1_2&Prime; _builder_version=\u00a0\u00bb3.25&Prime; custom_padding=\u00a0\u00bb|||\u00a0\u00bb custom_padding__hover=\u00a0\u00bb|||\u00a0\u00bb][et_pb_wc_images _builder_version=\u00a0\u00bb4.9.0&Prime;][\/et_pb_wc_images][\/et_pb_column][et_pb_column type=\u00a0\u00bb1_2&Prime; _builder_version=\u00a0\u00bb3.25&Prime; custom_padding=\u00a0\u00bb|||\u00a0\u00bb custom_padding__hover=\u00a0\u00bb|||\u00a0\u00bb][et_pb_wc_title _builder_version=\u00a0\u00bb3.0.47&Prime;][\/et_pb_wc_title][et_pb_wc_rating _builder_version=\u00a0\u00bb3.0.47&Prime;][\/et_pb_wc_rating][et_pb_wc_price _builder_version=\u00a0\u00bb3.0.47&Prime;][\/et_pb_wc_price][et_pb_wc_description _builder_version=\u00a0\u00bb3.0.47&Prime;][\/et_pb_wc_description][et_pb_wc_add_to_cart _builder_version=\u00a0\u00bb3.0.47&Prime;][\/et_pb_wc_add_to_cart][et_pb_wc_meta _builder_version=\u00a0\u00bb3.0.47&Prime;][\/et_pb_wc_meta][\/et_pb_column][\/et_pb_row][et_pb_row _builder_version=\u00a0\u00bb3.25&Prime; background_size=\u00a0\u00bbinitial\u00a0\u00bb background_position=\u00a0\u00bbtop_left\u00a0\u00bb background_repeat=\u00a0\u00bbrepeat\u00a0\u00bb width=\u00a0\u00bb100%\u00a0\u00bb][et_pb_column type=\u00a0\u00bb4_4&Prime; _builder_version=\u00a0\u00bb3.25&Prime; custom_padding=\u00a0\u00bb|||\u00a0\u00bb custom_padding__hover=\u00a0\u00bb|||\u00a0\u00bb][et_pb_wc_tabs _builder_version=\u00a0\u00bb3.0.47&Prime;]\t\t\t\t\t[\/et_pb_wc_tabs][et_pb_wc_upsells _builder_version=\u00a0\u00bb3.0.47&Prime;][\/et_pb_wc_upsells][et_pb_wc_related_products _builder_version=\u00a0\u00bb3.0.47&Prime;][\/et_pb_wc_related_products][\/et_pb_column][\/et_pb_row][\/et_pb_section]<\/p>\n","protected":false},"excerpt":{"rendered":"<h3 class=\"p1\"><span style=\"color: #0000ff;\">(dollars am\u00e9ricains)<\/span><\/h3>\n<h3 class=\"p1\"><span style=\"color: #0000ff;\">Ce livret musical offre une ouverture sur l&rsquo;univers affectif et \u00e9motionnel de l&rsquo;enfant. Il permet aux adultes de mieux conna\u00eetre le monde int\u00e9rieur de l&rsquo;enfant et d&rsquo;interagir avec lui par le biais de chansons, d&rsquo;activit\u00e9s cr\u00e9atrices et d&rsquo;\u00e9changes divers.<\/span><\/h3>\n","protected":false},"featured_media":2151,"comment_status":"open","ping_status":"closed","template":"","meta":{"_et_pb_use_builder":"on","_et_pb_old_content":"","_et_gb_content_width":""},"product_cat":[160],"product_tag":[],"class_list":{"0":"post-2233","1":"product","2":"type-product","3":"status-publish","4":"has-post-thumbnail","6":"product_cat-musique","8":"first","9":"instock","10":"downloadable","11":"shipping-taxable","12":"purchasable","13":"product-type-simple"},"_links":{"self":[{"href":"https:\/\/stareyesmusiceducation.com\/fr\/wp-json\/wp\/v2\/product\/2233","targetHints":{"allow":["GET"]}}],"collection":[{"href":"https:\/\/stareyesmusiceducation.com\/fr\/wp-json\/wp\/v2\/product"}],"about":[{"href":"https:\/\/stareyesmusiceducation.com\/fr\/wp-json\/wp\/v2\/types\/product"}],"replies":[{"embeddable":true,"href":"https:\/\/stareyesmusiceducation.com\/fr\/wp-json\/wp\/v2\/comments?post=2233"}],"wp:featuredmedia":[{"embeddable":true,"href":"https:\/\/stareyesmusiceducation.com\/fr\/wp-json\/wp\/v2\/media\/2151"}],"wp:attachment":[{"href":"https:\/\/stareyesmusiceducation.com\/fr\/wp-json\/wp\/v2\/media?parent=2233"}],"wp:term":[{"taxonomy":"product_cat","embeddable":true,"href":"https:\/\/stareyesmusiceducation.com\/fr\/wp-json\/wp\/v2\/product_cat?post=2233"},{"taxonomy":"product_tag","embeddable":true,"href":"https:\/\/stareyesmusiceducation.com\/fr\/wp-json\/wp\/v2\/product_tag?post=2233"}],"curies":[{"name":"wp","href":"https:\/\/api.w.org\/{rel}","templated":true}]}}