{"id":1997,"date":"2020-12-30T11:35:07","date_gmt":"2020-12-30T16:35:07","guid":{"rendered":"https:\/\/stareyesmusiceducation.com\/blue\/"},"modified":"2021-02-15T21:04:10","modified_gmt":"2021-02-16T02:04:10","slug":"blue","status":"publish","type":"page","link":"https:\/\/stareyesmusiceducation.com\/it\/blue\/","title":{"rendered":"BLUE"},"content":{"rendered":"<p>[et_pb_section fb_built=&#8221;1&#8243; next_background_color=&#8221;#ffffff&#8221; _builder_version=&#8221;4.6.6&#8243; _module_preset=&#8221;default&#8221; background_image=&#8221;https:\/\/stareyesmusiceducation.com\/wp-content\/uploads\/2020\/10\/cielback.png&#8221; module_alignment=&#8221;center&#8221; height=&#8221;3574px&#8221; custom_margin=&#8221;||969px|||&#8221; custom_padding=&#8221;||926px|||&#8221; bottom_divider_style=&#8221;waves2&#8243;][et_pb_row column_structure=&#8221;1_2,1_2&#8243; _builder_version=&#8221;4.6.6&#8243; _module_preset=&#8221;default&#8221; max_width=&#8221;1200px&#8221; custom_padding=&#8221;||9px|||&#8221;][et_pb_column type=&#8221;1_2&#8243; _builder_version=&#8221;4.6.5&#8243; _module_preset=&#8221;default&#8221;][et_pb_text _builder_version=&#8221;4.7.7&#8243; _module_preset=&#8221;default&#8221; custom_margin=&#8221;-26px||15px|||&#8221;]<\/p>\n<h1><span style=\"color: #ffffff;\">BLUE<\/span><\/h1>\n<h1><span style=\"color: #ffffff; font-size: 16px;\">&#8220;Ritrovare i ricordi pi\u00f9 cari. Convogliare i suoi sensi, aprire un percorso sensibile alla voce interiore. Il pianoforte \u00e8 l\u00ec che aspetta, sempre disponibile. Accarezzandolo, sfiorandolo, tastandolo, risponde immediatamente con le sue risonanze, da quelle eteree e celestiali a quelle pi\u00f9 calde e profonde. Per poi avventurarsi un po&#8217; pi\u00f9 in l\u00e0, in una sorte di dialogo tra l\u2019anima e lo strumento: chi, tra l\u2019uomo e il pianoforte aprir\u00e0 per primo il diario dei ricordi per rivivere senza pudori i giorni pi\u00f9 spensierati come quelli pi\u00f9 malinconici? Compagno di vita, testimone ed eco del mio passato, il pianoforte mi d\u00e0 accesso a una libert\u00e0 di espressione che va oltre le parole.\u2028Questa proposta musicale \u00e8 un invito a lasciarvi cullare da armonie che forse toccheranno anche le vostre corde pi\u00f9 sensibili.&#8221;<br \/>\n<\/span><\/p>\n<p class=\"p1\" style=\"text-align: right;\"><span style=\"color: #ffffff;\"><em>Fran\u00e7oise Lombard<\/em><\/span><\/p>\n<p>[\/et_pb_text][et_pb_image src=&#8221;https:\/\/stareyesmusiceducation.com\/wp-content\/uploads\/2021\/02\/Blue-Front-Cover2.jpg&#8221; title_text=&#8221;Blue Front Cover2&#8243; _builder_version=&#8221;4.9.0&#8243; _module_preset=&#8221;default&#8221; height=&#8221;233px&#8221; hover_enabled=&#8221;0&#8243; sticky_enabled=&#8221;0&#8243;][\/et_pb_image][et_pb_button button_url=&#8221;https:\/\/stareyesmusiceducation.com\/it\/prodotto\/blue\/&#8221; button_text=&#8221;Comprare BLUE&#8221; _builder_version=&#8221;4.7.7&#8243; _module_preset=&#8221;default&#8221; background_layout=&#8221;dark&#8221; custom_margin=&#8221;||17px|||&#8221;][\/et_pb_button][\/et_pb_column][et_pb_column type=&#8221;1_2&#8243; _builder_version=&#8221;4.6.5&#8243; _module_preset=&#8221;default&#8221;][et_pb_code _builder_version=&#8221;4.9.0&#8243; _module_preset=&#8221;default&#8221; hover_enabled=&#8221;0&#8243; sticky_enabled=&#8221;0&#8243;]<iframe loading=\"lazy\" src=\"https:\/\/player.vimeo.com\/video\/510046200\" width=\"640\" height=\"360\" frameborder=\"0\" allow=\"autoplay; fullscreen; picture-in-picture\" allowfullscreen><\/iframe>[\/et_pb_code][et_pb_code _builder_version=&#8221;4.9.0&#8243; _module_preset=&#8221;default&#8221; hover_enabled=&#8221;0&#8243; sticky_enabled=&#8221;0&#8243;]<iframe loading=\"lazy\" src=\"https:\/\/player.vimeo.com\/video\/510045877\" width=\"640\" height=\"360\" frameborder=\"0\" allow=\"autoplay; fullscreen; picture-in-picture\" allowfullscreen><\/iframe>[\/et_pb_code][\/et_pb_column][\/et_pb_row][et_pb_row column_structure=&#8221;1_2,1_4,1_4&#8243; _builder_version=&#8221;4.6.6&#8243; _module_preset=&#8221;default&#8221; width=&#8221;100%&#8221; max_width=&#8221;1200px&#8221; custom_padding=&#8221;16px||0px|||&#8221;][et_pb_column type=&#8221;1_2&#8243; _builder_version=&#8221;4.6.6&#8243; _module_preset=&#8221;default&#8221;][et_pb_audio audio=&#8221;https:\/\/stareyesmusiceducation.com\/wp-content\/uploads\/2020\/12\/1.-In-the-Park.mp3&#8243; title=&#8221;1. In the Park&#8221; _builder_version=&#8221;4.7.7&#8243; _module_preset=&#8221;default&#8221; title_text_color=&#8221;#ffffff&#8221; title_font_size=&#8221;18px&#8221; title_line_height=&#8221;1em&#8221; caption_line_height=&#8221;1em&#8221; background_color=&#8221;rgba(0,0,0,0)&#8221; background_enable_image=&#8221;off&#8221; text_orientation=&#8221;left&#8221; width=&#8221;100%&#8221; max_width=&#8221;100%&#8221; module_alignment=&#8221;left&#8221; min_height=&#8221;100px&#8221; height=&#8221;100px&#8221; max_height=&#8221;100px&#8221; custom_margin=&#8221;0px||0px|0px|false|false&#8221; custom_padding=&#8221;0px||0px|0px|false|false&#8221; animation_style=&#8221;fade&#8221; box_shadow_style=&#8221;preset3&#8243; locked=&#8221;off&#8221; width__hover_enabled=&#8221;on|desktop&#8221;][\/et_pb_audio][et_pb_audio audio=&#8221;https:\/\/stareyesmusiceducation.com\/wp-content\/uploads\/2020\/12\/2.-At-the-Beginning-_snip.mp3&#8243; title=&#8221;2. At the Beginning&#8221; _builder_version=&#8221;4.7.7&#8243; _module_preset=&#8221;default&#8221; title_level=&#8221;h3&#8243; title_text_color=&#8221;#ffffff&#8221; title_font_size=&#8221;18px&#8221; title_line_height=&#8221;1em&#8221; caption_line_height=&#8221;1em&#8221; background_color=&#8221;rgba(0,0,0,0)&#8221; background_enable_image=&#8221;off&#8221; text_orientation=&#8221;left&#8221; width=&#8221;100%&#8221; max_width=&#8221;100%&#8221; module_alignment=&#8221;left&#8221; min_height=&#8221;100px&#8221; height=&#8221;100px&#8221; max_height=&#8221;100px&#8221; custom_margin=&#8221;0px||0px|0px|false|false&#8221; custom_padding=&#8221;0px||0px|0px|false|false&#8221; animation_style=&#8221;fade&#8221; box_shadow_style=&#8221;preset3&#8243; locked=&#8221;off&#8221; width__hover_enabled=&#8221;on|desktop&#8221;][\/et_pb_audio][et_pb_audio audio=&#8221;https:\/\/stareyesmusiceducation.com\/wp-content\/uploads\/2020\/12\/3.-Cara-Roma_snip.mp3&#8243; title=&#8221;3. Cara Roma&#8221; _builder_version=&#8221;4.7.7&#8243; _module_preset=&#8221;default&#8221; title_text_color=&#8221;#ffffff&#8221; title_font_size=&#8221;18px&#8221; title_line_height=&#8221;1em&#8221; caption_line_height=&#8221;1em&#8221; background_color=&#8221;rgba(0,0,0,0)&#8221; background_enable_image=&#8221;off&#8221; text_orientation=&#8221;left&#8221; width=&#8221;100%&#8221; max_width=&#8221;100%&#8221; module_alignment=&#8221;left&#8221; min_height=&#8221;100px&#8221; height=&#8221;100px&#8221; max_height=&#8221;100px&#8221; custom_margin=&#8221;0px||0px|0px|false|false&#8221; custom_padding=&#8221;0px||0px|0px|false|false&#8221; animation_style=&#8221;fade&#8221; box_shadow_style=&#8221;preset3&#8243; locked=&#8221;off&#8221; width__hover_enabled=&#8221;on|desktop&#8221;][\/et_pb_audio][et_pb_audio audio=&#8221;https:\/\/stareyesmusiceducation.com\/wp-content\/uploads\/2020\/12\/4.-Candlelight_snip.mp3&#8243; title=&#8221;4. Candlelight&#8221; _builder_version=&#8221;4.7.7&#8243; _module_preset=&#8221;default&#8221; title_text_color=&#8221;#ffffff&#8221; title_font_size=&#8221;18px&#8221; title_line_height=&#8221;1em&#8221; caption_line_height=&#8221;1em&#8221; background_color=&#8221;rgba(0,0,0,0)&#8221; background_enable_image=&#8221;off&#8221; text_orientation=&#8221;left&#8221; width=&#8221;100%&#8221; max_width=&#8221;100%&#8221; module_alignment=&#8221;left&#8221; min_height=&#8221;100px&#8221; height=&#8221;100px&#8221; max_height=&#8221;100px&#8221; custom_margin=&#8221;0px||0px|0px|false|false&#8221; custom_padding=&#8221;0px||0px|0px|false|false&#8221; animation_style=&#8221;fade&#8221; box_shadow_style=&#8221;preset3&#8243; locked=&#8221;off&#8221; width__hover_enabled=&#8221;on|desktop&#8221;][\/et_pb_audio][et_pb_audio audio=&#8221;https:\/\/stareyesmusiceducation.com\/wp-content\/uploads\/2020\/12\/5.-Lets-talk_snip.mp3&#8243; title=&#8221;5. Let&#8217;s talk&#8221; _builder_version=&#8221;4.7.7&#8243; _module_preset=&#8221;default&#8221; title_text_color=&#8221;#ffffff&#8221; title_font_size=&#8221;18px&#8221; title_line_height=&#8221;1em&#8221; caption_line_height=&#8221;1em&#8221; background_color=&#8221;rgba(0,0,0,0)&#8221; background_enable_image=&#8221;off&#8221; text_orientation=&#8221;left&#8221; width=&#8221;100%&#8221; max_width=&#8221;100%&#8221; module_alignment=&#8221;left&#8221; min_height=&#8221;100px&#8221; height=&#8221;100px&#8221; max_height=&#8221;100px&#8221; custom_margin=&#8221;0px||0px|0px|false|false&#8221; custom_padding=&#8221;0px||0px|0px|false|false&#8221; animation_style=&#8221;fade&#8221; box_shadow_style=&#8221;preset3&#8243; locked=&#8221;off&#8221; width__hover_enabled=&#8221;on|desktop&#8221;][\/et_pb_audio][et_pb_audio audio=&#8221;https:\/\/stareyesmusiceducation.com\/wp-content\/uploads\/2020\/12\/6.-Chromatism_snip.mp3&#8243; title=&#8221;6. Chromatism&#8221; _builder_version=&#8221;4.7.7&#8243; _module_preset=&#8221;default&#8221; title_text_color=&#8221;#ffffff&#8221; title_font_size=&#8221;18px&#8221; title_line_height=&#8221;1em&#8221; caption_line_height=&#8221;1em&#8221; background_color=&#8221;rgba(0,0,0,0)&#8221; background_enable_image=&#8221;off&#8221; text_orientation=&#8221;left&#8221; width=&#8221;100%&#8221; max_width=&#8221;100%&#8221; module_alignment=&#8221;left&#8221; min_height=&#8221;100px&#8221; height=&#8221;100px&#8221; max_height=&#8221;100px&#8221; custom_margin=&#8221;0px||0px|0px|false|false&#8221; custom_padding=&#8221;0px||0px|0px|false|false&#8221; animation_style=&#8221;fade&#8221; box_shadow_style=&#8221;preset3&#8243; locked=&#8221;off&#8221; width__hover_enabled=&#8221;on|desktop&#8221;][\/et_pb_audio][et_pb_audio audio=&#8221;https:\/\/stareyesmusiceducation.com\/wp-content\/uploads\/2020\/12\/7.-In-the-Air_snip.mp3&#8243; title=&#8221;7. In the Air&#8221; _builder_version=&#8221;4.7.7&#8243; _module_preset=&#8221;default&#8221; title_text_color=&#8221;#ffffff&#8221; title_font_size=&#8221;18px&#8221; title_line_height=&#8221;1em&#8221; caption_line_height=&#8221;1em&#8221; background_color=&#8221;rgba(0,0,0,0)&#8221; background_enable_image=&#8221;off&#8221; text_orientation=&#8221;left&#8221; width=&#8221;100%&#8221; max_width=&#8221;100%&#8221; module_alignment=&#8221;left&#8221; min_height=&#8221;100px&#8221; height=&#8221;100px&#8221; max_height=&#8221;100px&#8221; custom_margin=&#8221;0px||0px|0px|false|false&#8221; custom_padding=&#8221;0px||0px|0px|false|false&#8221; animation_style=&#8221;fade&#8221; box_shadow_style=&#8221;preset3&#8243; locked=&#8221;off&#8221; width__hover_enabled=&#8221;on|desktop&#8221;][\/et_pb_audio][et_pb_audio audio=&#8221;https:\/\/stareyesmusiceducation.com\/wp-content\/uploads\/2020\/12\/8.-Sweet-Memories_snip.mp3&#8243; title=&#8221;8. Sweet Memories&#8221; _builder_version=&#8221;4.7.7&#8243; _module_preset=&#8221;default&#8221; title_text_color=&#8221;#ffffff&#8221; title_font_size=&#8221;18px&#8221; title_line_height=&#8221;1em&#8221; caption_line_height=&#8221;1em&#8221; background_color=&#8221;rgba(0,0,0,0)&#8221; background_enable_image=&#8221;off&#8221; text_orientation=&#8221;left&#8221; width=&#8221;100%&#8221; max_width=&#8221;100%&#8221; module_alignment=&#8221;left&#8221; min_height=&#8221;100px&#8221; height=&#8221;100px&#8221; max_height=&#8221;100px&#8221; custom_margin=&#8221;0px||0px|0px|false|false&#8221; custom_padding=&#8221;0px||0px|0px|false|false&#8221; animation_style=&#8221;fade&#8221; box_shadow_style=&#8221;preset3&#8243; locked=&#8221;off&#8221; width__hover_enabled=&#8221;on|desktop&#8221;][\/et_pb_audio][et_pb_audio audio=&#8221;https:\/\/stareyesmusiceducation.com\/wp-content\/uploads\/2020\/12\/9.-Fairy-tale_snip.mp3&#8243; title=&#8221;9. Fairy tale&#8221; _builder_version=&#8221;4.7.7&#8243; _module_preset=&#8221;default&#8221; title_text_color=&#8221;#ffffff&#8221; title_font_size=&#8221;18px&#8221; title_line_height=&#8221;1em&#8221; caption_line_height=&#8221;1em&#8221; background_color=&#8221;rgba(0,0,0,0)&#8221; background_enable_image=&#8221;off&#8221; text_orientation=&#8221;left&#8221; width=&#8221;100%&#8221; max_width=&#8221;100%&#8221; module_alignment=&#8221;left&#8221; min_height=&#8221;100px&#8221; height=&#8221;100px&#8221; max_height=&#8221;100px&#8221; custom_margin=&#8221;0px||0px|0px|false|false&#8221; custom_padding=&#8221;0px||0px|0px|false|false&#8221; animation_style=&#8221;fade&#8221; box_shadow_style=&#8221;preset3&#8243; locked=&#8221;off&#8221; width__hover_enabled=&#8221;on|desktop&#8221;][\/et_pb_audio][et_pb_audio audio=&#8221;https:\/\/stareyesmusiceducation.com\/wp-content\/uploads\/2020\/12\/10.-Deep-Blue-Seasnip.mp3&#8243; title=&#8221;10. Deep Blue Sea&#8221; _builder_version=&#8221;4.7.7&#8243; _module_preset=&#8221;default&#8221; title_text_color=&#8221;#ffffff&#8221; title_font_size=&#8221;18px&#8221; title_line_height=&#8221;1em&#8221; caption_line_height=&#8221;1em&#8221; background_color=&#8221;rgba(0,0,0,0)&#8221; background_enable_image=&#8221;off&#8221; text_orientation=&#8221;left&#8221; width=&#8221;100%&#8221; max_width=&#8221;100%&#8221; module_alignment=&#8221;left&#8221; min_height=&#8221;100px&#8221; height=&#8221;100px&#8221; max_height=&#8221;100px&#8221; custom_margin=&#8221;0px||0px|0px|false|false&#8221; custom_padding=&#8221;0px||0px|0px|false|false&#8221; animation_style=&#8221;fade&#8221; box_shadow_style=&#8221;preset3&#8243; locked=&#8221;off&#8221; width__hover_enabled=&#8221;on|desktop&#8221;][\/et_pb_audio][et_pb_audio audio=&#8221;https:\/\/stareyesmusiceducation.com\/wp-content\/uploads\/2020\/12\/11.-Speak-to-me_snip.mp3&#8243; title=&#8221;11. Speak to me&#8221; _builder_version=&#8221;4.7.7&#8243; _module_preset=&#8221;default&#8221; title_text_color=&#8221;#ffffff&#8221; title_font_size=&#8221;18px&#8221; title_line_height=&#8221;1em&#8221; caption_line_height=&#8221;1em&#8221; background_color=&#8221;rgba(0,0,0,0)&#8221; background_enable_image=&#8221;off&#8221; text_orientation=&#8221;left&#8221; width=&#8221;100%&#8221; max_width=&#8221;100%&#8221; module_alignment=&#8221;left&#8221; min_height=&#8221;100px&#8221; height=&#8221;100px&#8221; max_height=&#8221;100px&#8221; custom_margin=&#8221;0px||0px|0px|false|false&#8221; custom_padding=&#8221;0px||0px|0px|false|false&#8221; animation_style=&#8221;fade&#8221; box_shadow_style=&#8221;preset3&#8243; locked=&#8221;off&#8221; width__hover_enabled=&#8221;on|desktop&#8221;][\/et_pb_audio][et_pb_audio audio=&#8221;https:\/\/stareyesmusiceducation.com\/wp-content\/uploads\/2020\/12\/12.-One-Note_snip.mp3&#8243; title=&#8221;12. One Note&#8221; _builder_version=&#8221;4.7.7&#8243; _module_preset=&#8221;default&#8221; title_text_color=&#8221;#ffffff&#8221; title_font_size=&#8221;18px&#8221; title_line_height=&#8221;1em&#8221; caption_line_height=&#8221;1em&#8221; background_color=&#8221;rgba(0,0,0,0)&#8221; background_enable_image=&#8221;off&#8221; text_orientation=&#8221;left&#8221; width=&#8221;100%&#8221; max_width=&#8221;100%&#8221; module_alignment=&#8221;left&#8221; min_height=&#8221;100px&#8221; height=&#8221;100px&#8221; max_height=&#8221;100px&#8221; custom_margin=&#8221;0px||0px|0px|false|false&#8221; custom_padding=&#8221;0px||0px|0px|false|false&#8221; animation_style=&#8221;fade&#8221; box_shadow_style=&#8221;preset3&#8243; locked=&#8221;off&#8221; width__hover_enabled=&#8221;on|desktop&#8221;][\/et_pb_audio][\/et_pb_column][et_pb_column type=&#8221;1_4&#8243; _builder_version=&#8221;4.6.6&#8243; _module_preset=&#8221;default&#8221;][et_pb_text _builder_version=&#8221;4.7.7&#8243; _module_preset=&#8221;default&#8221;]<\/p>\n<h3 class=\"p1\"><span style=\"color: #ffffff;\">Fran\u00e7oise Lombard<\/span><\/h3>\n<p class=\"p1\"><span style=\"color: #ffffff;\"> Nata in una famiglia di amanti della musica, immersa nella musica fin dalla nascita, ho sempre cercato di riprodurre al pianoforte le melodie che pi\u00f9 mi piacevano. Un impulso istintivo che i miei insegnanti di pianoforte hanno avuto la delicatezza e l&#8217;intelligenza di sviluppare in me. <\/span><\/p>\n<p class=\"p1\"><span style=\"color: #ffffff;\"> Tra la mia pratica quotidiana delle scale e l&#8217;interpretazione del repertorio musicale, c&#8217;erano spesso momenti di rilassamento sotto forma di improvvisazioni. La pratica della Ritmica  Dalcroze (pedagogia musicale) dalla mia infanzia ha contribuito in maniera significativa a approfondire questa forma di espressione musicale spontanea.<\/span><\/p>\n<p>[\/et_pb_text][\/et_pb_column][et_pb_column type=&#8221;1_4&#8243; _builder_version=&#8221;4.6.6&#8243; _module_preset=&#8221;default&#8221;][et_pb_text _builder_version=&#8221;4.6.6&#8243; _module_preset=&#8221;default&#8221;]<\/p>\n<p><span style=\"color: #ffffff;\">Stareyes Productions inc. \u00e8 stata fondata a Montreal nel 1986 da due artisti multidisciplinari Michel Comeau e Fran\u00e7oise Lombard. Le loro produzioni audiovisive ci sono concentrate sull\u2019educazione, la pedagogia musicale, le relazioni e l\u2019ascolto.<\/p>\n<p><\/span><\/span><\/span><\/p>\n<p>[\/et_pb_text][et_pb_blurb title=&#8221;NINNE NANNE&#8221; image=&#8221;https:\/\/stareyesmusiceducation.com\/wp-content\/uploads\/2020\/11\/Berceuse2.jpg&#8221; _builder_version=&#8221;4.7.7&#8243; _module_preset=&#8221;default&#8221; background_layout=&#8221;dark&#8221; locked=&#8221;off&#8221;][\/et_pb_blurb][et_pb_blurb title=&#8221;%22RESONANCE%22 VOCI OSTEOFONICHE&#8221; image=&#8221;https:\/\/stareyesmusiceducation.com\/wp-content\/uploads\/2020\/11\/resonance2.jpg&#8221; _builder_version=&#8221;4.7.7&#8243; _module_preset=&#8221;default&#8221; background_layout=&#8221;dark&#8221; locked=&#8221;off&#8221;][\/et_pb_blurb][\/et_pb_column][\/et_pb_row][et_pb_row _builder_version=&#8221;4.6.6&#8243; _module_preset=&#8221;default&#8221; min_height=&#8221;68px&#8221;][et_pb_column type=&#8221;4_4&#8243; _builder_version=&#8221;4.6.6&#8243; _module_preset=&#8221;default&#8221;][et_pb_divider divider_style=&#8221;groove&#8221; _builder_version=&#8221;4.6.6&#8243; _module_preset=&#8221;default&#8221;][\/et_pb_divider][\/et_pb_column][\/et_pb_row][\/et_pb_section]<\/p>\n","protected":false},"excerpt":{"rendered":"<p>BLUE &#8220;Ritrovare i ricordi pi\u00f9 cari. Convogliare i suoi sensi, aprire un percorso sensibile alla voce interiore. Il pianoforte \u00e8 l\u00ec che aspetta, sempre disponibile. Accarezzandolo, sfiorandolo, tastandolo, risponde immediatamente con le sue risonanze, da quelle eteree e celestiali a quelle pi\u00f9 calde e profonde. Per poi avventurarsi un po&#8217; pi\u00f9 in l\u00e0, in una [&hellip;]<\/p>\n","protected":false},"author":1,"featured_media":0,"parent":0,"menu_order":0,"comment_status":"closed","ping_status":"closed","template":"","meta":{"_et_pb_use_builder":"on","_et_pb_old_content":"","_et_gb_content_width":"","footnotes":""},"class_list":["post-1997","page","type-page","status-publish","hentry"],"_links":{"self":[{"href":"https:\/\/stareyesmusiceducation.com\/it\/wp-json\/wp\/v2\/pages\/1997","targetHints":{"allow":["GET"]}}],"collection":[{"href":"https:\/\/stareyesmusiceducation.com\/it\/wp-json\/wp\/v2\/pages"}],"about":[{"href":"https:\/\/stareyesmusiceducation.com\/it\/wp-json\/wp\/v2\/types\/page"}],"author":[{"embeddable":true,"href":"https:\/\/stareyesmusiceducation.com\/it\/wp-json\/wp\/v2\/users\/1"}],"replies":[{"embeddable":true,"href":"https:\/\/stareyesmusiceducation.com\/it\/wp-json\/wp\/v2\/comments?post=1997"}],"version-history":[{"count":3,"href":"https:\/\/stareyesmusiceducation.com\/it\/wp-json\/wp\/v2\/pages\/1997\/revisions"}],"predecessor-version":[{"id":2302,"href":"https:\/\/stareyesmusiceducation.com\/it\/wp-json\/wp\/v2\/pages\/1997\/revisions\/2302"}],"wp:attachment":[{"href":"https:\/\/stareyesmusiceducation.com\/it\/wp-json\/wp\/v2\/media?parent=1997"}],"curies":[{"name":"wp","href":"https:\/\/api.w.org\/{rel}","templated":true}]}}