{"id":4723,"date":"2024-12-11T14:01:11","date_gmt":"2024-12-11T19:01:11","guid":{"rendered":"https:\/\/stareyesmusiceducation.com\/libreria-audio-volume-7\/"},"modified":"2024-12-16T13:24:05","modified_gmt":"2024-12-16T18:24:05","slug":"libreria-audio-volume-7","status":"publish","type":"page","link":"https:\/\/stareyesmusiceducation.com\/it\/libreria-audio-volume-7\/","title":{"rendered":"Libreria Audio volume 7"},"content":{"rendered":"<p>[et_pb_section fb_built=&#8221;1&#8243; next_background_color=&#8221;#ffffff&#8221; _builder_version=&#8221;4.16&#8243; _module_preset=&#8221;default&#8221; background_image=&#8221;https:\/\/stareyesmusiceducation.com\/wp-content\/uploads\/2020\/10\/cielback.png&#8221; module_alignment=&#8221;center&#8221; height=&#8221;3691px&#8221; custom_margin=&#8221;||1009px|||&#8221; custom_padding=&#8221;||1011px|||&#8221; bottom_divider_style=&#8221;waves2&#8243; global_colors_info=&#8221;{}&#8221;][et_pb_row column_structure=&#8221;1_2,1_2&#8243; _builder_version=&#8221;4.16&#8243; _module_preset=&#8221;default&#8221; max_width=&#8221;1200px&#8221; custom_padding=&#8221;||9px|||&#8221; global_colors_info=&#8221;{}&#8221;][et_pb_column type=&#8221;1_2&#8243; _builder_version=&#8221;4.16&#8243; _module_preset=&#8221;default&#8221; global_colors_info=&#8221;{}&#8221;][et_pb_text _builder_version=&#8221;4.19.3&#8243; _module_preset=&#8221;default&#8221; text_text_color=&#8221;#FFFFFF&#8221; global_colors_info=&#8221;{}&#8221;]<\/p>\n<h1><span style=\"color: #ffffff;\">Libreria Audio volume 7 : misure binarie<\/span><\/h1>\n<h3 class=\"p1\"><span style=\"color: #ffffff;\">da Fran\u00e7oise Lombar<\/span><\/h3>\n<h2 class=\"p1\"><span style=\"color: #ffffff;\">La GUIDA PEDAGOGICA \u00e8 inclusa nell&#8217;acquisto del volume.<\/span><\/p>\n<p><span style=\"color: #ffffff;\">Contiene spiegazioni e suggerimenti per lo sviluppo pedagogico di ogni brano<\/span><br \/><span style=\"color: #ffffff;\">musicale.<\/span><\/h2>\n<p>[\/et_pb_text][et_pb_button button_url=&#8221;https:\/\/stareyesmusiceducation.com\/product\/audio-volume-7-misure-binarie\/&#8221; button_text=&#8221;COMPRARE VOLUME 7&#8243; _builder_version=&#8221;4.27.4&#8243; _module_preset=&#8221;default&#8221; background_layout=&#8221;dark&#8221; custom_margin=&#8221;||17px|||&#8221; global_colors_info=&#8221;{}&#8221;][\/et_pb_button][et_pb_image src=&#8221;https:\/\/stareyesmusiceducation.com\/wp-content\/uploads\/2024\/12\/Libreria7.jpg&#8221; title_text=&#8221;Volume 7 Italien&#8221; url=&#8221;https:\/\/stareyesmusiceducation.com\/product\/audio-volume-7-misure-binarie\/&#8221; _builder_version=&#8221;4.27.4&#8243; _module_preset=&#8221;default&#8221; height=&#8221;233px&#8221; global_colors_info=&#8221;{}&#8221;][\/et_pb_image][\/et_pb_column][et_pb_column type=&#8221;1_2&#8243; _builder_version=&#8221;4.16&#8243; _module_preset=&#8221;default&#8221; global_colors_info=&#8221;{}&#8221;][et_pb_video src=&#8221;https:\/\/vimeo.com\/682874542?share=copy#t=0&#8243; _builder_version=&#8221;4.27.4&#8243; _module_preset=&#8221;default&#8221; hover_enabled=&#8221;0&#8243; sticky_enabled=&#8221;0&#8243;][\/et_pb_video][\/et_pb_column][\/et_pb_row][et_pb_row column_structure=&#8221;1_2,1_4,1_4&#8243; _builder_version=&#8221;4.16&#8243; _module_preset=&#8221;default&#8221; width=&#8221;100%&#8221; max_width=&#8221;1200px&#8221; custom_padding=&#8221;16px||0px|||&#8221; global_colors_info=&#8221;{}&#8221;][et_pb_column type=&#8221;1_2&#8243; _builder_version=&#8221;4.16&#8243; _module_preset=&#8221;default&#8221; global_colors_info=&#8221;{}&#8221;][et_pb_audio audio=&#8221;https:\/\/stareyesmusiceducation.com\/wp-content\/uploads\/2022\/12\/1-changing-meter.mp3&#8243; title=&#8221;1. cambi di misure&#8221; _builder_version=&#8221;4.19.3&#8243; _module_preset=&#8221;default&#8221; title_level=&#8221;h3&#8243; title_text_color=&#8221;#ffffff&#8221; title_font_size=&#8221;18px&#8221; title_line_height=&#8221;1em&#8221; caption_line_height=&#8221;1em&#8221; background_color=&#8221;rgba(0,0,0,0)&#8221; background_enable_image=&#8221;off&#8221; text_orientation=&#8221;left&#8221; width=&#8221;100%&#8221; max_width=&#8221;100%&#8221; module_alignment=&#8221;left&#8221; min_height=&#8221;100px&#8221; height=&#8221;100px&#8221; max_height=&#8221;100px&#8221; custom_margin=&#8221;0px||0px|0px|false|false&#8221; custom_padding=&#8221;0px||0px|0px|false|false&#8221; animation_style=&#8221;fade&#8221; box_shadow_style=&#8221;preset3&#8243; locked=&#8221;off&#8221; global_colors_info=&#8221;{}&#8221; width__hover_enabled=&#8221;on|desktop&#8221; width__hover=&#8221;100%&#8221;][\/et_pb_audio][et_pb_audio audio=&#8221;https:\/\/stareyesmusiceducation.com\/wp-content\/uploads\/2022\/12\/2-changing-meter-repeated-sequence.mp3&#8243; title=&#8221;2. cambi di misure (sequenza ripetuta)&#8221; _builder_version=&#8221;4.19.3&#8243; _module_preset=&#8221;default&#8221; title_level=&#8221;h3&#8243; title_text_color=&#8221;#ffffff&#8221; title_font_size=&#8221;18px&#8221; title_line_height=&#8221;1em&#8221; caption_line_height=&#8221;1em&#8221; background_color=&#8221;rgba(0,0,0,0)&#8221; background_enable_image=&#8221;off&#8221; text_orientation=&#8221;left&#8221; width=&#8221;100%&#8221; max_width=&#8221;100%&#8221; module_alignment=&#8221;left&#8221; min_height=&#8221;100px&#8221; height=&#8221;100px&#8221; max_height=&#8221;100px&#8221; custom_margin=&#8221;0px||0px|0px|false|false&#8221; custom_padding=&#8221;0px||0px|0px|false|false&#8221; animation_style=&#8221;fade&#8221; box_shadow_style=&#8221;preset3&#8243; locked=&#8221;off&#8221; global_colors_info=&#8221;{}&#8221; width__hover_enabled=&#8221;on|desktop&#8221; width__hover=&#8221;100%&#8221;][\/et_pb_audio][et_pb_audio audio=&#8221;https:\/\/stareyesmusiceducation.com\/wp-content\/uploads\/2022\/12\/3-44-playing-with-an-ostinato-rhythm-bass-soprano.mp3&#8243; title=&#8221;3. giocare con un ritmo ostinato&#8221; _builder_version=&#8221;4.19.3&#8243; _module_preset=&#8221;default&#8221; title_level=&#8221;h3&#8243; title_text_color=&#8221;#ffffff&#8221; title_font_size=&#8221;18px&#8221; title_line_height=&#8221;1em&#8221; caption_line_height=&#8221;1em&#8221; background_color=&#8221;rgba(0,0,0,0)&#8221; background_enable_image=&#8221;off&#8221; text_orientation=&#8221;left&#8221; width=&#8221;100%&#8221; max_width=&#8221;100%&#8221; module_alignment=&#8221;left&#8221; min_height=&#8221;100px&#8221; height=&#8221;100px&#8221; max_height=&#8221;100px&#8221; custom_margin=&#8221;0px||0px|0px|false|false&#8221; custom_padding=&#8221;0px||0px|0px|false|false&#8221; animation_style=&#8221;fade&#8221; box_shadow_style=&#8221;preset3&#8243; locked=&#8221;off&#8221; global_colors_info=&#8221;{}&#8221; width__hover_enabled=&#8221;on|desktop&#8221; width__hover=&#8221;100%&#8221;][\/et_pb_audio][et_pb_audio audio=&#8221;https:\/\/stareyesmusiceducation.com\/wp-content\/uploads\/2022\/12\/4-34-beat-and-division.mp3&#8243; title=&#8221;4. 3\/4 tempi e suddivisione&#8221; _builder_version=&#8221;4.19.3&#8243; _module_preset=&#8221;default&#8221; title_level=&#8221;h3&#8243; title_text_color=&#8221;#ffffff&#8221; title_font_size=&#8221;18px&#8221; title_line_height=&#8221;1em&#8221; caption_line_height=&#8221;1em&#8221; background_color=&#8221;rgba(0,0,0,0)&#8221; background_enable_image=&#8221;off&#8221; text_orientation=&#8221;left&#8221; width=&#8221;100%&#8221; max_width=&#8221;100%&#8221; module_alignment=&#8221;left&#8221; min_height=&#8221;100px&#8221; height=&#8221;100px&#8221; max_height=&#8221;100px&#8221; custom_margin=&#8221;0px||0px|0px|false|false&#8221; custom_padding=&#8221;0px||0px|0px|false|false&#8221; animation_style=&#8221;fade&#8221; box_shadow_style=&#8221;preset3&#8243; locked=&#8221;off&#8221; global_colors_info=&#8221;{}&#8221; width__hover_enabled=&#8221;on|desktop&#8221; width__hover=&#8221;100%&#8221;][\/et_pb_audio][et_pb_audio audio=&#8221;https:\/\/stareyesmusiceducation.com\/wp-content\/uploads\/2022\/12\/5-four-beat-measure.mp3&#8243; title=&#8221;5. misure a 4 tempi&#8221; _builder_version=&#8221;4.19.3&#8243; _module_preset=&#8221;default&#8221; title_level=&#8221;h3&#8243; title_text_color=&#8221;#ffffff&#8221; title_font_size=&#8221;18px&#8221; title_line_height=&#8221;1em&#8221; caption_line_height=&#8221;1em&#8221; background_color=&#8221;rgba(0,0,0,0)&#8221; background_enable_image=&#8221;off&#8221; text_orientation=&#8221;left&#8221; width=&#8221;100%&#8221; max_width=&#8221;100%&#8221; module_alignment=&#8221;left&#8221; min_height=&#8221;100px&#8221; height=&#8221;100px&#8221; max_height=&#8221;100px&#8221; custom_margin=&#8221;0px||0px|0px|false|false&#8221; custom_padding=&#8221;0px||0px|0px|false|false&#8221; animation_style=&#8221;fade&#8221; box_shadow_style=&#8221;preset3&#8243; locked=&#8221;off&#8221; global_colors_info=&#8221;{}&#8221; width__hover_enabled=&#8221;on|desktop&#8221; width__hover=&#8221;100%&#8221;][\/et_pb_audio][et_pb_audio audio=&#8221;https:\/\/stareyesmusiceducation.com\/wp-content\/uploads\/2022\/12\/6-dance-piece-in-24.mp3&#8243; title=&#8221;6. pezzetto di danza in 2\/4&#8243; _builder_version=&#8221;4.19.3&#8243; _module_preset=&#8221;default&#8221; title_level=&#8221;h3&#8243; title_text_color=&#8221;#ffffff&#8221; title_font_size=&#8221;18px&#8221; title_line_height=&#8221;1em&#8221; caption_line_height=&#8221;1em&#8221; background_color=&#8221;rgba(0,0,0,0)&#8221; background_enable_image=&#8221;off&#8221; text_orientation=&#8221;left&#8221; width=&#8221;100%&#8221; max_width=&#8221;100%&#8221; module_alignment=&#8221;left&#8221; min_height=&#8221;100px&#8221; height=&#8221;100px&#8221; max_height=&#8221;100px&#8221; custom_margin=&#8221;0px||0px|0px|false|false&#8221; custom_padding=&#8221;0px||0px|0px|false|false&#8221; animation_style=&#8221;fade&#8221; box_shadow_style=&#8221;preset3&#8243; locked=&#8221;off&#8221; global_colors_info=&#8221;{}&#8221; width__hover_enabled=&#8221;on|desktop&#8221; width__hover=&#8221;100%&#8221;][\/et_pb_audio][et_pb_text _builder_version=&#8221;4.19.3&#8243; _module_preset=&#8221;default&#8221; text_text_color=&#8221;#FFFFFF&#8221; global_colors_info=&#8221;{}&#8221;]<\/p>\n<p>CONTENUTO EDUCATIVO DELLA TRACCIA 6 della guida<\/p>\n<p>Questo breve brano a due tempi sottolinea la semplicit\u00e0 dei movimenti binari. Il<br \/>numero &#8220;due&#8221; qui rappresenta sia il numero di battiti nella misura sia la suddivisione binaria dei battiti.<br \/>La sensazione di 2\/4 \u00e8 piuttosto angolosa e ispira ogni tipo di azione: colpire un martello, scavare una buca, rastrellare, ecc. Da un punto di vista anatomico, ogni articolazione del corpo si presta a un movimento di flessione\/estensione (polso, gomito, ginocchia, ecc.) o a un movimento di salita\/discesa (spalle) o a un movimento laterale (testa).<br \/>La sensazione di questi movimenti di andata e ritorno contribuisce allo sviluppo della mappa corporea.<br \/>\uf076 Questo brano si presta a molte storie: la costruzione di una casa o la sua<br \/>manutenzione, per esempio, dove tutte le azioni possono essere eseguite<br \/>in 2 battiti:<br \/>&#8211; segare il legno (movimento orizzontale avanti e indietro)<br \/>&#8211; dipingere una parete (azione su-gi\u00f9)<br \/>&#8211; piantare chiodi (martellare)<br \/>&#8211; spazzare o passare l&#8217;aspirapolvere<br \/>&#8211; pulire le finestre<br \/>&#8211; raccogliere giocattoli, ecc.<br \/>\uf076 Utilizzare le idee dei bambini come punto di partenza, scegliere una serie<br \/>di 4 azioni &#8220;fatte in casa&#8221; di 4 misure ciascuna da memorizzare, nell&#8217;ordine<br \/>scelto. Inventare un movimento conclusivo adattato alla cadenza, che ha<br \/>solo 3 misure di 2 battiti.<br \/>Queste attivit\u00e0 sono rivolte ai bambini dai 4 anni in su. Anche fino agli 8 anni, i<br \/>bambini apprezzano gli esercizi con una struttura semplice, che d\u00e0 loro la<br \/>possibilit\u00e0 di sviluppare idee pi\u00f9 elaborate in termini di abilit\u00e0 corporee e di<br \/>immaginazione.<br \/>\uf076 Altre idee:<br \/>&#8211; Passare una palla in cerchio.<br \/>&#8211; Nella foresta, indicare l&#8217;uccello, lo scoiattolo, la formica, ecc.<br \/>&#8211; Nello spazio, puntare con il gomito, con gli occhi, ecc.<br \/>&#8211; 2 cerchi a terra: mettere un piede in uno, poi l&#8217;altro nell&#8217;altro.<br \/>&#8211; Lanciare la palla a terra e prenderla.<br \/>&#8211; Usare il 2\/4 anche per muoversi nello spazio<br \/>a) con un brevissimo movimento avanti e indietro;<br \/>b) camminare piegando una gamba e chinandosi, poi fare il secondo passo<br \/>alzandosi;<br \/>c) trovare dei passi. Es: fare un passo laterale e portare dietro l&#8217;altra gamba.<br \/>&#8211; Creare una danza: passi laterali individuali \/ in coppia per la cadenza (fine della frase).<br \/>&#8211; Posizionare dei mattoni (di cartone o di legno) sul pavimento a circa 20 cm l&#8217;uno dall&#8217;altro. Camminare il primo battito sul mattone e il secondo tra i mattoni (gestione dello spazio). Questo esercizio \u00e8 ugualmente valido per misure a 3 o a 4 battiti (basta aggiungere la distanza di uno o due passi in pi\u00f9 tra i mattoni).<br \/>Queste idee possono essere realizzate a diverse et\u00e0, basta adattarle alle capacit\u00e0 motorie dei bambini.<\/p>\n<p>Dai 4 anni<\/p>\n<p>&nbsp;<\/p>\n<p>[\/et_pb_text][et_pb_audio audio=&#8221;https:\/\/stareyesmusiceducation.com\/wp-content\/uploads\/2022\/12\/7-slow-walk.mp3&#8243; title=&#8221;7. camminata lenta&#8221; _builder_version=&#8221;4.19.3&#8243; _module_preset=&#8221;default&#8221; title_level=&#8221;h3&#8243; title_text_color=&#8221;#ffffff&#8221; title_font_size=&#8221;18px&#8221; title_line_height=&#8221;1em&#8221; caption_line_height=&#8221;1em&#8221; background_color=&#8221;rgba(0,0,0,0)&#8221; background_enable_image=&#8221;off&#8221; text_orientation=&#8221;left&#8221; width=&#8221;100%&#8221; max_width=&#8221;100%&#8221; module_alignment=&#8221;left&#8221; min_height=&#8221;100px&#8221; height=&#8221;100px&#8221; max_height=&#8221;100px&#8221; custom_margin=&#8221;0px||0px|0px|false|false&#8221; custom_padding=&#8221;0px||0px|0px|false|false&#8221; animation_style=&#8221;fade&#8221; box_shadow_style=&#8221;preset3&#8243; locked=&#8221;off&#8221; global_colors_info=&#8221;{}&#8221; width__hover_enabled=&#8221;on|desktop&#8221; width__hover=&#8221;100%&#8221;][\/et_pb_audio][et_pb_audio audio=&#8221;https:\/\/stareyesmusiceducation.com\/wp-content\/uploads\/2022\/12\/8-interrupted-canon-in-34.mp3&#8243; title=&#8221;8. canone interrotto&#8221; _builder_version=&#8221;4.19.3&#8243; _module_preset=&#8221;default&#8221; title_level=&#8221;h3&#8243; title_text_color=&#8221;#ffffff&#8221; title_font_size=&#8221;18px&#8221; title_line_height=&#8221;1em&#8221; caption_line_height=&#8221;1em&#8221; background_color=&#8221;rgba(0,0,0,0)&#8221; background_enable_image=&#8221;off&#8221; text_orientation=&#8221;left&#8221; width=&#8221;100%&#8221; max_width=&#8221;100%&#8221; module_alignment=&#8221;left&#8221; min_height=&#8221;100px&#8221; height=&#8221;100px&#8221; max_height=&#8221;100px&#8221; custom_margin=&#8221;0px||0px|0px|false|false&#8221; custom_padding=&#8221;0px||0px|0px|false|false&#8221; animation_style=&#8221;fade&#8221; box_shadow_style=&#8221;preset3&#8243; locked=&#8221;off&#8221; global_colors_info=&#8221;{}&#8221; width__hover_enabled=&#8221;on|desktop&#8221; width__hover=&#8221;100%&#8221;][\/et_pb_audio][et_pb_audio audio=&#8221;https:\/\/stareyesmusiceducation.com\/wp-content\/uploads\/2022\/12\/9-repeat-the-division.mp3&#8243; title=&#8221;9 . ripetere la suddivisione&#8221; _builder_version=&#8221;4.19.3&#8243; _module_preset=&#8221;default&#8221; title_level=&#8221;h3&#8243; title_text_color=&#8221;#ffffff&#8221; title_font_size=&#8221;18px&#8221; title_line_height=&#8221;1em&#8221; caption_line_height=&#8221;1em&#8221; background_color=&#8221;rgba(0,0,0,0)&#8221; background_enable_image=&#8221;off&#8221; text_orientation=&#8221;left&#8221; width=&#8221;100%&#8221; max_width=&#8221;100%&#8221; module_alignment=&#8221;left&#8221; min_height=&#8221;100px&#8221; height=&#8221;100px&#8221; max_height=&#8221;100px&#8221; custom_margin=&#8221;0px||0px|0px|false|false&#8221; custom_padding=&#8221;0px||0px|0px|false|false&#8221; animation_style=&#8221;fade&#8221; box_shadow_style=&#8221;preset3&#8243; locked=&#8221;off&#8221; global_colors_info=&#8221;{}&#8221; width__hover_enabled=&#8221;on|desktop&#8221; width__hover=&#8221;100%&#8221;][\/et_pb_audio][et_pb_audio audio=&#8221;https:\/\/stareyesmusiceducation.com\/wp-content\/uploads\/2022\/12\/10-changing-meter.mp3&#8243; title=&#8221;10. cambi di misure&#8221; _builder_version=&#8221;4.19.3&#8243; _module_preset=&#8221;default&#8221; title_level=&#8221;h3&#8243; title_text_color=&#8221;#ffffff&#8221; title_font_size=&#8221;18px&#8221; title_line_height=&#8221;1em&#8221; caption_line_height=&#8221;1em&#8221; background_color=&#8221;rgba(0,0,0,0)&#8221; background_enable_image=&#8221;off&#8221; text_orientation=&#8221;left&#8221; width=&#8221;100%&#8221; max_width=&#8221;100%&#8221; module_alignment=&#8221;left&#8221; min_height=&#8221;100px&#8221; height=&#8221;100px&#8221; max_height=&#8221;100px&#8221; custom_margin=&#8221;0px||0px|0px|false|false&#8221; custom_padding=&#8221;0px||0px|0px|false|false&#8221; animation_style=&#8221;fade&#8221; box_shadow_style=&#8221;preset3&#8243; locked=&#8221;off&#8221; global_colors_info=&#8221;{}&#8221; width__hover_enabled=&#8221;on|desktop&#8221; width__hover=&#8221;100%&#8221;][\/et_pb_audio][et_pb_audio audio=&#8221;https:\/\/stareyesmusiceducation.com\/wp-content\/uploads\/2022\/12\/11-measures-of-four-without-division.mp3&#8243; title=&#8221;11. misure a 4 tempi (senza suddivisione)&#8221; _builder_version=&#8221;4.19.3&#8243; _module_preset=&#8221;default&#8221; title_level=&#8221;h3&#8243; title_text_color=&#8221;#ffffff&#8221; title_font_size=&#8221;18px&#8221; title_line_height=&#8221;1em&#8221; caption_line_height=&#8221;1em&#8221; background_color=&#8221;rgba(0,0,0,0)&#8221; background_enable_image=&#8221;off&#8221; text_orientation=&#8221;left&#8221; width=&#8221;100%&#8221; max_width=&#8221;100%&#8221; module_alignment=&#8221;left&#8221; min_height=&#8221;100px&#8221; height=&#8221;100px&#8221; max_height=&#8221;100px&#8221; custom_margin=&#8221;0px||0px|0px|false|false&#8221; custom_padding=&#8221;0px||0px|0px|false|false&#8221; animation_style=&#8221;fade&#8221; box_shadow_style=&#8221;preset3&#8243; locked=&#8221;off&#8221; global_colors_info=&#8221;{}&#8221; width__hover_enabled=&#8221;on|desktop&#8221; width__hover=&#8221;100%&#8221;][\/et_pb_audio][et_pb_text _builder_version=&#8221;4.16&#8243; _module_preset=&#8221;default&#8221; global_colors_info=&#8221;{}&#8221;]<\/p>\n<p><span style=\"color: #ffffff;\">Questo materiale ha lo scopo di promuovere l\u2019apprendimento della musica<\/span><br \/><span style=\"color: #ffffff;\">attraverso il movimento del corpo, ma non costituisce una formazione<\/span><br \/><span style=\"color: #ffffff;\">professionale \u201cmusica e movimento\u201d. Pertanto, il suo utilizzo non autorizza l\u2019uso<\/span><br \/><span style=\"color: #ffffff;\">del titolo di insegnante di Dalcroze. Tuttavia, la sperimentazione della Libreria<\/span><br \/><span style=\"color: #ffffff;\">potrebbe ispirare e motivare una persona a perseguire una formazione pi\u00f9<\/span><br \/><span style=\"color: #ffffff;\">avanzata di Ritmica Dalcroze, con la possibilit\u00e0 di ottenere, dopo diversi anni di<\/span><br \/><span style=\"color: #ffffff;\">studio, il riconoscimento professionale.<\/span><\/p>\n<p>[\/et_pb_text][et_pb_text _builder_version=&#8221;4.16&#8243; _module_preset=&#8221;default&#8221; global_colors_info=&#8221;{}&#8221;]<\/p>\n<h3 class=\"p1\"><span style=\"color: #ffffff;\">Improvisations : Fran\u00e7oise Lombard<span class=\"Apple-converted-space\">\u00a0 <\/span><\/span><br \/><span style=\"color: #ffffff;\"> \u00a9 Les \u00c9ditions Adragante, Canada<\/span><\/h3>\n<h3 class=\"p1\"><span style=\"color: #ffffff;\">Recording : Michel Comeau, Northmount Studio, Montreal<br \/>Mastering : TrueSound Louis Morneau<br \/>Cover photos : David Tucker\u00a0 \u00a0 \u00a9 ICDS<br \/><span class=\"Apple-converted-space\">Cover photos :\u00a0<\/span>Michel Comeau\u00a0 \u00a0 \u00a9 Dalcroze Canada<br \/>Cover graphic design : Michel Comeau<\/span><\/h3>\n<p>[\/et_pb_text][\/et_pb_column][et_pb_column type=&#8221;1_4&#8243; _builder_version=&#8221;4.16&#8243; _module_preset=&#8221;default&#8221; global_colors_info=&#8221;{}&#8221;][et_pb_text _builder_version=&#8221;4.27.4&#8243; _module_preset=&#8221;default&#8221; text_text_color=&#8221;#FFFFFF&#8221; global_colors_info=&#8221;{}&#8221;]<\/p>\n<p>La maggior parte dei brani di questo volume tratta un tipo di misura alla volta.\u00a0 L&#8217;esperienza corporea della misura a due tempi \u00e8 molto diversa da quella della misura a 3 o 4 tempi. Gli esercizi proposti hanno lo scopo di far percepire la durata di ogni misura e la divisione binaria dei battiti, stimolando gli studenti a praticare, creare e analizzare una variet\u00e0 di ritmi.<\/p>\n<p>Tre brani presentano cambi di misura, con un approccio musicale che permette di differenziarli facilmente e istintivamente attraverso il movimento del corpo.<\/p>\n<p>[\/et_pb_text][\/et_pb_column][et_pb_column type=&#8221;1_4&#8243; _builder_version=&#8221;4.16&#8243; _module_preset=&#8221;default&#8221; global_colors_info=&#8221;{}&#8221;][et_pb_text _builder_version=&#8221;4.27.4&#8243; _module_preset=&#8221;default&#8221; text_text_color=&#8221;#FFFFFF&#8221; global_colors_info=&#8221;{}&#8221;]<\/p>\n<p>L&#8217;ultimo brano fornisce solo i tempi, che possono essere divisi in 2 o 3. Lo immaginiamo come un brano di transizione tra questo volume e il volume 8, che affronter\u00e0 le misure ternarie. Le et\u00e0 indicate sono approssimative. Ogni brano pu\u00f2 essere trattato in modo molto semplice e sviluppato in progressione verso una maggiore complessit\u00e0.<\/p>\n<p>Ogni volume \u00e8 stato realizzato da insegnanti e musicisti professionisti altamente qualificati.<br \/>FRAN\u00c7OISE LOMBARD (creazione del progetto, improvvisazioni, guida<br \/>pedagogica)<br \/>CHENG-FENG LIN (Canada), <br \/>LISA PARKER (USA), <br \/>MARY BRICE (Svizzera),<br \/>colleghi internazionali Dalcroze che hanno contribuito alla realizzazione del progetto mediante la loro partecipazione al contenuto educativo.<br \/>Registrazione : Studio Northmount, Montreal<br \/>Direzione artistica : Michel Comeau<br \/>Masterizzazione : Louis Morneau<br \/>Produzione : Stareyes inc.<br \/>Edizione : \u00a9 Les \u00c9ditions<\/p>\n<p>Adragante\/SOCAN<br \/>Tutti diritti riservati<br \/>Stareyes Productions inc. \u00e8 stata fondata a Montreal nel 1986 da due artisti multidisciplinari Michel Comeau e Fran\u00e7oise Lombard. Le loro produzioni audiovisive ci concentrano sull\u2019educazione, la pedagogia musicale, le relazioni e l\u2019ascolto.<\/p>\n<p>[\/et_pb_text][et_pb_image src=&#8221;https:\/\/stareyesmusiceducation.com\/wp-content\/uploads\/2020\/10\/Osteophonic.jpg&#8221; title_text=&#8221;voci osteofoniche&#8221; _builder_version=&#8221;4.16&#8243; _module_preset=&#8221;default&#8221; width=&#8221;70%&#8221; global_colors_info=&#8221;{}&#8221;][\/et_pb_image][et_pb_text _builder_version=&#8221;4.16&#8243; _module_preset=&#8221;default&#8221; global_colors_info=&#8221;{}&#8221;]<\/p>\n<h6 class=\"p1\"><span style=\"color: #999999;\">&#8220;resonance&#8221; osteophonic voices<\/span><\/h6>\n<h6 class=\"p1\"><span style=\"color: #999999;\">May 2020<\/span><\/h6>\n<p>[\/et_pb_text][et_pb_image src=&#8221;https:\/\/stareyesmusiceducation.com\/wp-content\/uploads\/2020\/10\/Berceuses.jpg&#8221; title_text=&#8221;ninne nanne&#8221; _builder_version=&#8221;4.16&#8243; _module_preset=&#8221;default&#8221; width=&#8221;70%&#8221; global_colors_info=&#8221;{}&#8221;][\/et_pb_image][et_pb_text _builder_version=&#8221;4.16&#8243; _module_preset=&#8221;default&#8221; global_colors_info=&#8221;{}&#8221;]<\/p>\n<h6 class=\"p1\"><span style=\"color: #999999;\">Lullabies<\/span><\/h6>\n<h6 class=\"p1\"><span style=\"color: #999999;\">Sep 2020<\/span><\/h6>\n<p>[\/et_pb_text][\/et_pb_column][\/et_pb_row][et_pb_row _builder_version=&#8221;4.16&#8243; _module_preset=&#8221;default&#8221; min_height=&#8221;68px&#8221; global_colors_info=&#8221;{}&#8221;][et_pb_column type=&#8221;4_4&#8243; _builder_version=&#8221;4.16&#8243; _module_preset=&#8221;default&#8221; global_colors_info=&#8221;{}&#8221;][et_pb_divider divider_style=&#8221;groove&#8221; _builder_version=&#8221;4.16&#8243; _module_preset=&#8221;default&#8221; global_colors_info=&#8221;{}&#8221;][\/et_pb_divider][\/et_pb_column][\/et_pb_row][\/et_pb_section]<\/p>\n","protected":false},"excerpt":{"rendered":"<p>Libreria Audio volume 7 : misure binarie da Fran\u00e7oise Lombar La GUIDA PEDAGOGICA \u00e8 inclusa nell&#8217;acquisto del volume.Contiene spiegazioni e suggerimenti per lo sviluppo pedagogico di ogni branomusicale.CONTENUTO EDUCATIVO DELLA TRACCIA 6 della guida Questo breve brano a due tempi sottolinea la semplicit\u00e0 dei movimenti binari. Ilnumero &#8220;due&#8221; qui rappresenta sia il numero di battiti [&hellip;]<\/p>\n","protected":false},"author":1,"featured_media":0,"parent":0,"menu_order":0,"comment_status":"closed","ping_status":"closed","template":"","meta":{"_et_pb_use_builder":"on","_et_pb_old_content":"","_et_gb_content_width":"","footnotes":""},"class_list":["post-4723","page","type-page","status-publish","hentry"],"_links":{"self":[{"href":"https:\/\/stareyesmusiceducation.com\/it\/wp-json\/wp\/v2\/pages\/4723","targetHints":{"allow":["GET"]}}],"collection":[{"href":"https:\/\/stareyesmusiceducation.com\/it\/wp-json\/wp\/v2\/pages"}],"about":[{"href":"https:\/\/stareyesmusiceducation.com\/it\/wp-json\/wp\/v2\/types\/page"}],"author":[{"embeddable":true,"href":"https:\/\/stareyesmusiceducation.com\/it\/wp-json\/wp\/v2\/users\/1"}],"replies":[{"embeddable":true,"href":"https:\/\/stareyesmusiceducation.com\/it\/wp-json\/wp\/v2\/comments?post=4723"}],"version-history":[{"count":9,"href":"https:\/\/stareyesmusiceducation.com\/it\/wp-json\/wp\/v2\/pages\/4723\/revisions"}],"predecessor-version":[{"id":4767,"href":"https:\/\/stareyesmusiceducation.com\/it\/wp-json\/wp\/v2\/pages\/4723\/revisions\/4767"}],"wp:attachment":[{"href":"https:\/\/stareyesmusiceducation.com\/it\/wp-json\/wp\/v2\/media?parent=4723"}],"curies":[{"name":"wp","href":"https:\/\/api.w.org\/{rel}","templated":true}]}}