{"id":4748,"date":"2024-12-11T19:35:45","date_gmt":"2024-12-12T00:35:45","guid":{"rendered":"https:\/\/stareyesmusiceducation.com\/volume-8-misure-ternarie\/"},"modified":"2024-12-16T13:22:03","modified_gmt":"2024-12-16T18:22:03","slug":"volume-8-misure-ternarie","status":"publish","type":"page","link":"https:\/\/stareyesmusiceducation.com\/it\/volume-8-misure-ternarie\/","title":{"rendered":"VOLUME 8 : misure ternarie"},"content":{"rendered":"<p>[et_pb_section fb_built=&#8221;1&#8243; next_background_color=&#8221;#ffffff&#8221; _builder_version=&#8221;4.16&#8243; _module_preset=&#8221;default&#8221; background_image=&#8221;https:\/\/stareyesmusiceducation.com\/wp-content\/uploads\/2020\/10\/cielback.png&#8221; module_alignment=&#8221;center&#8221; height=&#8221;3691px&#8221; custom_margin=&#8221;||1009px|||&#8221; custom_padding=&#8221;||1011px|||&#8221; bottom_divider_style=&#8221;waves2&#8243; global_colors_info=&#8221;{}&#8221;][et_pb_row column_structure=&#8221;1_2,1_2&#8243; _builder_version=&#8221;4.16&#8243; _module_preset=&#8221;default&#8221; max_width=&#8221;1200px&#8221; custom_padding=&#8221;||9px|||&#8221; global_colors_info=&#8221;{}&#8221;][et_pb_column type=&#8221;1_2&#8243; _builder_version=&#8221;4.16&#8243; _module_preset=&#8221;default&#8221; global_colors_info=&#8221;{}&#8221;][et_pb_text _builder_version=&#8221;4.19.4&#8243; _module_preset=&#8221;default&#8221; text_text_color=&#8221;#FFFFFF&#8221; global_colors_info=&#8221;{}&#8221;]<\/p>\n<h1><span style=\"color: #ffffff;\">Libreria Audio volume 8 : misure ternarie<\/span><\/h1>\n<h3 class=\"p1\"><span style=\"color: #ffffff;\">da Fran\u00e7oise Lombard<\/span><\/h3>\n<p>&nbsp;<\/p>\n<h2 class=\"p1\"><span style=\"color: #ffffff;\">La GUIDA PEDAGOGICA \u00e8 inclusa nell&#8217;acquisto del volume.<\/span><\/p>\n<p><span style=\"color: #ffffff;\">Contiene spiegazioni e suggerimenti per lo sviluppo pedagogico di ogni brano<\/span><br \/><span style=\"color: #ffffff;\">musicale.<\/span><\/h2>\n<p>[\/et_pb_text][et_pb_button button_url=&#8221;https:\/\/stareyesmusiceducation.com\/product\/libreria-audio-volume-8-misure-ternarie&#8221; button_text=&#8221;COMPRARE VOLUME 8&#8243; _builder_version=&#8221;4.27.4&#8243; _module_preset=&#8221;default&#8221; background_layout=&#8221;dark&#8221; custom_margin=&#8221;||17px|||&#8221; global_colors_info=&#8221;{}&#8221;][\/et_pb_button][et_pb_image src=&#8221;https:\/\/stareyesmusiceducation.com\/wp-content\/uploads\/2024\/12\/Libreria8.jpg&#8221; title_text=&#8221;Libreria8&#8243; url=&#8221;https:\/\/stareyesmusiceducation.com\/product\/libreria-audio-volume-8-misure-ternarie&#8221; _builder_version=&#8221;4.27.4&#8243; _module_preset=&#8221;default&#8221; height=&#8221;233px&#8221; global_colors_info=&#8221;{}&#8221;][\/et_pb_image][\/et_pb_column][et_pb_column type=&#8221;1_2&#8243; _builder_version=&#8221;4.16&#8243; _module_preset=&#8221;default&#8221; global_colors_info=&#8221;{}&#8221;][et_pb_video src=&#8221;https:\/\/vimeo.com\/682874542?share=copy#t=0&#8243; _builder_version=&#8221;4.27.4&#8243; _module_preset=&#8221;default&#8221; hover_enabled=&#8221;0&#8243; sticky_enabled=&#8221;0&#8243;][\/et_pb_video][\/et_pb_column][\/et_pb_row][et_pb_row column_structure=&#8221;1_2,1_4,1_4&#8243; _builder_version=&#8221;4.16&#8243; _module_preset=&#8221;default&#8221; width=&#8221;100%&#8221; max_width=&#8221;1200px&#8221; custom_padding=&#8221;16px||0px|||&#8221; global_colors_info=&#8221;{}&#8221;][et_pb_column type=&#8221;1_2&#8243; _builder_version=&#8221;4.16&#8243; _module_preset=&#8221;default&#8221; global_colors_info=&#8221;{}&#8221;][et_pb_audio audio=&#8221;https:\/\/stareyesmusiceducation.com\/wp-content\/uploads\/2023\/01\/1.-68-beat-and-division.mp3&#8243; title=&#8221;1. 6\/8 tempi e suddivisione&#8221; _builder_version=&#8221;4.19.4&#8243; _module_preset=&#8221;default&#8221; title_level=&#8221;h3&#8243; title_text_color=&#8221;#ffffff&#8221; title_font_size=&#8221;18px&#8221; title_line_height=&#8221;1em&#8221; caption_line_height=&#8221;1em&#8221; background_color=&#8221;rgba(0,0,0,0)&#8221; background_enable_image=&#8221;off&#8221; text_orientation=&#8221;left&#8221; width=&#8221;100%&#8221; max_width=&#8221;100%&#8221; module_alignment=&#8221;left&#8221; min_height=&#8221;100px&#8221; height=&#8221;100px&#8221; max_height=&#8221;100px&#8221; custom_margin=&#8221;0px||0px|0px|false|false&#8221; custom_padding=&#8221;0px||0px|0px|false|false&#8221; animation_style=&#8221;fade&#8221; box_shadow_style=&#8221;preset3&#8243; locked=&#8221;off&#8221; global_colors_info=&#8221;{}&#8221; width__hover_enabled=&#8221;on|desktop&#8221; width__hover=&#8221;100%&#8221;][\/et_pb_audio][et_pb_audio audio=&#8221;https:\/\/stareyesmusiceducation.com\/wp-content\/uploads\/2023\/01\/2.-98-beat-and-division.mp3&#8243; title=&#8221;2. 9\/8 tempi e suddivisione&#8221; _builder_version=&#8221;4.19.4&#8243; _module_preset=&#8221;default&#8221; title_level=&#8221;h3&#8243; title_text_color=&#8221;#ffffff&#8221; title_font_size=&#8221;18px&#8221; title_line_height=&#8221;1em&#8221; caption_line_height=&#8221;1em&#8221; background_color=&#8221;rgba(0,0,0,0)&#8221; background_enable_image=&#8221;off&#8221; text_orientation=&#8221;left&#8221; width=&#8221;100%&#8221; max_width=&#8221;100%&#8221; module_alignment=&#8221;left&#8221; min_height=&#8221;100px&#8221; height=&#8221;100px&#8221; max_height=&#8221;100px&#8221; custom_margin=&#8221;0px||0px|0px|false|false&#8221; custom_padding=&#8221;0px||0px|0px|false|false&#8221; animation_style=&#8221;fade&#8221; box_shadow_style=&#8221;preset3&#8243; locked=&#8221;off&#8221; global_colors_info=&#8221;{}&#8221; width__hover_enabled=&#8221;on|desktop&#8221; width__hover=&#8221;100%&#8221;][\/et_pb_audio][et_pb_audio audio=&#8221;https:\/\/stareyesmusiceducation.com\/wp-content\/uploads\/2023\/01\/3.-98-playing-with-repeated-rhythms.mp3&#8243; title=&#8221;3. 9\/8 giocare con ritmi ripetuti&#8221; _builder_version=&#8221;4.19.4&#8243; _module_preset=&#8221;default&#8221; title_level=&#8221;h3&#8243; title_text_color=&#8221;#ffffff&#8221; title_font_size=&#8221;18px&#8221; title_line_height=&#8221;1em&#8221; caption_line_height=&#8221;1em&#8221; background_color=&#8221;rgba(0,0,0,0)&#8221; background_enable_image=&#8221;off&#8221; text_orientation=&#8221;left&#8221; width=&#8221;100%&#8221; max_width=&#8221;100%&#8221; module_alignment=&#8221;left&#8221; min_height=&#8221;100px&#8221; height=&#8221;100px&#8221; max_height=&#8221;100px&#8221; custom_margin=&#8221;0px||0px|0px|false|false&#8221; custom_padding=&#8221;0px||0px|0px|false|false&#8221; animation_style=&#8221;fade&#8221; box_shadow_style=&#8221;preset3&#8243; locked=&#8221;off&#8221; global_colors_info=&#8221;{}&#8221; width__hover_enabled=&#8221;on|desktop&#8221; width__hover=&#8221;100%&#8221;][\/et_pb_audio][et_pb_audio audio=&#8221;https:\/\/stareyesmusiceducation.com\/wp-content\/uploads\/2023\/01\/4.-measures-of-three-beats-only.mp3&#8243; title=&#8221;4. misure a tre (solo tempi)&#8221; _builder_version=&#8221;4.19.4&#8243; _module_preset=&#8221;default&#8221; title_level=&#8221;h3&#8243; title_text_color=&#8221;#ffffff&#8221; title_font_size=&#8221;18px&#8221; title_line_height=&#8221;1em&#8221; caption_line_height=&#8221;1em&#8221; background_color=&#8221;rgba(0,0,0,0)&#8221; background_enable_image=&#8221;off&#8221; text_orientation=&#8221;left&#8221; width=&#8221;100%&#8221; max_width=&#8221;100%&#8221; module_alignment=&#8221;left&#8221; min_height=&#8221;100px&#8221; height=&#8221;100px&#8221; max_height=&#8221;100px&#8221; custom_margin=&#8221;0px||0px|0px|false|false&#8221; custom_padding=&#8221;0px||0px|0px|false|false&#8221; animation_style=&#8221;fade&#8221; box_shadow_style=&#8221;preset3&#8243; locked=&#8221;off&#8221; global_colors_info=&#8221;{}&#8221; width__hover_enabled=&#8221;on|desktop&#8221; width__hover=&#8221;100%&#8221;][\/et_pb_audio][et_pb_audio audio=&#8221;https:\/\/stareyesmusiceducation.com\/wp-content\/uploads\/2023\/01\/5.-98-repeat-the-division.mp3&#8243; title=&#8221;5. 9\/8 ripetere la suddivisione&#8221; _builder_version=&#8221;4.19.4&#8243; _module_preset=&#8221;default&#8221; title_level=&#8221;h3&#8243; title_text_color=&#8221;#ffffff&#8221; title_font_size=&#8221;18px&#8221; title_line_height=&#8221;1em&#8221; caption_line_height=&#8221;1em&#8221; background_color=&#8221;rgba(0,0,0,0)&#8221; background_enable_image=&#8221;off&#8221; text_orientation=&#8221;left&#8221; width=&#8221;100%&#8221; max_width=&#8221;100%&#8221; module_alignment=&#8221;left&#8221; min_height=&#8221;100px&#8221; height=&#8221;100px&#8221; max_height=&#8221;100px&#8221; custom_margin=&#8221;0px||0px|0px|false|false&#8221; custom_padding=&#8221;0px||0px|0px|false|false&#8221; animation_style=&#8221;fade&#8221; box_shadow_style=&#8221;preset3&#8243; locked=&#8221;off&#8221; global_colors_info=&#8221;{}&#8221; width__hover_enabled=&#8221;on|desktop&#8221; width__hover=&#8221;100%&#8221;][\/et_pb_audio][et_pb_audio audio=&#8221;https:\/\/stareyesmusiceducation.com\/wp-content\/uploads\/2023\/01\/6.-128-beat-and-division.mp3&#8243; title=&#8221;6. 12\/8 tempi e suddivisione&#8221; _builder_version=&#8221;4.19.4&#8243; _module_preset=&#8221;default&#8221; title_level=&#8221;h3&#8243; title_text_color=&#8221;#ffffff&#8221; title_font_size=&#8221;18px&#8221; title_line_height=&#8221;1em&#8221; caption_line_height=&#8221;1em&#8221; background_color=&#8221;rgba(0,0,0,0)&#8221; background_enable_image=&#8221;off&#8221; text_orientation=&#8221;left&#8221; width=&#8221;100%&#8221; max_width=&#8221;100%&#8221; module_alignment=&#8221;left&#8221; min_height=&#8221;100px&#8221; height=&#8221;100px&#8221; max_height=&#8221;100px&#8221; custom_margin=&#8221;0px||0px|0px|false|false&#8221; custom_padding=&#8221;0px||0px|0px|false|false&#8221; animation_style=&#8221;fade&#8221; box_shadow_style=&#8221;preset3&#8243; locked=&#8221;off&#8221; global_colors_info=&#8221;{}&#8221; width__hover_enabled=&#8221;on|desktop&#8221; width__hover=&#8221;100%&#8221;][\/et_pb_audio][et_pb_audio audio=&#8221;https:\/\/stareyesmusiceducation.com\/wp-content\/uploads\/2023\/01\/7.-128-beat-and-division-fast-tempo.mp3&#8243; title=&#8221;7. 12\/8 tempi e suddivisione tempo rapido&#8221; _builder_version=&#8221;4.19.4&#8243; _module_preset=&#8221;default&#8221; title_level=&#8221;h3&#8243; title_text_color=&#8221;#ffffff&#8221; title_font_size=&#8221;18px&#8221; title_line_height=&#8221;1em&#8221; caption_line_height=&#8221;1em&#8221; background_color=&#8221;rgba(0,0,0,0)&#8221; background_enable_image=&#8221;off&#8221; text_orientation=&#8221;left&#8221; width=&#8221;100%&#8221; max_width=&#8221;100%&#8221; module_alignment=&#8221;left&#8221; min_height=&#8221;100px&#8221; height=&#8221;100px&#8221; max_height=&#8221;100px&#8221; custom_margin=&#8221;0px||0px|0px|false|false&#8221; custom_padding=&#8221;0px||0px|0px|false|false&#8221; animation_style=&#8221;fade&#8221; box_shadow_style=&#8221;preset3&#8243; locked=&#8221;off&#8221; global_colors_info=&#8221;{}&#8221; width__hover_enabled=&#8221;on|desktop&#8221; width__hover=&#8221;100%&#8221;][\/et_pb_audio][et_pb_audio audio=&#8221;https:\/\/stareyesmusiceducation.com\/wp-content\/uploads\/2023\/01\/8.-compound-time-trochee-follow-the-melody.mp3&#8243; title=&#8221;8. trocaico ternario (seguire la melodia)&#8221; _builder_version=&#8221;4.19.4&#8243; _module_preset=&#8221;default&#8221; title_level=&#8221;h3&#8243; title_text_color=&#8221;#ffffff&#8221; title_font_size=&#8221;18px&#8221; title_line_height=&#8221;1em&#8221; caption_line_height=&#8221;1em&#8221; background_color=&#8221;rgba(0,0,0,0)&#8221; background_enable_image=&#8221;off&#8221; text_orientation=&#8221;left&#8221; width=&#8221;100%&#8221; max_width=&#8221;100%&#8221; module_alignment=&#8221;left&#8221; min_height=&#8221;100px&#8221; height=&#8221;100px&#8221; max_height=&#8221;100px&#8221; custom_margin=&#8221;0px||0px|0px|false|false&#8221; custom_padding=&#8221;0px||0px|0px|false|false&#8221; animation_style=&#8221;fade&#8221; box_shadow_style=&#8221;preset3&#8243; locked=&#8221;off&#8221; global_colors_info=&#8221;{}&#8221; width__hover_enabled=&#8221;on|desktop&#8221; width__hover=&#8221;100%&#8221;][\/et_pb_audio][et_pb_audio audio=&#8221;https:\/\/stareyesmusiceducation.com\/wp-content\/uploads\/2023\/01\/9.-compound-time-iamb-follow-the-melody.mp3&#8243; title=&#8221;9. iambico ternario (seguire la melodia)&#8221; _builder_version=&#8221;4.19.4&#8243; _module_preset=&#8221;default&#8221; title_level=&#8221;h3&#8243; title_text_color=&#8221;#ffffff&#8221; title_font_size=&#8221;18px&#8221; title_line_height=&#8221;1em&#8221; caption_line_height=&#8221;1em&#8221; background_color=&#8221;rgba(0,0,0,0)&#8221; background_enable_image=&#8221;off&#8221; text_orientation=&#8221;left&#8221; width=&#8221;100%&#8221; max_width=&#8221;100%&#8221; module_alignment=&#8221;left&#8221; min_height=&#8221;100px&#8221; height=&#8221;100px&#8221; max_height=&#8221;100px&#8221; custom_margin=&#8221;0px||0px|0px|false|false&#8221; custom_padding=&#8221;0px||0px|0px|false|false&#8221; animation_style=&#8221;fade&#8221; box_shadow_style=&#8221;preset3&#8243; locked=&#8221;off&#8221; global_colors_info=&#8221;{}&#8221; width__hover_enabled=&#8221;on|desktop&#8221; width__hover=&#8221;100%&#8221;][\/et_pb_audio][et_pb_audio audio=&#8221;https:\/\/stareyesmusiceducation.com\/wp-content\/uploads\/2023\/01\/10.-128-rhythmic-and-melodic-dictation.mp3&#8243; title=&#8221;10. 12\/8 dettato ritmico e melodico&#8221; _builder_version=&#8221;4.19.4&#8243; _module_preset=&#8221;default&#8221; title_level=&#8221;h3&#8243; title_text_color=&#8221;#ffffff&#8221; title_font_size=&#8221;18px&#8221; title_line_height=&#8221;1em&#8221; caption_line_height=&#8221;1em&#8221; background_color=&#8221;rgba(0,0,0,0)&#8221; background_enable_image=&#8221;off&#8221; text_orientation=&#8221;left&#8221; width=&#8221;100%&#8221; max_width=&#8221;100%&#8221; module_alignment=&#8221;left&#8221; min_height=&#8221;100px&#8221; height=&#8221;100px&#8221; max_height=&#8221;100px&#8221; custom_margin=&#8221;0px||0px|0px|false|false&#8221; custom_padding=&#8221;0px||0px|0px|false|false&#8221; animation_style=&#8221;fade&#8221; box_shadow_style=&#8221;preset3&#8243; locked=&#8221;off&#8221; global_colors_info=&#8221;{}&#8221; width__hover_enabled=&#8221;on|desktop&#8221; width__hover=&#8221;100%&#8221;][\/et_pb_audio][et_pb_text _builder_version=&#8221;4.19.4&#8243; _module_preset=&#8221;default&#8221; text_text_color=&#8221;#FFFFFF&#8221; global_colors_info=&#8221;{}&#8221;]<\/p>\n<p class=\"p1\">CONTENUTO EDUCATIVO DELLA TRACCIA 10 della guida<br \/>Questo brano \u00e8 composto da brevi ritmi di una misura ciascuno. Ogni ritmo viene suonato tre volte, seguito da un valore di nota di una misura (riposo). Poi, per le successive 4 misure, gli allievi ripetono la melodia appena ascoltata. Ci sono 6 ritmi diversi.<\/p>\n<p class=\"p1\">&#8211; Ascoltare prima l&#8217;intero brano, camminando i tempi e battendo la misura. Segnare ogni misura cambiando direzione.<\/p>\n<p class=\"p1\">&#8211; Camminare sui tempi ascoltando ogni ritmo, poi ripetere le 4 misure cantando.<\/p>\n<p class=\"p1\">&#8211; Continuare a camminare sui tempi e ora battere i ritmi per le misure successive.<\/p>\n<p class=\"p1\">&#8211; Infine, camminare su ogni valore dei primi quattro ritmi e battere quelli degli ultimi due (che sono troppo veloci per camminare).<\/p>\n<p class=\"p1\">&#8211; Ripetere fino a quando si \u00e8 in grado di scrivere questi ritmi sulla lavagna.<\/p>\n<p class=\"p1\">&#8211; Per un livello pi\u00f9 avanzato: improvvisare vocalmente sui ritmi delle 4 misure successive.<\/p>\n<p>&nbsp;<\/p>\n<p class=\"p1\">Livello intermedio o bambini\/adolescenti pi\u00f9 grandi<\/p>\n<p>[\/et_pb_text][et_pb_audio audio=&#8221;https:\/\/stareyesmusiceducation.com\/wp-content\/uploads\/2023\/04\/11.-158-beat-and-division.mp3&#8243; title=&#8221;11. 15\/8 tempi e suddivisione&#8221; _builder_version=&#8221;4.20.4&#8243; _module_preset=&#8221;default&#8221; title_level=&#8221;h3&#8243; title_text_color=&#8221;#ffffff&#8221; title_font_size=&#8221;18px&#8221; title_line_height=&#8221;1em&#8221; caption_line_height=&#8221;1em&#8221; background_color=&#8221;rgba(0,0,0,0)&#8221; background_enable_image=&#8221;off&#8221; text_orientation=&#8221;left&#8221; width=&#8221;100%&#8221; max_width=&#8221;100%&#8221; module_alignment=&#8221;left&#8221; min_height=&#8221;100px&#8221; height=&#8221;100px&#8221; max_height=&#8221;100px&#8221; custom_margin=&#8221;0px||0px|0px|false|false&#8221; custom_padding=&#8221;0px||0px|0px|false|false&#8221; animation_style=&#8221;fade&#8221; box_shadow_style=&#8221;preset3&#8243; locked=&#8221;off&#8221; global_colors_info=&#8221;{}&#8221; width__hover_enabled=&#8221;on|desktop&#8221; width__hover=&#8221;100%&#8221;][\/et_pb_audio][et_pb_text _builder_version=&#8221;4.19.4&#8243; _module_preset=&#8221;default&#8221; text_text_color=&#8221;#FFFFFF&#8221; global_colors_info=&#8221;{}&#8221;]<\/p>\n<p>Questo materiale ha lo scopo di promuovere l\u2019apprendimento della musica attraverso il movimento del corpo, ma non costituisce una formazione<br \/>professionale \u201cmusica e movimento\u201d. Pertanto, il suo utilizzo non autorizza l\u2019uso<br \/>del titolo di insegnante di Dalcroze. Tuttavia, la sperimentazione della Libreria<br \/>potrebbe ispirare e motivare una persona a perseguire una formazione pi\u00f9<br \/>avanzata di Ritmica Dalcroze, con la possibilit\u00e0 di ottenere, dopo diversi anni di<br \/>studio, il riconoscimento professionale.<\/p>\n<p>[\/et_pb_text][et_pb_text _builder_version=&#8221;4.19.4&#8243; _module_preset=&#8221;default&#8221; text_text_color=&#8221;#FFFFFF&#8221; global_colors_info=&#8221;{}&#8221;]<\/p>\n<p><strong>Improvisations : Fran\u00e7oise Lombard<\/strong><strong><br \/>\u00a9 Les \u00c9ditions Adragante, Canada<\/strong><\/p>\n<p><strong>Recording : Michel Comeau, Northmount Studio, Montreal<br \/><\/strong><strong>Mastering : TrueSound Louis Morneau<br \/><\/strong><strong>Cover photos : David Tucker\u00a0 \u00a0 \u00a9 ICDS<br \/><\/strong><strong>Cover photos :\u00a0Michel Comeau\u00a0 \u00a0 \u00a9 Dalcroze Canada<br \/><\/strong><strong>Cover graphic design : Michel Comeau<\/strong><\/p>\n<p>[\/et_pb_text][\/et_pb_column][et_pb_column type=&#8221;1_4&#8243; _builder_version=&#8221;4.16&#8243; _module_preset=&#8221;default&#8221; global_colors_info=&#8221;{}&#8221;][et_pb_text _builder_version=&#8221;4.27.4&#8243; _module_preset=&#8221;default&#8221; text_text_color=&#8221;#FFFFFF&#8221; hover_enabled=&#8221;0&#8243; global_colors_info=&#8221;{}&#8221; sticky_enabled=&#8221;0&#8243;]<\/p>\n<p>Ogni brano di questo volume tratta un tipo di misura alla volta. La suddivisione ternaria esprime una certa qualit\u00e0 di rotondit\u00e0 e rimbalzo. Tuttavia, come per le misure binarie, l&#8217;esperienza della misura a due tempi \u00e8 molto diversa da quella della misura a 3, 4 o 5 tempi.<br \/>Esercitandosi sui volumi 7 e 8, l\u2019allievo acquisisce una buona padronanza delle misure binarie e ternarie. Il quarto brano, in cui si ascoltano solo i tempi, permette all\u2019allievo di alternare queste due suddivisioni all&#8217;interno dello stesso brano.<\/p>\n<p>Le et\u00e0 indicate sono approssimative. Abbiamo orientato gli esercizi didattici verso un livello di comprensione che va dai 7 anni in su. Tuttavia, ogni brano pu\u00f2 essere affrontato in modo molto semplice e sviluppato in progressione verso una maggiore complessit\u00e0. La musica a 6\/8 &#8211; come il primo brano di questo volume &#8211; si presta naturalmente al movimento oscillante per i bambini pi\u00f9 piccoli.<\/p>\n<p>[\/et_pb_text][\/et_pb_column][et_pb_column type=&#8221;1_4&#8243; _builder_version=&#8221;4.16&#8243; _module_preset=&#8221;default&#8221; global_colors_info=&#8221;{}&#8221;][et_pb_text _builder_version=&#8221;4.27.4&#8243; _module_preset=&#8221;default&#8221; text_text_color=&#8221;#FFFFFF&#8221; hover_enabled=&#8221;0&#8243; global_colors_info=&#8221;{}&#8221; sticky_enabled=&#8221;0&#8243;]<\/p>\n<p>Gli incontri pedagogici sull&#8217;uso di ogni volume offrono la possibilit\u00e0 di adattare le nostre proposte pedagogiche al contesto degli insegnanti.<\/p>\n<p class=\"p1\">Ogni volume \u00e8 stato realizzato da insegnanti e musicisti professionisti altamente qualificati.<\/p>\n<p class=\"p1\">FRAN\u00c7OISE LOMBARD<b> <\/b>(creazione del progetto, improvvisazioni, guida pedagogica)<br \/>CHENG-FENG LIN<b> <\/b>(Canada),<br \/>LISA PARKER (USA)<b>,<br \/><\/b>MARY BRICE<b> <\/b>(Svizzera), colleghi internazionali Dalcroze che hanno contribuito alla realizzazione del progetto mediante la loro partecipazione al contenuto educativo.<\/p>\n<p class=\"p1\">Registrazione : Studio Northmount, Montreal<br \/>Direzione artistica : Michel Comeau<br \/>Masterizzazione : Louis Morneau<br \/>Produzione : Stareyes inc.<br \/>Edizione : \u00a9 Les \u00c9ditions<br \/>Adragante\/SOCAN<br \/>Tutti diritti riservati<\/p>\n<p class=\"p1\">Stareyes Productions inc. \u00e8 stata fondata a Montreal nel 1986 da due artisti multidisciplinari Michel Comeau e Fran\u00e7oise Lombard. Le loro produzioni audiovisive ci concentrano sull\u2019educazione, la pedagogia musicale, le relazioni e l\u2019ascolto.<\/p>\n<p>&nbsp;<\/p>\n<p>&nbsp;<\/p>\n<p>[\/et_pb_text][et_pb_image src=&#8221;https:\/\/stareyesmusiceducation.com\/wp-content\/uploads\/2020\/10\/Osteophonic.jpg&#8221; title_text=&#8221;voci osteofoniche&#8221; _builder_version=&#8221;4.16&#8243; _module_preset=&#8221;default&#8221; width=&#8221;70%&#8221; global_colors_info=&#8221;{}&#8221;][\/et_pb_image][et_pb_text _builder_version=&#8221;4.16&#8243; _module_preset=&#8221;default&#8221; global_colors_info=&#8221;{}&#8221;]<\/p>\n<h6 class=\"p1\"><span style=\"color: #999999;\">&#8220;resonance&#8221; osteophonic voices<\/span><\/h6>\n<h6 class=\"p1\"><span style=\"color: #999999;\">May 2020<\/span><\/h6>\n<p>[\/et_pb_text][et_pb_image src=&#8221;https:\/\/stareyesmusiceducation.com\/wp-content\/uploads\/2020\/10\/Berceuses.jpg&#8221; title_text=&#8221;ninne nanne&#8221; _builder_version=&#8221;4.16&#8243; _module_preset=&#8221;default&#8221; width=&#8221;70%&#8221; global_colors_info=&#8221;{}&#8221;][\/et_pb_image][et_pb_text _builder_version=&#8221;4.16&#8243; _module_preset=&#8221;default&#8221; global_colors_info=&#8221;{}&#8221;]<\/p>\n<h6 class=\"p1\"><span style=\"color: #999999;\">Lullabies<\/span><\/h6>\n<h6 class=\"p1\"><span style=\"color: #999999;\">Sep 2020<\/span><\/h6>\n<p>[\/et_pb_text][\/et_pb_column][\/et_pb_row][et_pb_row _builder_version=&#8221;4.16&#8243; _module_preset=&#8221;default&#8221; min_height=&#8221;68px&#8221; global_colors_info=&#8221;{}&#8221;][et_pb_column type=&#8221;4_4&#8243; _builder_version=&#8221;4.16&#8243; _module_preset=&#8221;default&#8221; global_colors_info=&#8221;{}&#8221;][et_pb_divider divider_style=&#8221;groove&#8221; _builder_version=&#8221;4.16&#8243; _module_preset=&#8221;default&#8221; global_colors_info=&#8221;{}&#8221;][\/et_pb_divider][\/et_pb_column][\/et_pb_row][\/et_pb_section]<\/p>\n","protected":false},"excerpt":{"rendered":"<p>Libreria Audio volume 8 : misure ternarie da Fran\u00e7oise Lombard &nbsp; La GUIDA PEDAGOGICA \u00e8 inclusa nell&#8217;acquisto del volume.Contiene spiegazioni e suggerimenti per lo sviluppo pedagogico di ogni branomusicale.CONTENUTO EDUCATIVO DELLA TRACCIA 10 della guidaQuesto brano \u00e8 composto da brevi ritmi di una misura ciascuno. Ogni ritmo viene suonato tre volte, seguito da un valore [&hellip;]<\/p>\n","protected":false},"author":1,"featured_media":0,"parent":0,"menu_order":0,"comment_status":"closed","ping_status":"closed","template":"","meta":{"_et_pb_use_builder":"on","_et_pb_old_content":"","_et_gb_content_width":"","footnotes":""},"class_list":["post-4748","page","type-page","status-publish","hentry"],"_links":{"self":[{"href":"https:\/\/stareyesmusiceducation.com\/it\/wp-json\/wp\/v2\/pages\/4748","targetHints":{"allow":["GET"]}}],"collection":[{"href":"https:\/\/stareyesmusiceducation.com\/it\/wp-json\/wp\/v2\/pages"}],"about":[{"href":"https:\/\/stareyesmusiceducation.com\/it\/wp-json\/wp\/v2\/types\/page"}],"author":[{"embeddable":true,"href":"https:\/\/stareyesmusiceducation.com\/it\/wp-json\/wp\/v2\/users\/1"}],"replies":[{"embeddable":true,"href":"https:\/\/stareyesmusiceducation.com\/it\/wp-json\/wp\/v2\/comments?post=4748"}],"version-history":[{"count":10,"href":"https:\/\/stareyesmusiceducation.com\/it\/wp-json\/wp\/v2\/pages\/4748\/revisions"}],"predecessor-version":[{"id":4765,"href":"https:\/\/stareyesmusiceducation.com\/it\/wp-json\/wp\/v2\/pages\/4748\/revisions\/4765"}],"wp:attachment":[{"href":"https:\/\/stareyesmusiceducation.com\/it\/wp-json\/wp\/v2\/media?parent=4748"}],"curies":[{"name":"wp","href":"https:\/\/api.w.org\/{rel}","templated":true}]}}