{"id":1682,"date":"2020-12-17T19:35:46","date_gmt":"2020-12-18T00:35:46","guid":{"rendered":"https:\/\/stareyesmusiceducation.com\/product\/bleu\/"},"modified":"2021-02-24T20:40:15","modified_gmt":"2021-02-25T01:40:15","slug":"blue","status":"publish","type":"product","link":"https:\/\/stareyesmusiceducation.com\/it\/prodotto\/blue\/","title":{"rendered":"BLUE"},"content":{"rendered":"<p>[et_pb_section fb_built=&#8221;1&#8243; _builder_version=&#8221;3.22&#8243; custom_padding=&#8221;0px||||false|false&#8221;][et_pb_row _builder_version=&#8221;3.25&#8243; background_size=&#8221;initial&#8221; background_position=&#8221;top_left&#8221; background_repeat=&#8221;repeat&#8221; width=&#8221;100%&#8221; custom_padding=&#8221;0px||0px||false|false&#8221;][et_pb_column type=&#8221;4_4&#8243; _builder_version=&#8221;3.25&#8243; custom_padding=&#8221;|||&#8221; custom_padding__hover=&#8221;|||&#8221;][et_pb_wc_breadcrumb _builder_version=&#8221;3.0.47&#8243;][\/et_pb_wc_breadcrumb][et_pb_wc_cart_notice _builder_version=&#8221;3.0.47&#8243;][\/et_pb_wc_cart_notice][\/et_pb_column][\/et_pb_row][et_pb_row column_structure=&#8221;1_2,1_2&#8243; _builder_version=&#8221;3.25&#8243; background_size=&#8221;initial&#8221; background_position=&#8221;top_left&#8221; background_repeat=&#8221;repeat&#8221; width=&#8221;100%&#8221; custom_padding=&#8221;0px||||false|false&#8221;][et_pb_column type=&#8221;1_2&#8243; _builder_version=&#8221;3.25&#8243; custom_padding=&#8221;|||&#8221; custom_padding__hover=&#8221;|||&#8221;][et_pb_wc_images _builder_version=&#8221;3.0.47&#8243;][\/et_pb_wc_images][\/et_pb_column][et_pb_column type=&#8221;1_2&#8243; _builder_version=&#8221;3.25&#8243; custom_padding=&#8221;|||&#8221; custom_padding__hover=&#8221;|||&#8221;][et_pb_wc_title _builder_version=&#8221;3.0.47&#8243;][\/et_pb_wc_title][et_pb_wc_rating _builder_version=&#8221;4.8.1&#8243;][\/et_pb_wc_rating][et_pb_wc_price _builder_version=&#8221;3.0.47&#8243;][\/et_pb_wc_price][et_pb_wc_description _builder_version=&#8221;3.0.47&#8243;][\/et_pb_wc_description][et_pb_wc_add_to_cart show_quantity=&#8221;off&#8221; show_stock=&#8221;off&#8221; _builder_version=&#8221;4.8.1&#8243; custom_button=&#8221;on&#8221; button_text_color=&#8221;#0C71C3&#8243; button_bg_color=&#8221;RGBA(0,0,0,0)&#8221; button_border_color=&#8221;#0C71C3&#8243; button_letter_spacing=&#8221;0px&#8221; button_icon=&#8221;%%0%%&#8221; button_icon_placement=&#8221;left&#8221; animation_style=&#8221;fade&#8221;][\/et_pb_wc_add_to_cart][et_pb_wc_meta _builder_version=&#8221;3.0.47&#8243;][\/et_pb_wc_meta][\/et_pb_column][\/et_pb_row][et_pb_row _builder_version=&#8221;3.25&#8243; background_size=&#8221;initial&#8221; background_position=&#8221;top_left&#8221; background_repeat=&#8221;repeat&#8221; width=&#8221;100%&#8221;][et_pb_column type=&#8221;4_4&#8243; _builder_version=&#8221;3.25&#8243; custom_padding=&#8221;|||&#8221; custom_padding__hover=&#8221;|||&#8221;][et_pb_wc_tabs _builder_version=&#8221;3.0.47&#8243;]\t\t\t\t\t[\/et_pb_wc_tabs][et_pb_wc_upsells _builder_version=&#8221;3.0.47&#8243;][\/et_pb_wc_upsells][et_pb_wc_related_products _builder_version=&#8221;3.0.47&#8243;][\/et_pb_wc_related_products][\/et_pb_column][\/et_pb_row][\/et_pb_section]<\/p>\n","protected":false},"excerpt":{"rendered":"<h3>I prezzi sono in dollari USA<\/h3>\n<p>Incontro improvvisato tra un\u2019artista e il suo strumento<\/p>\n<p class=\"p1\">&#8220;Andare incontro ai suoi ricordi pi\u00f9 cari. Convogliare i suoi sensi, aprire un percorso sensibile alla voce interiore. Il pianoforte \u00e8 l\u00ec che aspetta, sempre disponibile. Accarezzandolo, sfiorandolo, tastandolo, risponde immediatamente con le sue risonanze, da quelle eteree e celestiali a quelle pi\u00f9 calde e profonde. Per poi avventurarsi un po&#8217; pi\u00f9 in l\u00e0, in una sorte di dialogo tra l\u2019anima e lo strumento: chi, tra l\u2019uomo e il pianoforte aprir\u00e0 per primo il diario dei ricordi per rivivere senza pudori i giorni pi\u00f9 spensierati come quelli pi\u00f9 malinconici? Compagno di vita, testimone ed eco del mio passato, il pianoforte mi d\u00e0 accesso a una libert\u00e0 di espressione che va oltre le parole.<br \/>\nQuesta proposta musicale \u00e8 un invito a lasciarvi cullare da armonie che forse toccheranno anche le vostre corde pi\u00f9 sensibili.&#8221;<\/p>\n<p style=\"text-align: right;\"><em>Fran\u00e7oise Lombard<\/em><\/p>\n","protected":false},"featured_media":1676,"comment_status":"open","ping_status":"closed","template":"","meta":{"_et_pb_use_builder":"on","_et_pb_old_content":"","_et_gb_content_width":""},"product_cat":[161],"product_tag":[],"class_list":{"0":"post-1682","1":"product","2":"type-product","3":"status-publish","4":"has-post-thumbnail","6":"product_cat-musica","8":"first","9":"instock","10":"downloadable","11":"virtual","12":"purchasable","13":"product-type-simple"},"_links":{"self":[{"href":"https:\/\/stareyesmusiceducation.com\/it\/wp-json\/wp\/v2\/product\/1682","targetHints":{"allow":["GET"]}}],"collection":[{"href":"https:\/\/stareyesmusiceducation.com\/it\/wp-json\/wp\/v2\/product"}],"about":[{"href":"https:\/\/stareyesmusiceducation.com\/it\/wp-json\/wp\/v2\/types\/product"}],"replies":[{"embeddable":true,"href":"https:\/\/stareyesmusiceducation.com\/it\/wp-json\/wp\/v2\/comments?post=1682"}],"wp:featuredmedia":[{"embeddable":true,"href":"https:\/\/stareyesmusiceducation.com\/it\/wp-json\/wp\/v2\/media\/1676"}],"wp:attachment":[{"href":"https:\/\/stareyesmusiceducation.com\/it\/wp-json\/wp\/v2\/media?parent=1682"}],"wp:term":[{"taxonomy":"product_cat","embeddable":true,"href":"https:\/\/stareyesmusiceducation.com\/it\/wp-json\/wp\/v2\/product_cat?post=1682"},{"taxonomy":"product_tag","embeddable":true,"href":"https:\/\/stareyesmusiceducation.com\/it\/wp-json\/wp\/v2\/product_tag?post=1682"}],"curies":[{"name":"wp","href":"https:\/\/api.w.org\/{rel}","templated":true}]}}